{"id":607,"date":"2021-10-20T06:26:38","date_gmt":"2021-10-20T06:26:38","guid":{"rendered":"https:\/\/nobird.com\/?post_type=product&#038;p=607"},"modified":"2025-04-14T13:28:26","modified_gmt":"2025-04-14T13:28:26","slug":"no-birds-oravaeste","status":"publish","type":"product","link":"https:\/\/nobird.com\/?product=no-birds-oravaeste","title":{"rendered":"NO BIRDS -ORAVAESTE"},"content":{"rendered":"<h3 class=\"\" data-start=\"125\" data-end=\"154\"><strong data-start=\"129\" data-end=\"152\">No Birds -oravaeste<\/strong><\/h3>\n<p class=\"\" data-start=\"155\" data-end=\"215\"><strong data-start=\"155\" data-end=\"215\">Suojaa yl\u00e4pohja \u2013 est\u00e4 haittael\u00e4inten p\u00e4\u00e4sy rakenteisiin<\/strong><\/p>\n<p class=\"\" data-start=\"217\" data-end=\"533\"><strong data-start=\"217\" data-end=\"240\">No Birds -oravaeste<\/strong> on tehokas ja huomaamaton ratkaisu, joka est\u00e4\u00e4 oravien ja lintujen p\u00e4\u00e4syn katon yl\u00e4pohjarakenteisiin. Se asennetaan r\u00e4yst\u00e4\u00e4n otsalautaan vesikatteen poimun alle ja sulkee kulkureitin, jota pitkin haittael\u00e4imet muuten p\u00e4\u00e4sisiv\u00e4t aiheuttamaan vahinkoa eristeille, rakenteille ja ilmanvaihdolle.<\/p>\n<h4 class=\"\" data-start=\"535\" data-end=\"573\">Miksi valita No Birds -oravaeste?<\/h4>\n<p class=\"\" data-start=\"575\" data-end=\"967\">\u2705 <strong data-start=\"577\" data-end=\"636\">Est\u00e4\u00e4 tehokkaasti oravien ja lintujen p\u00e4\u00e4syn yl\u00e4pohjaan<\/strong><br data-start=\"636\" data-end=\"639\" \/>\u2705 <strong data-start=\"641\" data-end=\"714\">Suojaa eristeet ja rakenteet j\u00e4t\u00f6ksilt\u00e4 ja hajuhaitoilta<\/strong><br data-start=\"714\" data-end=\"717\" \/>\u2705 <strong data-start=\"719\" data-end=\"757\">Valmistettu RTS-jousiter\u00e4slangasta<\/strong> \u2013 kest\u00e4\u00e4 s\u00e4\u00e4ss\u00e4 kuin s\u00e4\u00e4ss\u00e4<br data-start=\"785\" data-end=\"788\" \/>\u2705 <strong data-start=\"790\" data-end=\"849\">Toimii jopa -45 \u00b0C pakkasessa ja +100 \u00b0C kattopinnoilla<\/strong><br data-start=\"849\" data-end=\"852\" \/>\u2705 <strong data-start=\"854\" data-end=\"922\">Helppo asentaa my\u00f6s j\u00e4lkik\u00e4teen \u2013 sopii useimpiin kattomalleihin<\/strong><br data-start=\"922\" data-end=\"925\" \/>\u2705 <strong data-start=\"927\" data-end=\"967\">Pitk\u00e4ik\u00e4inen ja huoltovapaa ratkaisu<\/strong><\/p>\n<h4 class=\"\" data-start=\"969\" data-end=\"1003\">Kest\u00e4v\u00e4 rakenne \u2013 varma suoja<\/h4>\n<p class=\"\" data-start=\"1005\" data-end=\"1236\">No Birds -oravaeste on valmistettu eritt\u00e4in lujasta RTS-jousiter\u00e4slangasta, joka kest\u00e4\u00e4 vuosikymmeni\u00e4 ilman muodonmuutoksia tai ruostumista. T\u00e4m\u00e4 tekee siit\u00e4 ihanteellisen ratkaisun niin uudiskohteisiin kuin vanhoihin rakennuksiin.<\/p>\n<h4 class=\"\" data-start=\"1238\" data-end=\"1257\">Helppo asennus<\/h4>\n<p class=\"\" data-start=\"1259\" data-end=\"1484\">Kiinnitys tapahtuu helposti ruostumattomilla RST-ruuveilla tai muilla kohteeseen sopivilla kiinnitystarvikkeilla. T\u00e4rkeint\u00e4 on, ett\u00e4 my\u00f6s kiinnikkeet ovat yht\u00e4 laadukkaita kuin itse este \u2013 n\u00e4in varmistat pitk\u00e4aikaisen suojan.<\/p>\n<p class=\"\" data-start=\"1486\" data-end=\"1536\"><strong data-start=\"1486\" data-end=\"1536\">No Birds -oravaeste \u2013 pieni este, suuri suoja.<\/strong><\/p>\n<h2><span style=\"color: #ff0000;\"><a style=\"color: #ff0000;\" href=\"https:\/\/nobird.com\/wp-content\/uploads\/2025\/03\/No-Birds-Oravaeste-2025.pdf\">RT-Tuotekortti<\/a><\/span><\/h2>\n<h2><a href=\"https:\/\/nobird.com\/?page_id=153\"><strong>Pyyd\u00e4 lis\u00e4tietoja!<\/strong><\/a><\/h2>\n","protected":false},"excerpt":{"rendered":"<p>MODEL HL 75\/55<br \/>\nMateriaali RST-jousiter\u00e4s<br \/>\nLeveys 75 mm<br \/>\nKorkeus 55 mm<br \/>\nLangan vahvuus 1,5 mm<\/p>\n<p>Hinta: 2,0 \u20ac \/kpl (Alv 0%)<\/p>\n<div style=\"position: fixed; top: 4px; right: 4px; color: black; background-color: #ffff80; font-family: 'Lucida Console', 'Courier New', Mono; text-align: right; max-width: 600px; font-size: 80%;\"><\/div>\n","protected":false},"featured_media":621,"template":"","meta":[],"product_brand":[],"product_cat":[42],"product_tag":[],"class_list":{"0":"post-607","1":"product","2":"type-product","3":"status-publish","4":"has-post-thumbnail","6":"product_cat-estekiskot","8":"first","9":"instock","10":"taxable","11":"shipping-taxable","12":"purchasable","13":"product-type-simple"},"yoast_head":"<!-- This site is optimized with the Yoast SEO plugin v27.4 - https:\/\/yoast.com\/product\/yoast-seo-wordpress\/ -->\n<title>NO BIRDS -ORAVAESTE - No Birds - Bird Control Products<\/title>\n<meta name=\"robots\" content=\"index, follow, max-snippet:-1, max-image-preview:large, max-video-preview:-1\" \/>\n<link rel=\"canonical\" href=\"https:\/\/nobird.com\/?product=no-birds-oravaeste\" \/>\n<meta property=\"og:locale\" content=\"fi_FI\" \/>\n<meta property=\"og:type\" content=\"article\" \/>\n<meta property=\"og:title\" content=\"NO BIRDS -ORAVAESTE - No Birds - Bird Control Products\" \/>\n<meta property=\"og:description\" content=\"MODEL HL 75\/55 Materiaali RST-jousiter\u00e4s Leveys 75 mm Korkeus 55 mm Langan vahvuus 1,5 mm  Hinta: 2,0 \u20ac \/kpl (Alv 0%)\" \/>\n<meta property=\"og:url\" content=\"https:\/\/nobird.com\/?product=no-birds-oravaeste\" \/>\n<meta property=\"og:site_name\" content=\"No Birds - Bird Control Products\" \/>\n<meta property=\"article:modified_time\" content=\"2025-04-14T13:28:26+00:00\" \/>\n<meta property=\"og:image\" content=\"https:\/\/nobird.com\/wp-content\/uploads\/2021\/10\/raystaskuva-logolla.png\" \/>\n\t<meta property=\"og:image:width\" content=\"984\" \/>\n\t<meta property=\"og:image:height\" content=\"564\" \/>\n\t<meta property=\"og:image:type\" content=\"image\/png\" \/>\n<meta name=\"twitter:card\" content=\"summary_large_image\" \/>\n<meta name=\"twitter:label1\" content=\"Arvioitu lukuaika\" \/>\n\t<meta name=\"twitter:data1\" content=\"2 minuuttia\" \/>\n<script type=\"application\/ld+json\" class=\"yoast-schema-graph\">{\"@context\":\"https:\\\/\\\/schema.org\",\"@graph\":[{\"@type\":\"WebPage\",\"@id\":\"https:\\\/\\\/nobird.com\\\/?product=no-birds-oravaeste\",\"url\":\"https:\\\/\\\/nobird.com\\\/?product=no-birds-oravaeste\",\"name\":\"NO BIRDS -ORAVAESTE - No Birds - Bird Control Products\",\"isPartOf\":{\"@id\":\"https:\\\/\\\/nobird.com\\\/#website\"},\"primaryImageOfPage\":{\"@id\":\"https:\\\/\\\/nobird.com\\\/?product=no-birds-oravaeste#primaryimage\"},\"image\":{\"@id\":\"https:\\\/\\\/nobird.com\\\/?product=no-birds-oravaeste#primaryimage\"},\"thumbnailUrl\":\"https:\\\/\\\/nobird.com\\\/wp-content\\\/uploads\\\/2021\\\/10\\\/raystaskuva-logolla.png\",\"datePublished\":\"2021-10-20T06:26:38+00:00\",\"dateModified\":\"2025-04-14T13:28:26+00:00\",\"breadcrumb\":{\"@id\":\"https:\\\/\\\/nobird.com\\\/?product=no-birds-oravaeste#breadcrumb\"},\"inLanguage\":\"fi\",\"potentialAction\":[{\"@type\":\"ReadAction\",\"target\":[\"https:\\\/\\\/nobird.com\\\/?product=no-birds-oravaeste\"]}]},{\"@type\":\"ImageObject\",\"inLanguage\":\"fi\",\"@id\":\"https:\\\/\\\/nobird.com\\\/?product=no-birds-oravaeste#primaryimage\",\"url\":\"https:\\\/\\\/nobird.com\\\/wp-content\\\/uploads\\\/2021\\\/10\\\/raystaskuva-logolla.png\",\"contentUrl\":\"https:\\\/\\\/nobird.com\\\/wp-content\\\/uploads\\\/2021\\\/10\\\/raystaskuva-logolla.png\",\"width\":984,\"height\":564},{\"@type\":\"BreadcrumbList\",\"@id\":\"https:\\\/\\\/nobird.com\\\/?product=no-birds-oravaeste#breadcrumb\",\"itemListElement\":[{\"@type\":\"ListItem\",\"position\":1,\"name\":\"Home\",\"item\":\"https:\\\/\\\/nobird.com\\\/\"},{\"@type\":\"ListItem\",\"position\":2,\"name\":\"Kauppa\",\"item\":\"https:\\\/\\\/nobird.com\\\/?page_id=868\"},{\"@type\":\"ListItem\",\"position\":3,\"name\":\"NO BIRDS -ORAVAESTE\"}]},{\"@type\":\"WebSite\",\"@id\":\"https:\\\/\\\/nobird.com\\\/#website\",\"url\":\"https:\\\/\\\/nobird.com\\\/\",\"name\":\"No Birds - Bird Control Products\",\"description\":\"\",\"publisher\":{\"@id\":\"https:\\\/\\\/nobird.com\\\/#organization\"},\"potentialAction\":[{\"@type\":\"SearchAction\",\"target\":{\"@type\":\"EntryPoint\",\"urlTemplate\":\"https:\\\/\\\/nobird.com\\\/?s={search_term_string}\"},\"query-input\":{\"@type\":\"PropertyValueSpecification\",\"valueRequired\":true,\"valueName\":\"search_term_string\"}}],\"inLanguage\":\"fi\"},{\"@type\":\"Organization\",\"@id\":\"https:\\\/\\\/nobird.com\\\/#organization\",\"name\":\"No Birds - Bird Control Products\",\"url\":\"https:\\\/\\\/nobird.com\\\/\",\"logo\":{\"@type\":\"ImageObject\",\"inLanguage\":\"fi\",\"@id\":\"https:\\\/\\\/nobird.com\\\/#\\\/schema\\\/logo\\\/image\\\/\",\"url\":\"https:\\\/\\\/nobird.com\\\/wp-content\\\/uploads\\\/2020\\\/09\\\/cropped-logo-2.png\",\"contentUrl\":\"https:\\\/\\\/nobird.com\\\/wp-content\\\/uploads\\\/2020\\\/09\\\/cropped-logo-2.png\",\"width\":282,\"height\":75,\"caption\":\"No Birds - Bird Control Products\"},\"image\":{\"@id\":\"https:\\\/\\\/nobird.com\\\/#\\\/schema\\\/logo\\\/image\\\/\"}}]}<\/script>\n<!-- \/ Yoast SEO plugin. -->","yoast_head_json":{"title":"NO BIRDS -ORAVAESTE - No Birds - Bird Control Products","robots":{"index":"index","follow":"follow","max-snippet":"max-snippet:-1","max-image-preview":"max-image-preview:large","max-video-preview":"max-video-preview:-1"},"canonical":"https:\/\/nobird.com\/?product=no-birds-oravaeste","og_locale":"fi_FI","og_type":"article","og_title":"NO BIRDS -ORAVAESTE - No Birds - Bird Control Products","og_description":"MODEL HL 75\/55 Materiaali RST-jousiter\u00e4s Leveys 75 mm Korkeus 55 mm Langan vahvuus 1,5 mm  Hinta: 2,0 \u20ac \/kpl (Alv 0%)","og_url":"https:\/\/nobird.com\/?product=no-birds-oravaeste","og_site_name":"No Birds - Bird Control Products","article_modified_time":"2025-04-14T13:28:26+00:00","og_image":[{"width":984,"height":564,"url":"https:\/\/nobird.com\/wp-content\/uploads\/2021\/10\/raystaskuva-logolla.png","type":"image\/png"}],"twitter_card":"summary_large_image","twitter_misc":{"Arvioitu lukuaika":"2 minuuttia"},"schema":{"@context":"https:\/\/schema.org","@graph":[{"@type":"WebPage","@id":"https:\/\/nobird.com\/?product=no-birds-oravaeste","url":"https:\/\/nobird.com\/?product=no-birds-oravaeste","name":"NO BIRDS -ORAVAESTE - No Birds - Bird Control Products","isPartOf":{"@id":"https:\/\/nobird.com\/#website"},"primaryImageOfPage":{"@id":"https:\/\/nobird.com\/?product=no-birds-oravaeste#primaryimage"},"image":{"@id":"https:\/\/nobird.com\/?product=no-birds-oravaeste#primaryimage"},"thumbnailUrl":"https:\/\/nobird.com\/wp-content\/uploads\/2021\/10\/raystaskuva-logolla.png","datePublished":"2021-10-20T06:26:38+00:00","dateModified":"2025-04-14T13:28:26+00:00","breadcrumb":{"@id":"https:\/\/nobird.com\/?product=no-birds-oravaeste#breadcrumb"},"inLanguage":"fi","potentialAction":[{"@type":"ReadAction","target":["https:\/\/nobird.com\/?product=no-birds-oravaeste"]}]},{"@type":"ImageObject","inLanguage":"fi","@id":"https:\/\/nobird.com\/?product=no-birds-oravaeste#primaryimage","url":"https:\/\/nobird.com\/wp-content\/uploads\/2021\/10\/raystaskuva-logolla.png","contentUrl":"https:\/\/nobird.com\/wp-content\/uploads\/2021\/10\/raystaskuva-logolla.png","width":984,"height":564},{"@type":"BreadcrumbList","@id":"https:\/\/nobird.com\/?product=no-birds-oravaeste#breadcrumb","itemListElement":[{"@type":"ListItem","position":1,"name":"Home","item":"https:\/\/nobird.com\/"},{"@type":"ListItem","position":2,"name":"Kauppa","item":"https:\/\/nobird.com\/?page_id=868"},{"@type":"ListItem","position":3,"name":"NO BIRDS -ORAVAESTE"}]},{"@type":"WebSite","@id":"https:\/\/nobird.com\/#website","url":"https:\/\/nobird.com\/","name":"No Birds - Bird Control Products","description":"","publisher":{"@id":"https:\/\/nobird.com\/#organization"},"potentialAction":[{"@type":"SearchAction","target":{"@type":"EntryPoint","urlTemplate":"https:\/\/nobird.com\/?s={search_term_string}"},"query-input":{"@type":"PropertyValueSpecification","valueRequired":true,"valueName":"search_term_string"}}],"inLanguage":"fi"},{"@type":"Organization","@id":"https:\/\/nobird.com\/#organization","name":"No Birds - Bird Control Products","url":"https:\/\/nobird.com\/","logo":{"@type":"ImageObject","inLanguage":"fi","@id":"https:\/\/nobird.com\/#\/schema\/logo\/image\/","url":"https:\/\/nobird.com\/wp-content\/uploads\/2020\/09\/cropped-logo-2.png","contentUrl":"https:\/\/nobird.com\/wp-content\/uploads\/2020\/09\/cropped-logo-2.png","width":282,"height":75,"caption":"No Birds - Bird Control Products"},"image":{"@id":"https:\/\/nobird.com\/#\/schema\/logo\/image\/"}}]}},"_links":{"self":[{"href":"https:\/\/nobird.com\/index.php?rest_route=\/wp\/v2\/product\/607","targetHints":{"allow":["GET"]}}],"collection":[{"href":"https:\/\/nobird.com\/index.php?rest_route=\/wp\/v2\/product"}],"about":[{"href":"https:\/\/nobird.com\/index.php?rest_route=\/wp\/v2\/types\/product"}],"wp:featuredmedia":[{"embeddable":true,"href":"https:\/\/nobird.com\/index.php?rest_route=\/wp\/v2\/media\/621"}],"wp:attachment":[{"href":"https:\/\/nobird.com\/index.php?rest_route=%2Fwp%2Fv2%2Fmedia&parent=607"}],"wp:term":[{"taxonomy":"product_brand","embeddable":true,"href":"https:\/\/nobird.com\/index.php?rest_route=%2Fwp%2Fv2%2Fproduct_brand&post=607"},{"taxonomy":"product_cat","embeddable":true,"href":"https:\/\/nobird.com\/index.php?rest_route=%2Fwp%2Fv2%2Fproduct_cat&post=607"},{"taxonomy":"product_tag","embeddable":true,"href":"https:\/\/nobird.com\/index.php?rest_route=%2Fwp%2Fv2%2Fproduct_tag&post=607"}],"curies":[{"name":"wp","href":"https:\/\/api.w.org\/{rel}","templated":true}]}}