{"id":576,"date":"2021-07-01T07:50:07","date_gmt":"2021-07-01T07:50:07","guid":{"rendered":"https:\/\/nobird.com\/?post_type=product&#038;p=576"},"modified":"2025-04-14T13:37:04","modified_gmt":"2025-04-14T13:37:04","slug":"bird-deflector-siirrettava-visuaalinen-pelotelaite","status":"publish","type":"product","link":"https:\/\/nobird.com\/?product=bird-deflector-siirrettava-visuaalinen-pelotelaite","title":{"rendered":"Hanhihyrr\u00e4 &#8211; Siirrett\u00e4v\u00e4 visuaalinen pelotelaite"},"content":{"rendered":"<h3 class=\"\" data-start=\"135\" data-end=\"193\"><strong data-start=\"139\" data-end=\"191\">Hanhihyrr\u00e4 \u2013 Siirrett\u00e4v\u00e4 visuaalinen lintupelote<\/strong><\/h3>\n<p class=\"\" data-start=\"194\" data-end=\"268\"><strong data-start=\"194\" data-end=\"268\">Tehokas ja inhimillinen ratkaisu hanhien ja muiden lintujen torjuntaan<\/strong><\/p>\n<p class=\"\" data-start=\"270\" data-end=\"542\"><strong data-start=\"270\" data-end=\"284\">Hanhihyrr\u00e4<\/strong> on siirrett\u00e4v\u00e4 visuaalinen karkotin, joka hy\u00f6dynt\u00e4\u00e4 <strong data-start=\"337\" data-end=\"364\">auringonvaloa ja tuulta<\/strong> luodakseen <strong data-start=\"376\" data-end=\"414\">sokaisevan, h\u00e4iritsev\u00e4n valoilmi\u00f6n<\/strong>. Kiilt\u00e4v\u00e4t pinnat vilkkuvat auringossa ja py\u00f6riv\u00e4 liike simuloi uhkaavaa ymp\u00e4rist\u00f6\u00e4 \u2013 juuri sit\u00e4, mit\u00e4 linnut haluavat v\u00e4ltt\u00e4\u00e4.<\/p>\n<p class=\"\" data-start=\"544\" data-end=\"676\">T\u00e4m\u00e4 moniaistinen \u00e4rsyke pit\u00e4\u00e4 <strong data-start=\"575\" data-end=\"607\">hanhet, lokit ja muut linnut<\/strong> loitolla hoidetuilta alueilta t\u00e4ysin ilman kemikaaleja tai loukkuja.<\/p>\n<h4 class=\"\" data-start=\"678\" data-end=\"700\">Hanhihyrr\u00e4n edut:<\/h4>\n<p class=\"\" data-start=\"702\" data-end=\"1158\">\u2705 <strong data-start=\"704\" data-end=\"726\">Visuaalinen pelote<\/strong> \u2013 h\u00e4ik\u00e4isev\u00e4 valo ja py\u00f6riv\u00e4 liike karkottavat linnut<br data-start=\"780\" data-end=\"783\" \/>\u2705 <strong data-start=\"785\" data-end=\"808\">T\u00e4ysin inhimillinen<\/strong> \u2013 ei vahingoita el\u00e4imi\u00e4<br data-start=\"832\" data-end=\"835\" \/>\u2705 <strong data-start=\"837\" data-end=\"868\">Ei myrkkyj\u00e4 tai kemikaaleja<\/strong> \u2013 turvallinen ihmisille ja ymp\u00e4rist\u00f6lle<br data-start=\"908\" data-end=\"911\" \/>\u2705 <strong data-start=\"913\" data-end=\"952\">Helposti siirrett\u00e4v\u00e4 ja asennettava<\/strong> \u2013 toimii miss\u00e4 tahansa avoimella alueella<br data-start=\"994\" data-end=\"997\" \/>\u2705 <strong data-start=\"999\" data-end=\"1037\">V\u00e4hent\u00e4\u00e4 terveys- ja vastuuriskej\u00e4<\/strong> \u2013 ehk\u00e4isee lintujen mukana tulevia tauteja<br data-start=\"1080\" data-end=\"1083\" \/>\u2705 <strong data-start=\"1085\" data-end=\"1116\">Kehitetty asiakastarpeeseen<\/strong> \u2013 vastaa todellisiin ongelmiin kent\u00e4ll\u00e4<\/p>\n<p class=\"\" data-start=\"1160\" data-end=\"1315\"><strong data-start=\"1160\" data-end=\"1176\">Soveltuu mm.<\/strong> piha-alueille, viljelyksille, puistoihin, golfkentille, satamiin ja lentokenttien l\u00e4heisyyteen \u2013 miss\u00e4 tahansa linnut aiheuttavat haittaa.<\/p>\n<p class=\"\" data-start=\"1317\" data-end=\"1438\">\ud83d\uded2 <strong data-start=\"1320\" data-end=\"1348\">Hinta: 200,00 \u20ac (alv 0%)<\/strong><br data-start=\"1348\" data-end=\"1351\" \/><strong data-start=\"1351\" data-end=\"1438\">Kysy lis\u00e4\u00e4 tai tilaa omasi jo t\u00e4n\u00e4\u00e4n \u2013 helppo ja tehokas tapa torjua lintuhaittoja!<\/strong><\/p>\n","protected":false},"excerpt":{"rendered":"<p class=\"\" data-start=\"128\" data-end=\"180\"><strong data-start=\"128\" data-end=\"180\">Hanhihyrr\u00e4 \u2013 siirrett\u00e4v\u00e4 visuaalinen lintupelote<\/strong><\/p>\n<p class=\"\" data-start=\"182\" data-end=\"396\">Yksinkertainen ja tehokas laite, joka hy\u00f6dynt\u00e4\u00e4 tuulta ja auringonvaloa karkottaakseen hanhet ja muut linnut. Py\u00f6riv\u00e4 liike ja h\u00e4ik\u00e4isev\u00e4 valo \u00e4rsytt\u00e4v\u00e4t ja pelottavat tuholaisia luonnollisesti \u2013 ilman kemikaaleja.<\/p>\n<p class=\"\" data-start=\"398\" data-end=\"507\">\u2705 Visuaalinen pelote<br data-start=\"418\" data-end=\"421\" \/>\u2705 Inhimillinen ja ymp\u00e4rist\u00f6yst\u00e4v\u00e4llinen<br data-start=\"460\" data-end=\"463\" \/>\u2705 Edullinen, kest\u00e4v\u00e4 ja helposti siirrett\u00e4v\u00e4<\/p>\n<p class=\"\" data-start=\"509\" data-end=\"636\"><strong data-start=\"509\" data-end=\"518\">V\u00e4ri:<\/strong> Hopea<br data-start=\"524\" data-end=\"527\" \/><strong data-start=\"527\" data-end=\"542\">Materiaali:<\/strong> Muovi, metalli<br data-start=\"557\" data-end=\"560\" \/><strong data-start=\"560\" data-end=\"582\">Mitat (L x S x K):<\/strong> 31,8 x 24,1 x 24,1 cm<br data-start=\"604\" data-end=\"607\" \/><strong data-start=\"607\" data-end=\"617\">Hinta:<\/strong> 200,00 \u20ac (alv 0 %)<\/p>\n<p>Pyyd\u00e4 lis\u00e4tietoja!<\/p>\n<p>&nbsp;<\/p>\n[video width=\"848\" height=\"478\" mp4=\"https:\/\/nobird.com\/wp-content\/uploads\/2021\/07\/hyrra_video.mp4\"][\/video]\n","protected":false},"featured_media":579,"template":"","meta":[],"product_brand":[],"product_cat":[41],"product_tag":[],"class_list":{"0":"post-576","1":"product","2":"type-product","3":"status-publish","4":"has-post-thumbnail","6":"product_cat-visuaaliset-pelotteet","8":"first","9":"instock","10":"taxable","11":"shipping-taxable","12":"purchasable","13":"product-type-simple"},"yoast_head":"<!-- This site is optimized with the Yoast SEO plugin v27.5 - https:\/\/yoast.com\/product\/yoast-seo-wordpress\/ -->\n<title>Hanhihyrr\u00e4 - Siirrett\u00e4v\u00e4 visuaalinen pelotelaite - No Birds - Bird Control Products<\/title>\n<meta name=\"robots\" content=\"index, follow, max-snippet:-1, max-image-preview:large, max-video-preview:-1\" \/>\n<link rel=\"canonical\" href=\"https:\/\/nobird.com\/?product=bird-deflector-siirrettava-visuaalinen-pelotelaite\" \/>\n<meta property=\"og:locale\" content=\"fi_FI\" \/>\n<meta property=\"og:type\" content=\"article\" \/>\n<meta property=\"og:title\" content=\"Hanhihyrr\u00e4 - Siirrett\u00e4v\u00e4 visuaalinen pelotelaite - No Birds - Bird Control Products\" \/>\n<meta property=\"og:description\" content=\"Hanhihyrr\u00e4 \u2013 siirrett\u00e4v\u00e4 visuaalinen lintupelote Yksinkertainen ja tehokas laite, joka hy\u00f6dynt\u00e4\u00e4 tuulta ja auringonvaloa karkottaakseen hanhet ja muut linnut. Py\u00f6riv\u00e4 liike ja h\u00e4ik\u00e4isev\u00e4 valo \u00e4rsytt\u00e4v\u00e4t ja pelottavat tuholaisia luonnollisesti \u2013 ilman kemikaaleja. \u2705 Visuaalinen pelote\u2705 Inhimillinen ja ymp\u00e4rist\u00f6yst\u00e4v\u00e4llinen\u2705 Edullinen, kest\u00e4v\u00e4 ja helposti siirrett\u00e4v\u00e4 V\u00e4ri: HopeaMateriaali: Muovi, metalliMitat (L x S x K): 31,8 x 24,1 x 24,1 cmHinta: 200,00 \u20ac (alv 0 %) Pyyd\u00e4 lis\u00e4tietoja!  &nbsp;\" \/>\n<meta property=\"og:url\" content=\"https:\/\/nobird.com\/?product=bird-deflector-siirrettava-visuaalinen-pelotelaite\" \/>\n<meta property=\"og:site_name\" content=\"No Birds - Bird Control Products\" \/>\n<meta property=\"article:modified_time\" content=\"2025-04-14T13:37:04+00:00\" \/>\n<meta property=\"og:image\" content=\"https:\/\/nobird.com\/wp-content\/uploads\/2021\/07\/cropped-hi-res-e1582732597623-2020.jpg\" \/>\n\t<meta property=\"og:image:width\" content=\"924\" \/>\n\t<meta property=\"og:image:height\" content=\"924\" \/>\n\t<meta property=\"og:image:type\" content=\"image\/jpeg\" \/>\n<meta name=\"twitter:card\" content=\"summary_large_image\" \/>\n<meta name=\"twitter:label1\" content=\"Arvioitu lukuaika\" \/>\n\t<meta name=\"twitter:data1\" content=\"2 minuuttia\" \/>\n<script type=\"application\/ld+json\" class=\"yoast-schema-graph\">{\"@context\":\"https:\\\/\\\/schema.org\",\"@graph\":[{\"@type\":\"WebPage\",\"@id\":\"https:\\\/\\\/nobird.com\\\/?product=bird-deflector-siirrettava-visuaalinen-pelotelaite\",\"url\":\"https:\\\/\\\/nobird.com\\\/?product=bird-deflector-siirrettava-visuaalinen-pelotelaite\",\"name\":\"Hanhihyrr\u00e4 - Siirrett\u00e4v\u00e4 visuaalinen pelotelaite - No Birds - Bird Control Products\",\"isPartOf\":{\"@id\":\"https:\\\/\\\/nobird.com\\\/#website\"},\"primaryImageOfPage\":{\"@id\":\"https:\\\/\\\/nobird.com\\\/?product=bird-deflector-siirrettava-visuaalinen-pelotelaite#primaryimage\"},\"image\":{\"@id\":\"https:\\\/\\\/nobird.com\\\/?product=bird-deflector-siirrettava-visuaalinen-pelotelaite#primaryimage\"},\"thumbnailUrl\":\"https:\\\/\\\/nobird.com\\\/wp-content\\\/uploads\\\/2021\\\/07\\\/cropped-hi-res-e1582732597623-2020.jpg\",\"datePublished\":\"2021-07-01T07:50:07+00:00\",\"dateModified\":\"2025-04-14T13:37:04+00:00\",\"breadcrumb\":{\"@id\":\"https:\\\/\\\/nobird.com\\\/?product=bird-deflector-siirrettava-visuaalinen-pelotelaite#breadcrumb\"},\"inLanguage\":\"fi\",\"potentialAction\":[{\"@type\":\"ReadAction\",\"target\":[\"https:\\\/\\\/nobird.com\\\/?product=bird-deflector-siirrettava-visuaalinen-pelotelaite\"]}]},{\"@type\":\"ImageObject\",\"inLanguage\":\"fi\",\"@id\":\"https:\\\/\\\/nobird.com\\\/?product=bird-deflector-siirrettava-visuaalinen-pelotelaite#primaryimage\",\"url\":\"https:\\\/\\\/nobird.com\\\/wp-content\\\/uploads\\\/2021\\\/07\\\/cropped-hi-res-e1582732597623-2020.jpg\",\"contentUrl\":\"https:\\\/\\\/nobird.com\\\/wp-content\\\/uploads\\\/2021\\\/07\\\/cropped-hi-res-e1582732597623-2020.jpg\",\"width\":924,\"height\":924},{\"@type\":\"BreadcrumbList\",\"@id\":\"https:\\\/\\\/nobird.com\\\/?product=bird-deflector-siirrettava-visuaalinen-pelotelaite#breadcrumb\",\"itemListElement\":[{\"@type\":\"ListItem\",\"position\":1,\"name\":\"Home\",\"item\":\"https:\\\/\\\/nobird.com\\\/\"},{\"@type\":\"ListItem\",\"position\":2,\"name\":\"Kauppa\",\"item\":\"https:\\\/\\\/nobird.com\\\/?page_id=868\"},{\"@type\":\"ListItem\",\"position\":3,\"name\":\"Hanhihyrr\u00e4 &#8211; Siirrett\u00e4v\u00e4 visuaalinen pelotelaite\"}]},{\"@type\":\"WebSite\",\"@id\":\"https:\\\/\\\/nobird.com\\\/#website\",\"url\":\"https:\\\/\\\/nobird.com\\\/\",\"name\":\"No Birds - Bird Control Products\",\"description\":\"\",\"publisher\":{\"@id\":\"https:\\\/\\\/nobird.com\\\/#organization\"},\"potentialAction\":[{\"@type\":\"SearchAction\",\"target\":{\"@type\":\"EntryPoint\",\"urlTemplate\":\"https:\\\/\\\/nobird.com\\\/?s={search_term_string}\"},\"query-input\":{\"@type\":\"PropertyValueSpecification\",\"valueRequired\":true,\"valueName\":\"search_term_string\"}}],\"inLanguage\":\"fi\"},{\"@type\":\"Organization\",\"@id\":\"https:\\\/\\\/nobird.com\\\/#organization\",\"name\":\"No Birds - Bird Control Products\",\"url\":\"https:\\\/\\\/nobird.com\\\/\",\"logo\":{\"@type\":\"ImageObject\",\"inLanguage\":\"fi\",\"@id\":\"https:\\\/\\\/nobird.com\\\/#\\\/schema\\\/logo\\\/image\\\/\",\"url\":\"https:\\\/\\\/nobird.com\\\/wp-content\\\/uploads\\\/2020\\\/09\\\/cropped-logo-2.png\",\"contentUrl\":\"https:\\\/\\\/nobird.com\\\/wp-content\\\/uploads\\\/2020\\\/09\\\/cropped-logo-2.png\",\"width\":282,\"height\":75,\"caption\":\"No Birds - Bird Control Products\"},\"image\":{\"@id\":\"https:\\\/\\\/nobird.com\\\/#\\\/schema\\\/logo\\\/image\\\/\"}}]}<\/script>\n<!-- \/ Yoast SEO plugin. -->","yoast_head_json":{"title":"Hanhihyrr\u00e4 - Siirrett\u00e4v\u00e4 visuaalinen pelotelaite - No Birds - Bird Control Products","robots":{"index":"index","follow":"follow","max-snippet":"max-snippet:-1","max-image-preview":"max-image-preview:large","max-video-preview":"max-video-preview:-1"},"canonical":"https:\/\/nobird.com\/?product=bird-deflector-siirrettava-visuaalinen-pelotelaite","og_locale":"fi_FI","og_type":"article","og_title":"Hanhihyrr\u00e4 - Siirrett\u00e4v\u00e4 visuaalinen pelotelaite - No Birds - Bird Control Products","og_description":"Hanhihyrr\u00e4 \u2013 siirrett\u00e4v\u00e4 visuaalinen lintupelote Yksinkertainen ja tehokas laite, joka hy\u00f6dynt\u00e4\u00e4 tuulta ja auringonvaloa karkottaakseen hanhet ja muut linnut. Py\u00f6riv\u00e4 liike ja h\u00e4ik\u00e4isev\u00e4 valo \u00e4rsytt\u00e4v\u00e4t ja pelottavat tuholaisia luonnollisesti \u2013 ilman kemikaaleja. \u2705 Visuaalinen pelote\u2705 Inhimillinen ja ymp\u00e4rist\u00f6yst\u00e4v\u00e4llinen\u2705 Edullinen, kest\u00e4v\u00e4 ja helposti siirrett\u00e4v\u00e4 V\u00e4ri: HopeaMateriaali: Muovi, metalliMitat (L x S x K): 31,8 x 24,1 x 24,1 cmHinta: 200,00 \u20ac (alv 0 %) Pyyd\u00e4 lis\u00e4tietoja!  &nbsp;","og_url":"https:\/\/nobird.com\/?product=bird-deflector-siirrettava-visuaalinen-pelotelaite","og_site_name":"No Birds - Bird Control Products","article_modified_time":"2025-04-14T13:37:04+00:00","og_image":[{"width":924,"height":924,"url":"https:\/\/nobird.com\/wp-content\/uploads\/2021\/07\/cropped-hi-res-e1582732597623-2020.jpg","type":"image\/jpeg"}],"twitter_card":"summary_large_image","twitter_misc":{"Arvioitu lukuaika":"2 minuuttia"},"schema":{"@context":"https:\/\/schema.org","@graph":[{"@type":"WebPage","@id":"https:\/\/nobird.com\/?product=bird-deflector-siirrettava-visuaalinen-pelotelaite","url":"https:\/\/nobird.com\/?product=bird-deflector-siirrettava-visuaalinen-pelotelaite","name":"Hanhihyrr\u00e4 - Siirrett\u00e4v\u00e4 visuaalinen pelotelaite - No Birds - Bird Control Products","isPartOf":{"@id":"https:\/\/nobird.com\/#website"},"primaryImageOfPage":{"@id":"https:\/\/nobird.com\/?product=bird-deflector-siirrettava-visuaalinen-pelotelaite#primaryimage"},"image":{"@id":"https:\/\/nobird.com\/?product=bird-deflector-siirrettava-visuaalinen-pelotelaite#primaryimage"},"thumbnailUrl":"https:\/\/nobird.com\/wp-content\/uploads\/2021\/07\/cropped-hi-res-e1582732597623-2020.jpg","datePublished":"2021-07-01T07:50:07+00:00","dateModified":"2025-04-14T13:37:04+00:00","breadcrumb":{"@id":"https:\/\/nobird.com\/?product=bird-deflector-siirrettava-visuaalinen-pelotelaite#breadcrumb"},"inLanguage":"fi","potentialAction":[{"@type":"ReadAction","target":["https:\/\/nobird.com\/?product=bird-deflector-siirrettava-visuaalinen-pelotelaite"]}]},{"@type":"ImageObject","inLanguage":"fi","@id":"https:\/\/nobird.com\/?product=bird-deflector-siirrettava-visuaalinen-pelotelaite#primaryimage","url":"https:\/\/nobird.com\/wp-content\/uploads\/2021\/07\/cropped-hi-res-e1582732597623-2020.jpg","contentUrl":"https:\/\/nobird.com\/wp-content\/uploads\/2021\/07\/cropped-hi-res-e1582732597623-2020.jpg","width":924,"height":924},{"@type":"BreadcrumbList","@id":"https:\/\/nobird.com\/?product=bird-deflector-siirrettava-visuaalinen-pelotelaite#breadcrumb","itemListElement":[{"@type":"ListItem","position":1,"name":"Home","item":"https:\/\/nobird.com\/"},{"@type":"ListItem","position":2,"name":"Kauppa","item":"https:\/\/nobird.com\/?page_id=868"},{"@type":"ListItem","position":3,"name":"Hanhihyrr\u00e4 &#8211; Siirrett\u00e4v\u00e4 visuaalinen pelotelaite"}]},{"@type":"WebSite","@id":"https:\/\/nobird.com\/#website","url":"https:\/\/nobird.com\/","name":"No Birds - Bird Control Products","description":"","publisher":{"@id":"https:\/\/nobird.com\/#organization"},"potentialAction":[{"@type":"SearchAction","target":{"@type":"EntryPoint","urlTemplate":"https:\/\/nobird.com\/?s={search_term_string}"},"query-input":{"@type":"PropertyValueSpecification","valueRequired":true,"valueName":"search_term_string"}}],"inLanguage":"fi"},{"@type":"Organization","@id":"https:\/\/nobird.com\/#organization","name":"No Birds - Bird Control Products","url":"https:\/\/nobird.com\/","logo":{"@type":"ImageObject","inLanguage":"fi","@id":"https:\/\/nobird.com\/#\/schema\/logo\/image\/","url":"https:\/\/nobird.com\/wp-content\/uploads\/2020\/09\/cropped-logo-2.png","contentUrl":"https:\/\/nobird.com\/wp-content\/uploads\/2020\/09\/cropped-logo-2.png","width":282,"height":75,"caption":"No Birds - Bird Control Products"},"image":{"@id":"https:\/\/nobird.com\/#\/schema\/logo\/image\/"}}]}},"_links":{"self":[{"href":"https:\/\/nobird.com\/index.php?rest_route=\/wp\/v2\/product\/576","targetHints":{"allow":["GET"]}}],"collection":[{"href":"https:\/\/nobird.com\/index.php?rest_route=\/wp\/v2\/product"}],"about":[{"href":"https:\/\/nobird.com\/index.php?rest_route=\/wp\/v2\/types\/product"}],"wp:featuredmedia":[{"embeddable":true,"href":"https:\/\/nobird.com\/index.php?rest_route=\/wp\/v2\/media\/579"}],"wp:attachment":[{"href":"https:\/\/nobird.com\/index.php?rest_route=%2Fwp%2Fv2%2Fmedia&parent=576"}],"wp:term":[{"taxonomy":"product_brand","embeddable":true,"href":"https:\/\/nobird.com\/index.php?rest_route=%2Fwp%2Fv2%2Fproduct_brand&post=576"},{"taxonomy":"product_cat","embeddable":true,"href":"https:\/\/nobird.com\/index.php?rest_route=%2Fwp%2Fv2%2Fproduct_cat&post=576"},{"taxonomy":"product_tag","embeddable":true,"href":"https:\/\/nobird.com\/index.php?rest_route=%2Fwp%2Fv2%2Fproduct_tag&post=576"}],"curies":[{"name":"wp","href":"https:\/\/api.w.org\/{rel}","templated":true}]}}