{"id":286,"date":"2020-09-15T10:36:13","date_gmt":"2020-09-15T10:36:13","guid":{"rendered":"https:\/\/nobird.com\/?post_type=product&#038;p=286"},"modified":"2025-04-16T06:07:44","modified_gmt":"2025-04-16T06:07:44","slug":"vaijeri","status":"publish","type":"product","link":"https:\/\/nobird.com\/?product=vaijeri","title":{"rendered":"Lintutorjuntavaijeri"},"content":{"rendered":"<h3 class=\"\" data-start=\"131\" data-end=\"199\"><strong data-start=\"135\" data-end=\"199\">Lintutorjuntavaijeri \u2013 huomaamaton ja tehokas este linnuille<\/strong><\/h3>\n<p class=\"\" data-start=\"201\" data-end=\"381\">Kest\u00e4v\u00e4 ja l\u00e4hes huomaamaton ratkaisu, joka est\u00e4\u00e4 lintuja laskeutumasta tai pesim\u00e4st\u00e4 suojatulle pinnalle. Toimii erinomaisesti yksin tai osana laajempaa lintutorjuntaj\u00e4rjestelm\u00e4\u00e4.<\/p>\n<p class=\"\" data-start=\"383\" data-end=\"587\">\u2705 Tehokas, inhimillinen lintujen esto<br data-start=\"420\" data-end=\"423\" \/>\u2705 Yhdistett\u00e4viss\u00e4 muihin torjuntatuotteisiin<br data-start=\"467\" data-end=\"470\" \/>\u2705 Kest\u00e4v\u00e4\u00e4, 19-s\u00e4ikeist\u00e4 1 mm ruostumatonta ter\u00e4st\u00e4<br data-start=\"521\" data-end=\"524\" \/>\u2705 Soveltuu rakennusten reunustoihin, palkkeihin, kaiteisiin ym.<\/p>\n<p class=\"\" data-start=\"589\" data-end=\"738\"><strong data-start=\"589\" data-end=\"599\">Hinta:<\/strong> 2,00 \u20ac \/ m (alv 0 %)<br data-start=\"620\" data-end=\"623\" \/><strong data-start=\"623\" data-end=\"642\">Lis\u00e4tarvikkeet:<\/strong><br data-start=\"642\" data-end=\"645\" \/>\u2022 <a href=\"https:\/\/nobird.com\/?product=kuparilukot-lintutorjuntavaijerille\">Kuparilukko 0,80 \u20ac \/ kpl<\/a><br data-start=\"671\" data-end=\"674\" \/>\u2022 Saatavilla my\u00f6s silmukkaruuveja ja vanttiruuveja \u2013 kysy lis\u00e4\u00e4!<\/p>\n<p><a href=\"https:\/\/nobird.com\/?page_id=153\"><strong>Pyyd\u00e4 lis\u00e4tietoja!<\/strong><\/a><\/p>\n<div style=\"position: fixed; top: 4px; right: 4px; color: black; background-color: #ffff80; font-family: 'Lucida Console', 'Courier New', Mono; text-align: right; max-width: 600px; font-size: 80%;\"><\/div>\n","protected":false},"excerpt":{"rendered":"<p>Lintuvaijeri\u00a0on 19 s\u00e4ikeinen\u00a01mm\u00a0vahvuinen ruostumaton vaijeri.<br \/>\nHinta on 2,00 euroa \/ metri ( alv 0 % )<\/p>\n<p>Puristettavat kuparilukot tarve 1 kpl p\u00e4\u00e4t\u00f6s -kiinnityskohta.<br \/>\n<a href=\"https:\/\/nobird.com\/?product=kuparilukot-lintutorjuntavaijerille\">Linkki kuparilukkoihin<\/a><br \/>\nHinta on 0,8 euroa \/ kpl ( alv 0 % )<\/p>\n<p>Asennukseen l\u00f6ytyy lis\u00e4ksi silmukkaruuveja ja vanttiruuveja pyyd\u00e4 lis\u00e4tietoa.<\/p>\n","protected":false},"featured_media":287,"template":"","meta":[],"product_brand":[],"product_cat":[38],"product_tag":[35],"class_list":{"0":"post-286","1":"product","2":"type-product","3":"status-publish","4":"has-post-thumbnail","6":"product_cat-vaijerit","7":"product_tag-vaijeri","9":"first","10":"instock","11":"taxable","12":"shipping-taxable","13":"purchasable","14":"product-type-simple"},"yoast_head":"<!-- This site is optimized with the Yoast SEO plugin v27.5 - https:\/\/yoast.com\/product\/yoast-seo-wordpress\/ -->\n<title>Lintutorjuntavaijeri - No Birds - Bird Control Products<\/title>\n<meta name=\"robots\" content=\"index, follow, max-snippet:-1, max-image-preview:large, max-video-preview:-1\" \/>\n<link rel=\"canonical\" href=\"https:\/\/nobird.com\/?product=vaijeri\" \/>\n<meta property=\"og:locale\" content=\"fi_FI\" \/>\n<meta property=\"og:type\" content=\"article\" \/>\n<meta property=\"og:title\" content=\"Lintutorjuntavaijeri - No Birds - Bird Control Products\" \/>\n<meta property=\"og:description\" content=\"Lintuvaijeri\u00a0on 19 s\u00e4ikeinen\u00a01mm\u00a0vahvuinen ruostumaton vaijeri. Hinta on 2,00 euroa \/ metri ( alv 0 % )  Puristettavat kuparilukot tarve 1 kpl p\u00e4\u00e4t\u00f6s -kiinnityskohta. Linkki kuparilukkoihin Hinta on 0,8 euroa \/ kpl ( alv 0 % )  Asennukseen l\u00f6ytyy lis\u00e4ksi silmukkaruuveja ja vanttiruuveja pyyd\u00e4 lis\u00e4tietoa.\" \/>\n<meta property=\"og:url\" content=\"https:\/\/nobird.com\/?product=vaijeri\" \/>\n<meta property=\"og:site_name\" content=\"No Birds - Bird Control Products\" \/>\n<meta property=\"article:modified_time\" content=\"2025-04-16T06:07:44+00:00\" \/>\n<meta property=\"og:image\" content=\"https:\/\/nobird.com\/wp-content\/uploads\/2020\/09\/nb_vaijerit-522x-b63.jpg\" \/>\n\t<meta property=\"og:image:width\" content=\"522\" \/>\n\t<meta property=\"og:image:height\" content=\"392\" \/>\n\t<meta property=\"og:image:type\" content=\"image\/jpeg\" \/>\n<meta name=\"twitter:card\" content=\"summary_large_image\" \/>\n<meta name=\"twitter:label1\" content=\"Arvioitu lukuaika\" \/>\n\t<meta name=\"twitter:data1\" content=\"1 minuutti\" \/>\n<script type=\"application\/ld+json\" class=\"yoast-schema-graph\">{\"@context\":\"https:\\\/\\\/schema.org\",\"@graph\":[{\"@type\":\"WebPage\",\"@id\":\"https:\\\/\\\/nobird.com\\\/?product=vaijeri\",\"url\":\"https:\\\/\\\/nobird.com\\\/?product=vaijeri\",\"name\":\"Lintutorjuntavaijeri - No Birds - Bird Control Products\",\"isPartOf\":{\"@id\":\"https:\\\/\\\/nobird.com\\\/#website\"},\"primaryImageOfPage\":{\"@id\":\"https:\\\/\\\/nobird.com\\\/?product=vaijeri#primaryimage\"},\"image\":{\"@id\":\"https:\\\/\\\/nobird.com\\\/?product=vaijeri#primaryimage\"},\"thumbnailUrl\":\"https:\\\/\\\/nobird.com\\\/wp-content\\\/uploads\\\/2020\\\/09\\\/nb_vaijerit-522x-b63.jpg\",\"datePublished\":\"2020-09-15T10:36:13+00:00\",\"dateModified\":\"2025-04-16T06:07:44+00:00\",\"breadcrumb\":{\"@id\":\"https:\\\/\\\/nobird.com\\\/?product=vaijeri#breadcrumb\"},\"inLanguage\":\"fi\",\"potentialAction\":[{\"@type\":\"ReadAction\",\"target\":[\"https:\\\/\\\/nobird.com\\\/?product=vaijeri\"]}]},{\"@type\":\"ImageObject\",\"inLanguage\":\"fi\",\"@id\":\"https:\\\/\\\/nobird.com\\\/?product=vaijeri#primaryimage\",\"url\":\"https:\\\/\\\/nobird.com\\\/wp-content\\\/uploads\\\/2020\\\/09\\\/nb_vaijerit-522x-b63.jpg\",\"contentUrl\":\"https:\\\/\\\/nobird.com\\\/wp-content\\\/uploads\\\/2020\\\/09\\\/nb_vaijerit-522x-b63.jpg\",\"width\":522,\"height\":392},{\"@type\":\"BreadcrumbList\",\"@id\":\"https:\\\/\\\/nobird.com\\\/?product=vaijeri#breadcrumb\",\"itemListElement\":[{\"@type\":\"ListItem\",\"position\":1,\"name\":\"Home\",\"item\":\"https:\\\/\\\/nobird.com\\\/\"},{\"@type\":\"ListItem\",\"position\":2,\"name\":\"Kauppa\",\"item\":\"https:\\\/\\\/nobird.com\\\/?page_id=868\"},{\"@type\":\"ListItem\",\"position\":3,\"name\":\"Lintutorjuntavaijeri\"}]},{\"@type\":\"WebSite\",\"@id\":\"https:\\\/\\\/nobird.com\\\/#website\",\"url\":\"https:\\\/\\\/nobird.com\\\/\",\"name\":\"No Birds - Bird Control Products\",\"description\":\"\",\"publisher\":{\"@id\":\"https:\\\/\\\/nobird.com\\\/#organization\"},\"potentialAction\":[{\"@type\":\"SearchAction\",\"target\":{\"@type\":\"EntryPoint\",\"urlTemplate\":\"https:\\\/\\\/nobird.com\\\/?s={search_term_string}\"},\"query-input\":{\"@type\":\"PropertyValueSpecification\",\"valueRequired\":true,\"valueName\":\"search_term_string\"}}],\"inLanguage\":\"fi\"},{\"@type\":\"Organization\",\"@id\":\"https:\\\/\\\/nobird.com\\\/#organization\",\"name\":\"No Birds - Bird Control Products\",\"url\":\"https:\\\/\\\/nobird.com\\\/\",\"logo\":{\"@type\":\"ImageObject\",\"inLanguage\":\"fi\",\"@id\":\"https:\\\/\\\/nobird.com\\\/#\\\/schema\\\/logo\\\/image\\\/\",\"url\":\"https:\\\/\\\/nobird.com\\\/wp-content\\\/uploads\\\/2020\\\/09\\\/cropped-logo-2.png\",\"contentUrl\":\"https:\\\/\\\/nobird.com\\\/wp-content\\\/uploads\\\/2020\\\/09\\\/cropped-logo-2.png\",\"width\":282,\"height\":75,\"caption\":\"No Birds - Bird Control Products\"},\"image\":{\"@id\":\"https:\\\/\\\/nobird.com\\\/#\\\/schema\\\/logo\\\/image\\\/\"}}]}<\/script>\n<!-- \/ Yoast SEO plugin. -->","yoast_head_json":{"title":"Lintutorjuntavaijeri - No Birds - Bird Control Products","robots":{"index":"index","follow":"follow","max-snippet":"max-snippet:-1","max-image-preview":"max-image-preview:large","max-video-preview":"max-video-preview:-1"},"canonical":"https:\/\/nobird.com\/?product=vaijeri","og_locale":"fi_FI","og_type":"article","og_title":"Lintutorjuntavaijeri - No Birds - Bird Control Products","og_description":"Lintuvaijeri\u00a0on 19 s\u00e4ikeinen\u00a01mm\u00a0vahvuinen ruostumaton vaijeri. Hinta on 2,00 euroa \/ metri ( alv 0 % )  Puristettavat kuparilukot tarve 1 kpl p\u00e4\u00e4t\u00f6s -kiinnityskohta. Linkki kuparilukkoihin Hinta on 0,8 euroa \/ kpl ( alv 0 % )  Asennukseen l\u00f6ytyy lis\u00e4ksi silmukkaruuveja ja vanttiruuveja pyyd\u00e4 lis\u00e4tietoa.","og_url":"https:\/\/nobird.com\/?product=vaijeri","og_site_name":"No Birds - Bird Control Products","article_modified_time":"2025-04-16T06:07:44+00:00","og_image":[{"width":522,"height":392,"url":"https:\/\/nobird.com\/wp-content\/uploads\/2020\/09\/nb_vaijerit-522x-b63.jpg","type":"image\/jpeg"}],"twitter_card":"summary_large_image","twitter_misc":{"Arvioitu lukuaika":"1 minuutti"},"schema":{"@context":"https:\/\/schema.org","@graph":[{"@type":"WebPage","@id":"https:\/\/nobird.com\/?product=vaijeri","url":"https:\/\/nobird.com\/?product=vaijeri","name":"Lintutorjuntavaijeri - No Birds - Bird Control Products","isPartOf":{"@id":"https:\/\/nobird.com\/#website"},"primaryImageOfPage":{"@id":"https:\/\/nobird.com\/?product=vaijeri#primaryimage"},"image":{"@id":"https:\/\/nobird.com\/?product=vaijeri#primaryimage"},"thumbnailUrl":"https:\/\/nobird.com\/wp-content\/uploads\/2020\/09\/nb_vaijerit-522x-b63.jpg","datePublished":"2020-09-15T10:36:13+00:00","dateModified":"2025-04-16T06:07:44+00:00","breadcrumb":{"@id":"https:\/\/nobird.com\/?product=vaijeri#breadcrumb"},"inLanguage":"fi","potentialAction":[{"@type":"ReadAction","target":["https:\/\/nobird.com\/?product=vaijeri"]}]},{"@type":"ImageObject","inLanguage":"fi","@id":"https:\/\/nobird.com\/?product=vaijeri#primaryimage","url":"https:\/\/nobird.com\/wp-content\/uploads\/2020\/09\/nb_vaijerit-522x-b63.jpg","contentUrl":"https:\/\/nobird.com\/wp-content\/uploads\/2020\/09\/nb_vaijerit-522x-b63.jpg","width":522,"height":392},{"@type":"BreadcrumbList","@id":"https:\/\/nobird.com\/?product=vaijeri#breadcrumb","itemListElement":[{"@type":"ListItem","position":1,"name":"Home","item":"https:\/\/nobird.com\/"},{"@type":"ListItem","position":2,"name":"Kauppa","item":"https:\/\/nobird.com\/?page_id=868"},{"@type":"ListItem","position":3,"name":"Lintutorjuntavaijeri"}]},{"@type":"WebSite","@id":"https:\/\/nobird.com\/#website","url":"https:\/\/nobird.com\/","name":"No Birds - Bird Control Products","description":"","publisher":{"@id":"https:\/\/nobird.com\/#organization"},"potentialAction":[{"@type":"SearchAction","target":{"@type":"EntryPoint","urlTemplate":"https:\/\/nobird.com\/?s={search_term_string}"},"query-input":{"@type":"PropertyValueSpecification","valueRequired":true,"valueName":"search_term_string"}}],"inLanguage":"fi"},{"@type":"Organization","@id":"https:\/\/nobird.com\/#organization","name":"No Birds - Bird Control Products","url":"https:\/\/nobird.com\/","logo":{"@type":"ImageObject","inLanguage":"fi","@id":"https:\/\/nobird.com\/#\/schema\/logo\/image\/","url":"https:\/\/nobird.com\/wp-content\/uploads\/2020\/09\/cropped-logo-2.png","contentUrl":"https:\/\/nobird.com\/wp-content\/uploads\/2020\/09\/cropped-logo-2.png","width":282,"height":75,"caption":"No Birds - Bird Control Products"},"image":{"@id":"https:\/\/nobird.com\/#\/schema\/logo\/image\/"}}]}},"_links":{"self":[{"href":"https:\/\/nobird.com\/index.php?rest_route=\/wp\/v2\/product\/286","targetHints":{"allow":["GET"]}}],"collection":[{"href":"https:\/\/nobird.com\/index.php?rest_route=\/wp\/v2\/product"}],"about":[{"href":"https:\/\/nobird.com\/index.php?rest_route=\/wp\/v2\/types\/product"}],"wp:featuredmedia":[{"embeddable":true,"href":"https:\/\/nobird.com\/index.php?rest_route=\/wp\/v2\/media\/287"}],"wp:attachment":[{"href":"https:\/\/nobird.com\/index.php?rest_route=%2Fwp%2Fv2%2Fmedia&parent=286"}],"wp:term":[{"taxonomy":"product_brand","embeddable":true,"href":"https:\/\/nobird.com\/index.php?rest_route=%2Fwp%2Fv2%2Fproduct_brand&post=286"},{"taxonomy":"product_cat","embeddable":true,"href":"https:\/\/nobird.com\/index.php?rest_route=%2Fwp%2Fv2%2Fproduct_cat&post=286"},{"taxonomy":"product_tag","embeddable":true,"href":"https:\/\/nobird.com\/index.php?rest_route=%2Fwp%2Fv2%2Fproduct_tag&post=286"}],"curies":[{"name":"wp","href":"https:\/\/api.w.org\/{rel}","templated":true}]}}