{"id":268,"date":"2020-09-15T09:18:47","date_gmt":"2020-09-15T09:18:47","guid":{"rendered":"https:\/\/nobird.com\/?post_type=product&#038;p=268"},"modified":"2025-04-14T13:13:03","modified_gmt":"2025-04-14T13:13:03","slug":"terror-eyes-pelotesilmat","status":"publish","type":"product","link":"https:\/\/nobird.com\/?product=terror-eyes-pelotesilmat","title":{"rendered":"Pelotinpallo Terror Eyes"},"content":{"rendered":"<p>Terror Eyes -pelotinpallo<br \/>\nTehokasta lintutorjuntaa luonnon omilla keinoilla<\/p>\n<p>Terror Eyes -pelotinpallo yhdist\u00e4\u00e4 suuren koon (halkaisija 70 cm), kirkkaat v\u00e4rit ja holografiset \u201csaalistajansilm\u00e4t\u201d, jotka luovat voimakkaan visuaalisen \u00e4rsykkeen ja pit\u00e4v\u00e4t linnut loitolla. Pallo liikkuu tuulessa luonnollisesti, mik\u00e4 saa sen n\u00e4ytt\u00e4m\u00e4\u00e4n el\u00e4v\u00e4lt\u00e4 \u2013 aivan kuin petolintu olisi tarkkailemassa aluetta.<\/p>\n<p>Miss\u00e4 toimii?<br \/>\n\u2705 Puutarhat ja piha-alueet<br \/>\n\u2705 Satamat, hallit, varastot ja lastauslaiturit<br \/>\n\u2705 Maatilat ja viljelyalueet<br \/>\n\u2705 Lentokent\u00e4t ja avoimet alueet<\/p>\n<p>Miksi valita Terror Eyes -pelotinpallo?<br \/>\n\ud83d\udd38 Visuaalinen ja luonnollinen pelote \u2013 ei kemikaaleja tai \u00e4\u00e4nt\u00e4<br \/>\n\ud83d\udd38 Helppo asentaa \u2013 ripusta vain sopivaan paikkaan<br \/>\n\ud83d\udd38 Huoltovapaa \u2013 toimii tuulen voimalla ilman jatkuvaa valvontaa<br \/>\n\ud83d\udd38 Edullinen ja tehokas \u2013 pitk\u00e4ik\u00e4inen ratkaisu lintuhaittoihin<\/p>\n<p>Terror Eyes toimii parhaiten yhdistettyn\u00e4 muihin visuaalisiin karkottimiin, kuten <a href=\"https:\/\/nobird.com\/?product=hairintanauha\">h\u00e4irint\u00e4nauhaan<\/a>, jolloin torjuntateho kasvaa entisest\u00e4\u00e4n.<\/p>\n<p>\ud83d\uded2 Hinta: 100,00 \u20ac \/ kpl (Alv 0%)<br \/>\nSuojaa alueesi lintujen aiheuttamilta vahingoilta helposti ja tehokkaasti \u2013 tilaa omasi jo t\u00e4n\u00e4\u00e4n!<\/p>\n","protected":false},"excerpt":{"rendered":"<p><strong data-start=\"148\" data-end=\"208\">N\u00e4ytt\u00e4v\u00e4 ja tehokas lintujen karkotin suurille alueille.<\/strong><\/p>\n<p>&nbsp;<\/p>\n<p>Terrot Eyes -pelotinpallo ovat edullinen ja tehokas lintutorjuntaratkaisu.<\/p>\n<p>Holografiset silm\u00e4t luovat illuusion lintuja saalistavasta pedosta.<\/p>\n<p>Kirkkaat v\u00e4rit ja pelottavat liikkeet j\u00e4ljittelev\u00e4t lintujen luonnollisia saalistajia tuulen hoitaessa luonnollisen liikkeen.<\/p>\n<p>Hinta:<\/p>\n<p>100,00 \u20ac \/ kpl (Alv 0%)<\/p>\n<h2><a href=\"https:\/\/nobird.com\/?page_id=153\"><strong>Pyyd\u00e4 lis\u00e4tietoja!<\/strong><\/a><\/h2>\n","protected":false},"featured_media":1132,"template":"","meta":[],"product_brand":[],"product_cat":[41],"product_tag":[34,33],"class_list":{"0":"post-268","1":"product","2":"type-product","3":"status-publish","4":"has-post-thumbnail","6":"product_cat-visuaaliset-pelotteet","7":"product_tag-lintutorjunta","8":"product_tag-pelotesilmat","10":"first","11":"instock","12":"taxable","13":"shipping-taxable","14":"purchasable","15":"product-type-simple"},"yoast_head":"<!-- This site is optimized with the Yoast SEO plugin v27.5 - https:\/\/yoast.com\/product\/yoast-seo-wordpress\/ -->\n<title>Pelotinpallo Terror Eyes - No Birds - Bird Control Products<\/title>\n<meta name=\"robots\" content=\"index, follow, max-snippet:-1, max-image-preview:large, max-video-preview:-1\" \/>\n<link rel=\"canonical\" href=\"https:\/\/nobird.com\/?product=terror-eyes-pelotesilmat\" \/>\n<meta property=\"og:locale\" content=\"fi_FI\" \/>\n<meta property=\"og:type\" content=\"article\" \/>\n<meta property=\"og:title\" content=\"Pelotinpallo Terror Eyes - No Birds - Bird Control Products\" \/>\n<meta property=\"og:description\" content=\"N\u00e4ytt\u00e4v\u00e4 ja tehokas lintujen karkotin suurille alueille.  &nbsp;  Terrot Eyes -pelotinpallo ovat edullinen ja tehokas lintutorjuntaratkaisu.  Holografiset silm\u00e4t luovat illuusion lintuja saalistavasta pedosta.  Kirkkaat v\u00e4rit ja pelottavat liikkeet j\u00e4ljittelev\u00e4t lintujen luonnollisia saalistajia tuulen hoitaessa luonnollisen liikkeen.  Hinta:  100,00 \u20ac \/ kpl (Alv 0%) Pyyd\u00e4 lis\u00e4tietoja!\" \/>\n<meta property=\"og:url\" content=\"https:\/\/nobird.com\/?product=terror-eyes-pelotesilmat\" \/>\n<meta property=\"og:site_name\" content=\"No Birds - Bird Control Products\" \/>\n<meta property=\"article:modified_time\" content=\"2025-04-14T13:13:03+00:00\" \/>\n<meta property=\"og:image\" content=\"https:\/\/nobird.com\/wp-content\/uploads\/2020\/09\/pallo-2025-04-14-143137.png\" \/>\n\t<meta property=\"og:image:width\" content=\"994\" \/>\n\t<meta property=\"og:image:height\" content=\"603\" \/>\n\t<meta property=\"og:image:type\" content=\"image\/png\" \/>\n<meta name=\"twitter:card\" content=\"summary_large_image\" \/>\n<meta name=\"twitter:label1\" content=\"Arvioitu lukuaika\" \/>\n\t<meta name=\"twitter:data1\" content=\"2 minuuttia\" \/>\n<script type=\"application\/ld+json\" class=\"yoast-schema-graph\">{\"@context\":\"https:\\\/\\\/schema.org\",\"@graph\":[{\"@type\":\"WebPage\",\"@id\":\"https:\\\/\\\/nobird.com\\\/?product=terror-eyes-pelotesilmat\",\"url\":\"https:\\\/\\\/nobird.com\\\/?product=terror-eyes-pelotesilmat\",\"name\":\"Pelotinpallo Terror Eyes - No Birds - Bird Control Products\",\"isPartOf\":{\"@id\":\"https:\\\/\\\/nobird.com\\\/#website\"},\"primaryImageOfPage\":{\"@id\":\"https:\\\/\\\/nobird.com\\\/?product=terror-eyes-pelotesilmat#primaryimage\"},\"image\":{\"@id\":\"https:\\\/\\\/nobird.com\\\/?product=terror-eyes-pelotesilmat#primaryimage\"},\"thumbnailUrl\":\"https:\\\/\\\/nobird.com\\\/wp-content\\\/uploads\\\/2020\\\/09\\\/pallo-2025-04-14-143137.png\",\"datePublished\":\"2020-09-15T09:18:47+00:00\",\"dateModified\":\"2025-04-14T13:13:03+00:00\",\"breadcrumb\":{\"@id\":\"https:\\\/\\\/nobird.com\\\/?product=terror-eyes-pelotesilmat#breadcrumb\"},\"inLanguage\":\"fi\",\"potentialAction\":[{\"@type\":\"ReadAction\",\"target\":[\"https:\\\/\\\/nobird.com\\\/?product=terror-eyes-pelotesilmat\"]}]},{\"@type\":\"ImageObject\",\"inLanguage\":\"fi\",\"@id\":\"https:\\\/\\\/nobird.com\\\/?product=terror-eyes-pelotesilmat#primaryimage\",\"url\":\"https:\\\/\\\/nobird.com\\\/wp-content\\\/uploads\\\/2020\\\/09\\\/pallo-2025-04-14-143137.png\",\"contentUrl\":\"https:\\\/\\\/nobird.com\\\/wp-content\\\/uploads\\\/2020\\\/09\\\/pallo-2025-04-14-143137.png\",\"width\":994,\"height\":603},{\"@type\":\"BreadcrumbList\",\"@id\":\"https:\\\/\\\/nobird.com\\\/?product=terror-eyes-pelotesilmat#breadcrumb\",\"itemListElement\":[{\"@type\":\"ListItem\",\"position\":1,\"name\":\"Home\",\"item\":\"https:\\\/\\\/nobird.com\\\/\"},{\"@type\":\"ListItem\",\"position\":2,\"name\":\"Kauppa\",\"item\":\"https:\\\/\\\/nobird.com\\\/?page_id=868\"},{\"@type\":\"ListItem\",\"position\":3,\"name\":\"Pelotinpallo Terror Eyes\"}]},{\"@type\":\"WebSite\",\"@id\":\"https:\\\/\\\/nobird.com\\\/#website\",\"url\":\"https:\\\/\\\/nobird.com\\\/\",\"name\":\"No Birds - Bird Control Products\",\"description\":\"\",\"publisher\":{\"@id\":\"https:\\\/\\\/nobird.com\\\/#organization\"},\"potentialAction\":[{\"@type\":\"SearchAction\",\"target\":{\"@type\":\"EntryPoint\",\"urlTemplate\":\"https:\\\/\\\/nobird.com\\\/?s={search_term_string}\"},\"query-input\":{\"@type\":\"PropertyValueSpecification\",\"valueRequired\":true,\"valueName\":\"search_term_string\"}}],\"inLanguage\":\"fi\"},{\"@type\":\"Organization\",\"@id\":\"https:\\\/\\\/nobird.com\\\/#organization\",\"name\":\"No Birds - Bird Control Products\",\"url\":\"https:\\\/\\\/nobird.com\\\/\",\"logo\":{\"@type\":\"ImageObject\",\"inLanguage\":\"fi\",\"@id\":\"https:\\\/\\\/nobird.com\\\/#\\\/schema\\\/logo\\\/image\\\/\",\"url\":\"https:\\\/\\\/nobird.com\\\/wp-content\\\/uploads\\\/2020\\\/09\\\/cropped-logo-2.png\",\"contentUrl\":\"https:\\\/\\\/nobird.com\\\/wp-content\\\/uploads\\\/2020\\\/09\\\/cropped-logo-2.png\",\"width\":282,\"height\":75,\"caption\":\"No Birds - Bird Control Products\"},\"image\":{\"@id\":\"https:\\\/\\\/nobird.com\\\/#\\\/schema\\\/logo\\\/image\\\/\"}}]}<\/script>\n<!-- \/ Yoast SEO plugin. -->","yoast_head_json":{"title":"Pelotinpallo Terror Eyes - No Birds - Bird Control Products","robots":{"index":"index","follow":"follow","max-snippet":"max-snippet:-1","max-image-preview":"max-image-preview:large","max-video-preview":"max-video-preview:-1"},"canonical":"https:\/\/nobird.com\/?product=terror-eyes-pelotesilmat","og_locale":"fi_FI","og_type":"article","og_title":"Pelotinpallo Terror Eyes - No Birds - Bird Control Products","og_description":"N\u00e4ytt\u00e4v\u00e4 ja tehokas lintujen karkotin suurille alueille.  &nbsp;  Terrot Eyes -pelotinpallo ovat edullinen ja tehokas lintutorjuntaratkaisu.  Holografiset silm\u00e4t luovat illuusion lintuja saalistavasta pedosta.  Kirkkaat v\u00e4rit ja pelottavat liikkeet j\u00e4ljittelev\u00e4t lintujen luonnollisia saalistajia tuulen hoitaessa luonnollisen liikkeen.  Hinta:  100,00 \u20ac \/ kpl (Alv 0%) Pyyd\u00e4 lis\u00e4tietoja!","og_url":"https:\/\/nobird.com\/?product=terror-eyes-pelotesilmat","og_site_name":"No Birds - Bird Control Products","article_modified_time":"2025-04-14T13:13:03+00:00","og_image":[{"width":994,"height":603,"url":"https:\/\/nobird.com\/wp-content\/uploads\/2020\/09\/pallo-2025-04-14-143137.png","type":"image\/png"}],"twitter_card":"summary_large_image","twitter_misc":{"Arvioitu lukuaika":"2 minuuttia"},"schema":{"@context":"https:\/\/schema.org","@graph":[{"@type":"WebPage","@id":"https:\/\/nobird.com\/?product=terror-eyes-pelotesilmat","url":"https:\/\/nobird.com\/?product=terror-eyes-pelotesilmat","name":"Pelotinpallo Terror Eyes - No Birds - Bird Control Products","isPartOf":{"@id":"https:\/\/nobird.com\/#website"},"primaryImageOfPage":{"@id":"https:\/\/nobird.com\/?product=terror-eyes-pelotesilmat#primaryimage"},"image":{"@id":"https:\/\/nobird.com\/?product=terror-eyes-pelotesilmat#primaryimage"},"thumbnailUrl":"https:\/\/nobird.com\/wp-content\/uploads\/2020\/09\/pallo-2025-04-14-143137.png","datePublished":"2020-09-15T09:18:47+00:00","dateModified":"2025-04-14T13:13:03+00:00","breadcrumb":{"@id":"https:\/\/nobird.com\/?product=terror-eyes-pelotesilmat#breadcrumb"},"inLanguage":"fi","potentialAction":[{"@type":"ReadAction","target":["https:\/\/nobird.com\/?product=terror-eyes-pelotesilmat"]}]},{"@type":"ImageObject","inLanguage":"fi","@id":"https:\/\/nobird.com\/?product=terror-eyes-pelotesilmat#primaryimage","url":"https:\/\/nobird.com\/wp-content\/uploads\/2020\/09\/pallo-2025-04-14-143137.png","contentUrl":"https:\/\/nobird.com\/wp-content\/uploads\/2020\/09\/pallo-2025-04-14-143137.png","width":994,"height":603},{"@type":"BreadcrumbList","@id":"https:\/\/nobird.com\/?product=terror-eyes-pelotesilmat#breadcrumb","itemListElement":[{"@type":"ListItem","position":1,"name":"Home","item":"https:\/\/nobird.com\/"},{"@type":"ListItem","position":2,"name":"Kauppa","item":"https:\/\/nobird.com\/?page_id=868"},{"@type":"ListItem","position":3,"name":"Pelotinpallo Terror Eyes"}]},{"@type":"WebSite","@id":"https:\/\/nobird.com\/#website","url":"https:\/\/nobird.com\/","name":"No Birds - Bird Control Products","description":"","publisher":{"@id":"https:\/\/nobird.com\/#organization"},"potentialAction":[{"@type":"SearchAction","target":{"@type":"EntryPoint","urlTemplate":"https:\/\/nobird.com\/?s={search_term_string}"},"query-input":{"@type":"PropertyValueSpecification","valueRequired":true,"valueName":"search_term_string"}}],"inLanguage":"fi"},{"@type":"Organization","@id":"https:\/\/nobird.com\/#organization","name":"No Birds - Bird Control Products","url":"https:\/\/nobird.com\/","logo":{"@type":"ImageObject","inLanguage":"fi","@id":"https:\/\/nobird.com\/#\/schema\/logo\/image\/","url":"https:\/\/nobird.com\/wp-content\/uploads\/2020\/09\/cropped-logo-2.png","contentUrl":"https:\/\/nobird.com\/wp-content\/uploads\/2020\/09\/cropped-logo-2.png","width":282,"height":75,"caption":"No Birds - Bird Control Products"},"image":{"@id":"https:\/\/nobird.com\/#\/schema\/logo\/image\/"}}]}},"_links":{"self":[{"href":"https:\/\/nobird.com\/index.php?rest_route=\/wp\/v2\/product\/268","targetHints":{"allow":["GET"]}}],"collection":[{"href":"https:\/\/nobird.com\/index.php?rest_route=\/wp\/v2\/product"}],"about":[{"href":"https:\/\/nobird.com\/index.php?rest_route=\/wp\/v2\/types\/product"}],"wp:featuredmedia":[{"embeddable":true,"href":"https:\/\/nobird.com\/index.php?rest_route=\/wp\/v2\/media\/1132"}],"wp:attachment":[{"href":"https:\/\/nobird.com\/index.php?rest_route=%2Fwp%2Fv2%2Fmedia&parent=268"}],"wp:term":[{"taxonomy":"product_brand","embeddable":true,"href":"https:\/\/nobird.com\/index.php?rest_route=%2Fwp%2Fv2%2Fproduct_brand&post=268"},{"taxonomy":"product_cat","embeddable":true,"href":"https:\/\/nobird.com\/index.php?rest_route=%2Fwp%2Fv2%2Fproduct_cat&post=268"},{"taxonomy":"product_tag","embeddable":true,"href":"https:\/\/nobird.com\/index.php?rest_route=%2Fwp%2Fv2%2Fproduct_tag&post=268"}],"curies":[{"name":"wp","href":"https:\/\/api.w.org\/{rel}","templated":true}]}}