{"id":1129,"date":"2025-04-14T12:52:28","date_gmt":"2025-04-14T12:52:28","guid":{"rendered":"https:\/\/nobird.com\/?post_type=product&#038;p=1129"},"modified":"2025-04-14T13:43:22","modified_gmt":"2025-04-14T13:43:22","slug":"kuparilukot-lintutorjuntavaijerille","status":"publish","type":"product","link":"https:\/\/nobird.com\/?product=kuparilukot-lintutorjuntavaijerille","title":{"rendered":"Kuparilukot Lintutorjuntavaijerille"},"content":{"rendered":"","protected":false},"excerpt":{"rendered":"<h3 class=\"\" data-start=\"133\" data-end=\"180\"><strong data-start=\"137\" data-end=\"180\">Kuparilukko lintuvaijerin kiinnitykseen<\/strong><\/h3>\n<p class=\"\" data-start=\"182\" data-end=\"341\">Puristettava <strong data-start=\"195\" data-end=\"210\">kuparilukko<\/strong> varmistaa vaijerin pit\u00e4v\u00e4n ja siistin kiinnityksen lintutorjuntakohteissa. Jokainen p\u00e4\u00e4t\u00f6s- tai kiinnityskohta vaatii yhden lukon.<\/p>\n<p class=\"\" data-start=\"343\" data-end=\"513\">\u2705 Helppo ja nopea asentaa<br data-start=\"368\" data-end=\"371\" \/>\u2705 Varma ja huomaamaton lukitus<br data-start=\"401\" data-end=\"404\" \/>\u2705 Suunniteltu k\u00e4ytett\u00e4v\u00e4ksi ruostumattoman lintutorjuntavaijerin kanssa<br data-start=\"475\" data-end=\"478\" \/>\u2705 Soveltuu ulkok\u00e4ytt\u00f6\u00f6n \u2013 ei ruostu<\/p>\n<p class=\"\" data-start=\"515\" data-end=\"548\"><strong data-start=\"515\" data-end=\"525\">Hinta:<\/strong> 0,80 \u20ac \/ kpl (alv 0 %)<\/p>\n<p class=\"\" data-start=\"550\" data-end=\"588\"><em data-start=\"550\" data-end=\"588\">Kuvassa lukko on merkitty ympyr\u00e4ll\u00e4.<\/em><\/p>\n","protected":false},"featured_media":1130,"template":"","meta":[],"product_brand":[],"product_cat":[38],"product_tag":[],"class_list":{"0":"post-1129","1":"product","2":"type-product","3":"status-publish","4":"has-post-thumbnail","6":"product_cat-vaijerit","8":"first","9":"instock","10":"taxable","11":"shipping-taxable","12":"purchasable","13":"product-type-simple"},"yoast_head":"<!-- This site is optimized with the Yoast SEO plugin v27.5 - https:\/\/yoast.com\/product\/yoast-seo-wordpress\/ -->\n<title>Kuparilukot Lintutorjuntavaijerille - No Birds - Bird Control Products<\/title>\n<meta name=\"robots\" content=\"index, follow, max-snippet:-1, max-image-preview:large, max-video-preview:-1\" \/>\n<link rel=\"canonical\" href=\"https:\/\/nobird.com\/?product=kuparilukot-lintutorjuntavaijerille\" \/>\n<meta property=\"og:locale\" content=\"fi_FI\" \/>\n<meta property=\"og:type\" content=\"article\" \/>\n<meta property=\"og:title\" content=\"Kuparilukot Lintutorjuntavaijerille - No Birds - Bird Control Products\" \/>\n<meta property=\"og:description\" content=\"Kuparilukko lintuvaijerin kiinnitykseen Puristettava kuparilukko varmistaa vaijerin pit\u00e4v\u00e4n ja siistin kiinnityksen lintutorjuntakohteissa. Jokainen p\u00e4\u00e4t\u00f6s- tai kiinnityskohta vaatii yhden lukon. \u2705 Helppo ja nopea asentaa\u2705 Varma ja huomaamaton lukitus\u2705 Suunniteltu k\u00e4ytett\u00e4v\u00e4ksi ruostumattoman lintutorjuntavaijerin kanssa\u2705 Soveltuu ulkok\u00e4ytt\u00f6\u00f6n \u2013 ei ruostu Hinta: 0,80 \u20ac \/ kpl (alv 0 %) Kuvassa lukko on merkitty ympyr\u00e4ll\u00e4.\" \/>\n<meta property=\"og:url\" content=\"https:\/\/nobird.com\/?product=kuparilukot-lintutorjuntavaijerille\" \/>\n<meta property=\"og:site_name\" content=\"No Birds - Bird Control Products\" \/>\n<meta property=\"article:modified_time\" content=\"2025-04-14T13:43:22+00:00\" \/>\n<meta property=\"og:image\" content=\"https:\/\/nobird.com\/wp-content\/uploads\/2025\/04\/kuparilukot.png\" \/>\n\t<meta property=\"og:image:width\" content=\"522\" \/>\n\t<meta property=\"og:image:height\" content=\"392\" \/>\n\t<meta property=\"og:image:type\" content=\"image\/png\" \/>\n<meta name=\"twitter:card\" content=\"summary_large_image\" \/>\n<meta name=\"twitter:label1\" content=\"Arvioitu lukuaika\" \/>\n\t<meta name=\"twitter:data1\" content=\"1 minuutti\" \/>\n<script type=\"application\/ld+json\" class=\"yoast-schema-graph\">{\"@context\":\"https:\\\/\\\/schema.org\",\"@graph\":[{\"@type\":\"WebPage\",\"@id\":\"https:\\\/\\\/nobird.com\\\/?product=kuparilukot-lintutorjuntavaijerille\",\"url\":\"https:\\\/\\\/nobird.com\\\/?product=kuparilukot-lintutorjuntavaijerille\",\"name\":\"Kuparilukot Lintutorjuntavaijerille - No Birds - Bird Control Products\",\"isPartOf\":{\"@id\":\"https:\\\/\\\/nobird.com\\\/#website\"},\"primaryImageOfPage\":{\"@id\":\"https:\\\/\\\/nobird.com\\\/?product=kuparilukot-lintutorjuntavaijerille#primaryimage\"},\"image\":{\"@id\":\"https:\\\/\\\/nobird.com\\\/?product=kuparilukot-lintutorjuntavaijerille#primaryimage\"},\"thumbnailUrl\":\"https:\\\/\\\/nobird.com\\\/wp-content\\\/uploads\\\/2025\\\/04\\\/kuparilukot.png\",\"datePublished\":\"2025-04-14T12:52:28+00:00\",\"dateModified\":\"2025-04-14T13:43:22+00:00\",\"breadcrumb\":{\"@id\":\"https:\\\/\\\/nobird.com\\\/?product=kuparilukot-lintutorjuntavaijerille#breadcrumb\"},\"inLanguage\":\"fi\",\"potentialAction\":[{\"@type\":\"ReadAction\",\"target\":[\"https:\\\/\\\/nobird.com\\\/?product=kuparilukot-lintutorjuntavaijerille\"]}]},{\"@type\":\"ImageObject\",\"inLanguage\":\"fi\",\"@id\":\"https:\\\/\\\/nobird.com\\\/?product=kuparilukot-lintutorjuntavaijerille#primaryimage\",\"url\":\"https:\\\/\\\/nobird.com\\\/wp-content\\\/uploads\\\/2025\\\/04\\\/kuparilukot.png\",\"contentUrl\":\"https:\\\/\\\/nobird.com\\\/wp-content\\\/uploads\\\/2025\\\/04\\\/kuparilukot.png\",\"width\":522,\"height\":392},{\"@type\":\"BreadcrumbList\",\"@id\":\"https:\\\/\\\/nobird.com\\\/?product=kuparilukot-lintutorjuntavaijerille#breadcrumb\",\"itemListElement\":[{\"@type\":\"ListItem\",\"position\":1,\"name\":\"Home\",\"item\":\"https:\\\/\\\/nobird.com\\\/\"},{\"@type\":\"ListItem\",\"position\":2,\"name\":\"Kauppa\",\"item\":\"https:\\\/\\\/nobird.com\\\/?page_id=868\"},{\"@type\":\"ListItem\",\"position\":3,\"name\":\"Kuparilukot Lintutorjuntavaijerille\"}]},{\"@type\":\"WebSite\",\"@id\":\"https:\\\/\\\/nobird.com\\\/#website\",\"url\":\"https:\\\/\\\/nobird.com\\\/\",\"name\":\"No Birds - Bird Control Products\",\"description\":\"\",\"publisher\":{\"@id\":\"https:\\\/\\\/nobird.com\\\/#organization\"},\"potentialAction\":[{\"@type\":\"SearchAction\",\"target\":{\"@type\":\"EntryPoint\",\"urlTemplate\":\"https:\\\/\\\/nobird.com\\\/?s={search_term_string}\"},\"query-input\":{\"@type\":\"PropertyValueSpecification\",\"valueRequired\":true,\"valueName\":\"search_term_string\"}}],\"inLanguage\":\"fi\"},{\"@type\":\"Organization\",\"@id\":\"https:\\\/\\\/nobird.com\\\/#organization\",\"name\":\"No Birds - Bird Control Products\",\"url\":\"https:\\\/\\\/nobird.com\\\/\",\"logo\":{\"@type\":\"ImageObject\",\"inLanguage\":\"fi\",\"@id\":\"https:\\\/\\\/nobird.com\\\/#\\\/schema\\\/logo\\\/image\\\/\",\"url\":\"https:\\\/\\\/nobird.com\\\/wp-content\\\/uploads\\\/2020\\\/09\\\/cropped-logo-2.png\",\"contentUrl\":\"https:\\\/\\\/nobird.com\\\/wp-content\\\/uploads\\\/2020\\\/09\\\/cropped-logo-2.png\",\"width\":282,\"height\":75,\"caption\":\"No Birds - Bird Control Products\"},\"image\":{\"@id\":\"https:\\\/\\\/nobird.com\\\/#\\\/schema\\\/logo\\\/image\\\/\"}}]}<\/script>\n<!-- \/ Yoast SEO plugin. -->","yoast_head_json":{"title":"Kuparilukot Lintutorjuntavaijerille - No Birds - Bird Control Products","robots":{"index":"index","follow":"follow","max-snippet":"max-snippet:-1","max-image-preview":"max-image-preview:large","max-video-preview":"max-video-preview:-1"},"canonical":"https:\/\/nobird.com\/?product=kuparilukot-lintutorjuntavaijerille","og_locale":"fi_FI","og_type":"article","og_title":"Kuparilukot Lintutorjuntavaijerille - No Birds - Bird Control Products","og_description":"Kuparilukko lintuvaijerin kiinnitykseen Puristettava kuparilukko varmistaa vaijerin pit\u00e4v\u00e4n ja siistin kiinnityksen lintutorjuntakohteissa. Jokainen p\u00e4\u00e4t\u00f6s- tai kiinnityskohta vaatii yhden lukon. \u2705 Helppo ja nopea asentaa\u2705 Varma ja huomaamaton lukitus\u2705 Suunniteltu k\u00e4ytett\u00e4v\u00e4ksi ruostumattoman lintutorjuntavaijerin kanssa\u2705 Soveltuu ulkok\u00e4ytt\u00f6\u00f6n \u2013 ei ruostu Hinta: 0,80 \u20ac \/ kpl (alv 0 %) Kuvassa lukko on merkitty ympyr\u00e4ll\u00e4.","og_url":"https:\/\/nobird.com\/?product=kuparilukot-lintutorjuntavaijerille","og_site_name":"No Birds - Bird Control Products","article_modified_time":"2025-04-14T13:43:22+00:00","og_image":[{"width":522,"height":392,"url":"https:\/\/nobird.com\/wp-content\/uploads\/2025\/04\/kuparilukot.png","type":"image\/png"}],"twitter_card":"summary_large_image","twitter_misc":{"Arvioitu lukuaika":"1 minuutti"},"schema":{"@context":"https:\/\/schema.org","@graph":[{"@type":"WebPage","@id":"https:\/\/nobird.com\/?product=kuparilukot-lintutorjuntavaijerille","url":"https:\/\/nobird.com\/?product=kuparilukot-lintutorjuntavaijerille","name":"Kuparilukot Lintutorjuntavaijerille - No Birds - Bird Control Products","isPartOf":{"@id":"https:\/\/nobird.com\/#website"},"primaryImageOfPage":{"@id":"https:\/\/nobird.com\/?product=kuparilukot-lintutorjuntavaijerille#primaryimage"},"image":{"@id":"https:\/\/nobird.com\/?product=kuparilukot-lintutorjuntavaijerille#primaryimage"},"thumbnailUrl":"https:\/\/nobird.com\/wp-content\/uploads\/2025\/04\/kuparilukot.png","datePublished":"2025-04-14T12:52:28+00:00","dateModified":"2025-04-14T13:43:22+00:00","breadcrumb":{"@id":"https:\/\/nobird.com\/?product=kuparilukot-lintutorjuntavaijerille#breadcrumb"},"inLanguage":"fi","potentialAction":[{"@type":"ReadAction","target":["https:\/\/nobird.com\/?product=kuparilukot-lintutorjuntavaijerille"]}]},{"@type":"ImageObject","inLanguage":"fi","@id":"https:\/\/nobird.com\/?product=kuparilukot-lintutorjuntavaijerille#primaryimage","url":"https:\/\/nobird.com\/wp-content\/uploads\/2025\/04\/kuparilukot.png","contentUrl":"https:\/\/nobird.com\/wp-content\/uploads\/2025\/04\/kuparilukot.png","width":522,"height":392},{"@type":"BreadcrumbList","@id":"https:\/\/nobird.com\/?product=kuparilukot-lintutorjuntavaijerille#breadcrumb","itemListElement":[{"@type":"ListItem","position":1,"name":"Home","item":"https:\/\/nobird.com\/"},{"@type":"ListItem","position":2,"name":"Kauppa","item":"https:\/\/nobird.com\/?page_id=868"},{"@type":"ListItem","position":3,"name":"Kuparilukot Lintutorjuntavaijerille"}]},{"@type":"WebSite","@id":"https:\/\/nobird.com\/#website","url":"https:\/\/nobird.com\/","name":"No Birds - Bird Control Products","description":"","publisher":{"@id":"https:\/\/nobird.com\/#organization"},"potentialAction":[{"@type":"SearchAction","target":{"@type":"EntryPoint","urlTemplate":"https:\/\/nobird.com\/?s={search_term_string}"},"query-input":{"@type":"PropertyValueSpecification","valueRequired":true,"valueName":"search_term_string"}}],"inLanguage":"fi"},{"@type":"Organization","@id":"https:\/\/nobird.com\/#organization","name":"No Birds - Bird Control Products","url":"https:\/\/nobird.com\/","logo":{"@type":"ImageObject","inLanguage":"fi","@id":"https:\/\/nobird.com\/#\/schema\/logo\/image\/","url":"https:\/\/nobird.com\/wp-content\/uploads\/2020\/09\/cropped-logo-2.png","contentUrl":"https:\/\/nobird.com\/wp-content\/uploads\/2020\/09\/cropped-logo-2.png","width":282,"height":75,"caption":"No Birds - Bird Control Products"},"image":{"@id":"https:\/\/nobird.com\/#\/schema\/logo\/image\/"}}]}},"_links":{"self":[{"href":"https:\/\/nobird.com\/index.php?rest_route=\/wp\/v2\/product\/1129","targetHints":{"allow":["GET"]}}],"collection":[{"href":"https:\/\/nobird.com\/index.php?rest_route=\/wp\/v2\/product"}],"about":[{"href":"https:\/\/nobird.com\/index.php?rest_route=\/wp\/v2\/types\/product"}],"wp:featuredmedia":[{"embeddable":true,"href":"https:\/\/nobird.com\/index.php?rest_route=\/wp\/v2\/media\/1130"}],"wp:attachment":[{"href":"https:\/\/nobird.com\/index.php?rest_route=%2Fwp%2Fv2%2Fmedia&parent=1129"}],"wp:term":[{"taxonomy":"product_brand","embeddable":true,"href":"https:\/\/nobird.com\/index.php?rest_route=%2Fwp%2Fv2%2Fproduct_brand&post=1129"},{"taxonomy":"product_cat","embeddable":true,"href":"https:\/\/nobird.com\/index.php?rest_route=%2Fwp%2Fv2%2Fproduct_cat&post=1129"},{"taxonomy":"product_tag","embeddable":true,"href":"https:\/\/nobird.com\/index.php?rest_route=%2Fwp%2Fv2%2Fproduct_tag&post=1129"}],"curies":[{"name":"wp","href":"https:\/\/api.w.org\/{rel}","templated":true}]}}