{"id":460,"date":"2020-09-22T12:51:52","date_gmt":"2020-09-22T12:51:52","guid":{"rendered":"https:\/\/nobird.com\/?page_id=460"},"modified":"2024-07-21T06:42:38","modified_gmt":"2024-07-21T06:42:38","slug":"simonkentta-shopping-center-narinkkatorin-paasisaankaynti","status":"publish","type":"page","link":"https:\/\/nobird.com\/?page_id=460","title":{"rendered":"Simonkentt\u00e4 Shopping Center \/ Narinkkatorin p\u00e4\u00e4sis\u00e4\u00e4nk\u00e4ynti"},"content":{"rendered":"\t\t<div data-elementor-type=\"wp-page\" data-elementor-id=\"460\" class=\"elementor elementor-460\">\n\t\t\t\t\t\t<section class=\"elementor-section elementor-top-section elementor-element elementor-element-cd581ef elementor-section-boxed elementor-section-height-default elementor-section-height-default\" data-id=\"cd581ef\" data-element_type=\"section\" data-e-type=\"section\" data-settings=\"{&quot;background_background&quot;:&quot;classic&quot;}\">\n\t\t\t\t\t\t<div class=\"elementor-container elementor-column-gap-default\">\n\t\t\t\t\t<div class=\"elementor-column elementor-col-50 elementor-top-column elementor-element elementor-element-4e5639d\" data-id=\"4e5639d\" data-element_type=\"column\" data-e-type=\"column\">\n\t\t\t<div class=\"elementor-widget-wrap elementor-element-populated\">\n\t\t\t\t\t\t<div class=\"elementor-element elementor-element-7bea574 elementor-widget elementor-widget-spacer\" data-id=\"7bea574\" data-element_type=\"widget\" data-e-type=\"widget\" data-widget_type=\"spacer.default\">\n\t\t\t\t<div class=\"elementor-widget-container\">\n\t\t\t\t\t\t\t<div class=\"elementor-spacer\">\n\t\t\t<div class=\"elementor-spacer-inner\"><\/div>\n\t\t<\/div>\n\t\t\t\t\t\t<\/div>\n\t\t\t\t<\/div>\n\t\t\t\t<div class=\"elementor-element elementor-element-cdbd4c9 elementor-widget elementor-widget-heading\" data-id=\"cdbd4c9\" data-element_type=\"widget\" data-e-type=\"widget\" data-widget_type=\"heading.default\">\n\t\t\t\t<div class=\"elementor-widget-container\">\n\t\t\t\t\t<h2 class=\"elementor-heading-title elementor-size-default\">Simonkentt\u00e4 Shopping Center \/ Narinkkatorin p\u00e4\u00e4sis\u00e4\u00e4nk\u00e4ynti<\/h2>\t\t\t\t<\/div>\n\t\t\t\t<\/div>\n\t\t\t\t<div class=\"elementor-element elementor-element-f9ea4bf elementor-widget elementor-widget-text-editor\" data-id=\"f9ea4bf\" data-element_type=\"widget\" data-e-type=\"widget\" data-widget_type=\"text-editor.default\">\n\t\t\t\t<div class=\"elementor-widget-container\">\n\t\t\t\t\t\t\t\t\t<p>Keskeisell\u00e4 paikalla kaupungin keskustassa sijaitsevan ostoskeskuksen p\u00e4\u00e4sis\u00e4\u00e4nk\u00e4ynti.<\/p><p>Ostoskeskuksen puhtaus ja siisteys on t\u00e4rke\u00e4t\u00e4 niin turvallisuuden, kuin ostoskeskuksen brandin kannalta.<\/p><p>Lintuestekiskojen avulla varmistetaan, ett\u00e4 kaikilla aisteilla koettu kohtaaminen brandin kanssa s\u00e4ilyy korkeatasoisena.<\/p>\t\t\t\t\t\t\t\t<\/div>\n\t\t\t\t<\/div>\n\t\t\t\t\t<\/div>\n\t\t<\/div>\n\t\t\t\t<div class=\"elementor-column elementor-col-50 elementor-top-column elementor-element elementor-element-4cd3c99\" data-id=\"4cd3c99\" data-element_type=\"column\" data-e-type=\"column\">\n\t\t\t<div class=\"elementor-widget-wrap\">\n\t\t\t\t\t\t\t<\/div>\n\t\t<\/div>\n\t\t\t\t\t<\/div>\n\t\t<\/section>\n\t\t\t\t<section class=\"elementor-section elementor-top-section elementor-element elementor-element-2e8df3b elementor-section-boxed elementor-section-height-default elementor-section-height-default\" data-id=\"2e8df3b\" data-element_type=\"section\" data-e-type=\"section\" data-settings=\"{&quot;background_background&quot;:&quot;classic&quot;}\">\n\t\t\t\t\t\t<div class=\"elementor-container elementor-column-gap-default\">\n\t\t\t\t\t<div class=\"elementor-column elementor-col-100 elementor-top-column elementor-element elementor-element-b5b41da\" data-id=\"b5b41da\" data-element_type=\"column\" data-e-type=\"column\">\n\t\t\t<div class=\"elementor-widget-wrap elementor-element-populated\">\n\t\t\t\t\t\t<div class=\"elementor-element elementor-element-01b8593 elementor-widget elementor-widget-image\" data-id=\"01b8593\" data-element_type=\"widget\" data-e-type=\"widget\" data-widget_type=\"image.default\">\n\t\t\t\t<div class=\"elementor-widget-container\">\n\t\t\t\t\t\t\t\t\t\t\t\t\t\t\t<img fetchpriority=\"high\" decoding=\"async\" width=\"522\" height=\"347\" src=\"https:\/\/nobird.com\/wp-content\/uploads\/2020\/09\/kohde3_1a-522x-286.jpg\" class=\"attachment-large size-large wp-image-463\" alt=\"\" srcset=\"https:\/\/nobird.com\/wp-content\/uploads\/2020\/09\/kohde3_1a-522x-286.jpg 522w, https:\/\/nobird.com\/wp-content\/uploads\/2020\/09\/kohde3_1a-522x-286-350x233.jpg 350w, https:\/\/nobird.com\/wp-content\/uploads\/2020\/09\/kohde3_1a-522x-286-64x43.jpg 64w, https:\/\/nobird.com\/wp-content\/uploads\/2020\/09\/kohde3_1a-522x-286-300x199.jpg 300w\" sizes=\"(max-width: 522px) 100vw, 522px\" \/>\t\t\t\t\t\t\t\t\t\t\t\t\t\t\t<\/div>\n\t\t\t\t<\/div>\n\t\t\t\t\t<\/div>\n\t\t<\/div>\n\t\t\t\t\t<\/div>\n\t\t<\/section>\n\t\t\t\t<section class=\"elementor-section elementor-top-section elementor-element elementor-element-5f419db elementor-section-boxed elementor-section-height-default elementor-section-height-default\" data-id=\"5f419db\" data-element_type=\"section\" data-e-type=\"section\" data-settings=\"{&quot;background_background&quot;:&quot;classic&quot;}\">\n\t\t\t\t\t\t<div class=\"elementor-container elementor-column-gap-default\">\n\t\t\t\t\t<div class=\"elementor-column elementor-col-100 elementor-top-column elementor-element elementor-element-654b608\" data-id=\"654b608\" data-element_type=\"column\" data-e-type=\"column\">\n\t\t\t<div class=\"elementor-widget-wrap elementor-element-populated\">\n\t\t\t\t\t\t<div class=\"elementor-element elementor-element-3bc8ea0 elementor-widget elementor-widget-image\" data-id=\"3bc8ea0\" data-element_type=\"widget\" data-e-type=\"widget\" data-widget_type=\"image.default\">\n\t\t\t\t<div class=\"elementor-widget-container\">\n\t\t\t\t\t\t\t\t\t\t\t\t\t\t\t<img decoding=\"async\" width=\"522\" height=\"387\" src=\"https:\/\/nobird.com\/wp-content\/uploads\/2020\/09\/kohde_3b-522x-139.jpg\" class=\"attachment-large size-large wp-image-464\" alt=\"\" srcset=\"https:\/\/nobird.com\/wp-content\/uploads\/2020\/09\/kohde_3b-522x-139.jpg 522w, https:\/\/nobird.com\/wp-content\/uploads\/2020\/09\/kohde_3b-522x-139-350x259.jpg 350w, https:\/\/nobird.com\/wp-content\/uploads\/2020\/09\/kohde_3b-522x-139-64x47.jpg 64w, https:\/\/nobird.com\/wp-content\/uploads\/2020\/09\/kohde_3b-522x-139-300x222.jpg 300w\" sizes=\"(max-width: 522px) 100vw, 522px\" \/>\t\t\t\t\t\t\t\t\t\t\t\t\t\t\t<\/div>\n\t\t\t\t<\/div>\n\t\t\t\t\t<\/div>\n\t\t<\/div>\n\t\t\t\t\t<\/div>\n\t\t<\/section>\n\t\t\t\t<section class=\"elementor-section elementor-top-section elementor-element elementor-element-1d48a54 elementor-section-boxed elementor-section-height-default elementor-section-height-default\" data-id=\"1d48a54\" data-element_type=\"section\" data-e-type=\"section\" data-settings=\"{&quot;background_background&quot;:&quot;classic&quot;}\">\n\t\t\t\t\t\t<div class=\"elementor-container elementor-column-gap-default\">\n\t\t\t\t\t<div class=\"elementor-column elementor-col-100 elementor-top-column elementor-element elementor-element-f5ce876\" data-id=\"f5ce876\" data-element_type=\"column\" data-e-type=\"column\">\n\t\t\t<div class=\"elementor-widget-wrap elementor-element-populated\">\n\t\t\t\t\t\t<div class=\"elementor-element elementor-element-2ecf398 elementor-widget elementor-widget-image\" data-id=\"2ecf398\" data-element_type=\"widget\" data-e-type=\"widget\" data-widget_type=\"image.default\">\n\t\t\t\t<div class=\"elementor-widget-container\">\n\t\t\t\t\t\t\t\t\t\t\t\t\t\t\t<img decoding=\"async\" width=\"522\" height=\"334\" src=\"https:\/\/nobird.com\/wp-content\/uploads\/2020\/09\/kohde_3c-522x-139.jpg\" class=\"attachment-large size-large wp-image-465\" alt=\"\" srcset=\"https:\/\/nobird.com\/wp-content\/uploads\/2020\/09\/kohde_3c-522x-139.jpg 522w, https:\/\/nobird.com\/wp-content\/uploads\/2020\/09\/kohde_3c-522x-139-350x224.jpg 350w, https:\/\/nobird.com\/wp-content\/uploads\/2020\/09\/kohde_3c-522x-139-64x41.jpg 64w, https:\/\/nobird.com\/wp-content\/uploads\/2020\/09\/kohde_3c-522x-139-300x192.jpg 300w\" sizes=\"(max-width: 522px) 100vw, 522px\" \/>\t\t\t\t\t\t\t\t\t\t\t\t\t\t\t<\/div>\n\t\t\t\t<\/div>\n\t\t\t\t\t<\/div>\n\t\t<\/div>\n\t\t\t\t\t<\/div>\n\t\t<\/section>\n\t\t\t\t<section class=\"elementor-section elementor-top-section elementor-element elementor-element-693968e elementor-section-boxed elementor-section-height-default elementor-section-height-default\" data-id=\"693968e\" data-element_type=\"section\" data-e-type=\"section\" data-settings=\"{&quot;background_background&quot;:&quot;classic&quot;}\">\n\t\t\t\t\t\t<div class=\"elementor-container elementor-column-gap-default\">\n\t\t\t\t\t<div class=\"elementor-column elementor-col-100 elementor-top-column elementor-element elementor-element-972c623\" data-id=\"972c623\" data-element_type=\"column\" data-e-type=\"column\">\n\t\t\t<div class=\"elementor-widget-wrap elementor-element-populated\">\n\t\t\t\t\t\t<div class=\"elementor-element elementor-element-be62f08 elementor-widget elementor-widget-image\" data-id=\"be62f08\" data-element_type=\"widget\" data-e-type=\"widget\" data-widget_type=\"image.default\">\n\t\t\t\t<div class=\"elementor-widget-container\">\n\t\t\t\t\t\t\t\t\t\t\t\t\t\t\t<img loading=\"lazy\" decoding=\"async\" width=\"522\" height=\"260\" src=\"https:\/\/nobird.com\/wp-content\/uploads\/2020\/09\/kohde_3d-522x-139.jpg\" class=\"attachment-large size-large wp-image-466\" alt=\"\" srcset=\"https:\/\/nobird.com\/wp-content\/uploads\/2020\/09\/kohde_3d-522x-139.jpg 522w, https:\/\/nobird.com\/wp-content\/uploads\/2020\/09\/kohde_3d-522x-139-350x174.jpg 350w, https:\/\/nobird.com\/wp-content\/uploads\/2020\/09\/kohde_3d-522x-139-64x32.jpg 64w, https:\/\/nobird.com\/wp-content\/uploads\/2020\/09\/kohde_3d-522x-139-300x149.jpg 300w\" sizes=\"(max-width: 522px) 100vw, 522px\" \/>\t\t\t\t\t\t\t\t\t\t\t\t\t\t\t<\/div>\n\t\t\t\t<\/div>\n\t\t\t\t\t<\/div>\n\t\t<\/div>\n\t\t\t\t\t<\/div>\n\t\t<\/section>\n\t\t\t\t<\/div>\n\t\t","protected":false},"excerpt":{"rendered":"<p>Simonkentt\u00e4 Shopping Center \/ Narinkkatorin p\u00e4\u00e4sis\u00e4\u00e4nk\u00e4ynti Keskeisell\u00e4 paikalla kaupungin keskustassa sijaitsevan ostoskeskuksen p\u00e4\u00e4sis\u00e4\u00e4nk\u00e4ynti. Ostoskeskuksen puhtaus ja siisteys on t\u00e4rke\u00e4t\u00e4 niin turvallisuuden, kuin ostoskeskuksen brandin kannalta. Lintuestekiskojen avulla varmistetaan, ett\u00e4 kaikilla aisteilla koettu kohtaaminen brandin kanssa s\u00e4ilyy korkeatasoisena.<\/p>\n","protected":false},"author":2,"featured_media":0,"parent":0,"menu_order":0,"comment_status":"closed","ping_status":"closed","template":"","meta":{"footnotes":""},"class_list":["post-460","page","type-page","status-publish","hentry"],"yoast_head":"<!-- This site is optimized with the Yoast SEO plugin v27.5 - https:\/\/yoast.com\/product\/yoast-seo-wordpress\/ -->\n<title>Simonkentt\u00e4 Shopping Center \/ Narinkkatorin p\u00e4\u00e4sis\u00e4\u00e4nk\u00e4ynti - No Birds - Bird Control Products<\/title>\n<meta name=\"robots\" content=\"index, follow, max-snippet:-1, max-image-preview:large, max-video-preview:-1\" \/>\n<link rel=\"canonical\" href=\"https:\/\/nobird.com\/?page_id=460\" \/>\n<meta property=\"og:locale\" content=\"fi_FI\" \/>\n<meta property=\"og:type\" content=\"article\" \/>\n<meta property=\"og:title\" content=\"Simonkentt\u00e4 Shopping Center \/ Narinkkatorin p\u00e4\u00e4sis\u00e4\u00e4nk\u00e4ynti - No Birds - Bird Control Products\" \/>\n<meta property=\"og:description\" content=\"Simonkentt\u00e4 Shopping Center \/ Narinkkatorin p\u00e4\u00e4sis\u00e4\u00e4nk\u00e4ynti Keskeisell\u00e4 paikalla kaupungin keskustassa sijaitsevan ostoskeskuksen p\u00e4\u00e4sis\u00e4\u00e4nk\u00e4ynti. Ostoskeskuksen puhtaus ja siisteys on t\u00e4rke\u00e4t\u00e4 niin turvallisuuden, kuin ostoskeskuksen brandin kannalta. Lintuestekiskojen avulla varmistetaan, ett\u00e4 kaikilla aisteilla koettu kohtaaminen brandin kanssa s\u00e4ilyy korkeatasoisena.\" \/>\n<meta property=\"og:url\" content=\"https:\/\/nobird.com\/?page_id=460\" \/>\n<meta property=\"og:site_name\" content=\"No Birds - Bird Control Products\" \/>\n<meta property=\"article:modified_time\" content=\"2024-07-21T06:42:38+00:00\" \/>\n<meta property=\"og:image\" content=\"https:\/\/nobird.com\/wp-content\/uploads\/2020\/09\/kohde3_1a-522x-286.jpg\" \/>\n<meta name=\"twitter:card\" content=\"summary_large_image\" \/>\n<meta name=\"twitter:label1\" content=\"Arvioitu lukuaika\" \/>\n\t<meta name=\"twitter:data1\" content=\"2 minuuttia\" \/>\n<script type=\"application\/ld+json\" class=\"yoast-schema-graph\">{\"@context\":\"https:\\\/\\\/schema.org\",\"@graph\":[{\"@type\":\"WebPage\",\"@id\":\"https:\\\/\\\/nobird.com\\\/?page_id=460\",\"url\":\"https:\\\/\\\/nobird.com\\\/?page_id=460\",\"name\":\"Simonkentt\u00e4 Shopping Center \\\/ Narinkkatorin p\u00e4\u00e4sis\u00e4\u00e4nk\u00e4ynti - No Birds - Bird Control Products\",\"isPartOf\":{\"@id\":\"https:\\\/\\\/nobird.com\\\/#website\"},\"primaryImageOfPage\":{\"@id\":\"https:\\\/\\\/nobird.com\\\/?page_id=460#primaryimage\"},\"image\":{\"@id\":\"https:\\\/\\\/nobird.com\\\/?page_id=460#primaryimage\"},\"thumbnailUrl\":\"https:\\\/\\\/nobird.com\\\/wp-content\\\/uploads\\\/2020\\\/09\\\/kohde3_1a-522x-286.jpg\",\"datePublished\":\"2020-09-22T12:51:52+00:00\",\"dateModified\":\"2024-07-21T06:42:38+00:00\",\"breadcrumb\":{\"@id\":\"https:\\\/\\\/nobird.com\\\/?page_id=460#breadcrumb\"},\"inLanguage\":\"fi\",\"potentialAction\":[{\"@type\":\"ReadAction\",\"target\":[\"https:\\\/\\\/nobird.com\\\/?page_id=460\"]}]},{\"@type\":\"ImageObject\",\"inLanguage\":\"fi\",\"@id\":\"https:\\\/\\\/nobird.com\\\/?page_id=460#primaryimage\",\"url\":\"https:\\\/\\\/nobird.com\\\/wp-content\\\/uploads\\\/2020\\\/09\\\/kohde3_1a-522x-286.jpg\",\"contentUrl\":\"https:\\\/\\\/nobird.com\\\/wp-content\\\/uploads\\\/2020\\\/09\\\/kohde3_1a-522x-286.jpg\",\"width\":522,\"height\":347},{\"@type\":\"BreadcrumbList\",\"@id\":\"https:\\\/\\\/nobird.com\\\/?page_id=460#breadcrumb\",\"itemListElement\":[{\"@type\":\"ListItem\",\"position\":1,\"name\":\"Home\",\"item\":\"https:\\\/\\\/nobird.com\\\/\"},{\"@type\":\"ListItem\",\"position\":2,\"name\":\"Simonkentt\u00e4 Shopping Center \\\/ Narinkkatorin p\u00e4\u00e4sis\u00e4\u00e4nk\u00e4ynti\"}]},{\"@type\":\"WebSite\",\"@id\":\"https:\\\/\\\/nobird.com\\\/#website\",\"url\":\"https:\\\/\\\/nobird.com\\\/\",\"name\":\"No Birds - Bird Control Products\",\"description\":\"\",\"publisher\":{\"@id\":\"https:\\\/\\\/nobird.com\\\/#organization\"},\"potentialAction\":[{\"@type\":\"SearchAction\",\"target\":{\"@type\":\"EntryPoint\",\"urlTemplate\":\"https:\\\/\\\/nobird.com\\\/?s={search_term_string}\"},\"query-input\":{\"@type\":\"PropertyValueSpecification\",\"valueRequired\":true,\"valueName\":\"search_term_string\"}}],\"inLanguage\":\"fi\"},{\"@type\":\"Organization\",\"@id\":\"https:\\\/\\\/nobird.com\\\/#organization\",\"name\":\"No Birds - Bird Control Products\",\"url\":\"https:\\\/\\\/nobird.com\\\/\",\"logo\":{\"@type\":\"ImageObject\",\"inLanguage\":\"fi\",\"@id\":\"https:\\\/\\\/nobird.com\\\/#\\\/schema\\\/logo\\\/image\\\/\",\"url\":\"https:\\\/\\\/nobird.com\\\/wp-content\\\/uploads\\\/2020\\\/09\\\/cropped-logo-2.png\",\"contentUrl\":\"https:\\\/\\\/nobird.com\\\/wp-content\\\/uploads\\\/2020\\\/09\\\/cropped-logo-2.png\",\"width\":282,\"height\":75,\"caption\":\"No Birds - Bird Control Products\"},\"image\":{\"@id\":\"https:\\\/\\\/nobird.com\\\/#\\\/schema\\\/logo\\\/image\\\/\"}}]}<\/script>\n<!-- \/ Yoast SEO plugin. -->","yoast_head_json":{"title":"Simonkentt\u00e4 Shopping Center \/ Narinkkatorin p\u00e4\u00e4sis\u00e4\u00e4nk\u00e4ynti - No Birds - Bird Control Products","robots":{"index":"index","follow":"follow","max-snippet":"max-snippet:-1","max-image-preview":"max-image-preview:large","max-video-preview":"max-video-preview:-1"},"canonical":"https:\/\/nobird.com\/?page_id=460","og_locale":"fi_FI","og_type":"article","og_title":"Simonkentt\u00e4 Shopping Center \/ Narinkkatorin p\u00e4\u00e4sis\u00e4\u00e4nk\u00e4ynti - No Birds - Bird Control Products","og_description":"Simonkentt\u00e4 Shopping Center \/ Narinkkatorin p\u00e4\u00e4sis\u00e4\u00e4nk\u00e4ynti Keskeisell\u00e4 paikalla kaupungin keskustassa sijaitsevan ostoskeskuksen p\u00e4\u00e4sis\u00e4\u00e4nk\u00e4ynti. Ostoskeskuksen puhtaus ja siisteys on t\u00e4rke\u00e4t\u00e4 niin turvallisuuden, kuin ostoskeskuksen brandin kannalta. Lintuestekiskojen avulla varmistetaan, ett\u00e4 kaikilla aisteilla koettu kohtaaminen brandin kanssa s\u00e4ilyy korkeatasoisena.","og_url":"https:\/\/nobird.com\/?page_id=460","og_site_name":"No Birds - Bird Control Products","article_modified_time":"2024-07-21T06:42:38+00:00","og_image":[{"url":"https:\/\/nobird.com\/wp-content\/uploads\/2020\/09\/kohde3_1a-522x-286.jpg","type":"","width":"","height":""}],"twitter_card":"summary_large_image","twitter_misc":{"Arvioitu lukuaika":"2 minuuttia"},"schema":{"@context":"https:\/\/schema.org","@graph":[{"@type":"WebPage","@id":"https:\/\/nobird.com\/?page_id=460","url":"https:\/\/nobird.com\/?page_id=460","name":"Simonkentt\u00e4 Shopping Center \/ Narinkkatorin p\u00e4\u00e4sis\u00e4\u00e4nk\u00e4ynti - No Birds - Bird Control Products","isPartOf":{"@id":"https:\/\/nobird.com\/#website"},"primaryImageOfPage":{"@id":"https:\/\/nobird.com\/?page_id=460#primaryimage"},"image":{"@id":"https:\/\/nobird.com\/?page_id=460#primaryimage"},"thumbnailUrl":"https:\/\/nobird.com\/wp-content\/uploads\/2020\/09\/kohde3_1a-522x-286.jpg","datePublished":"2020-09-22T12:51:52+00:00","dateModified":"2024-07-21T06:42:38+00:00","breadcrumb":{"@id":"https:\/\/nobird.com\/?page_id=460#breadcrumb"},"inLanguage":"fi","potentialAction":[{"@type":"ReadAction","target":["https:\/\/nobird.com\/?page_id=460"]}]},{"@type":"ImageObject","inLanguage":"fi","@id":"https:\/\/nobird.com\/?page_id=460#primaryimage","url":"https:\/\/nobird.com\/wp-content\/uploads\/2020\/09\/kohde3_1a-522x-286.jpg","contentUrl":"https:\/\/nobird.com\/wp-content\/uploads\/2020\/09\/kohde3_1a-522x-286.jpg","width":522,"height":347},{"@type":"BreadcrumbList","@id":"https:\/\/nobird.com\/?page_id=460#breadcrumb","itemListElement":[{"@type":"ListItem","position":1,"name":"Home","item":"https:\/\/nobird.com\/"},{"@type":"ListItem","position":2,"name":"Simonkentt\u00e4 Shopping Center \/ Narinkkatorin p\u00e4\u00e4sis\u00e4\u00e4nk\u00e4ynti"}]},{"@type":"WebSite","@id":"https:\/\/nobird.com\/#website","url":"https:\/\/nobird.com\/","name":"No Birds - Bird Control Products","description":"","publisher":{"@id":"https:\/\/nobird.com\/#organization"},"potentialAction":[{"@type":"SearchAction","target":{"@type":"EntryPoint","urlTemplate":"https:\/\/nobird.com\/?s={search_term_string}"},"query-input":{"@type":"PropertyValueSpecification","valueRequired":true,"valueName":"search_term_string"}}],"inLanguage":"fi"},{"@type":"Organization","@id":"https:\/\/nobird.com\/#organization","name":"No Birds - Bird Control Products","url":"https:\/\/nobird.com\/","logo":{"@type":"ImageObject","inLanguage":"fi","@id":"https:\/\/nobird.com\/#\/schema\/logo\/image\/","url":"https:\/\/nobird.com\/wp-content\/uploads\/2020\/09\/cropped-logo-2.png","contentUrl":"https:\/\/nobird.com\/wp-content\/uploads\/2020\/09\/cropped-logo-2.png","width":282,"height":75,"caption":"No Birds - Bird Control Products"},"image":{"@id":"https:\/\/nobird.com\/#\/schema\/logo\/image\/"}}]}},"_links":{"self":[{"href":"https:\/\/nobird.com\/index.php?rest_route=\/wp\/v2\/pages\/460","targetHints":{"allow":["GET"]}}],"collection":[{"href":"https:\/\/nobird.com\/index.php?rest_route=\/wp\/v2\/pages"}],"about":[{"href":"https:\/\/nobird.com\/index.php?rest_route=\/wp\/v2\/types\/page"}],"author":[{"embeddable":true,"href":"https:\/\/nobird.com\/index.php?rest_route=\/wp\/v2\/users\/2"}],"replies":[{"embeddable":true,"href":"https:\/\/nobird.com\/index.php?rest_route=%2Fwp%2Fv2%2Fcomments&post=460"}],"version-history":[{"count":6,"href":"https:\/\/nobird.com\/index.php?rest_route=\/wp\/v2\/pages\/460\/revisions"}],"predecessor-version":[{"id":924,"href":"https:\/\/nobird.com\/index.php?rest_route=\/wp\/v2\/pages\/460\/revisions\/924"}],"wp:attachment":[{"href":"https:\/\/nobird.com\/index.php?rest_route=%2Fwp%2Fv2%2Fmedia&parent=460"}],"curies":[{"name":"wp","href":"https:\/\/api.w.org\/{rel}","templated":true}]}}