{"id":453,"date":"2020-09-22T12:46:59","date_gmt":"2020-09-22T12:46:59","guid":{"rendered":"https:\/\/nobird.com\/?page_id=453"},"modified":"2024-07-21T06:33:17","modified_gmt":"2024-07-21T06:33:17","slug":"sello-tower","status":"publish","type":"page","link":"https:\/\/nobird.com\/?page_id=453","title":{"rendered":"Sello Tower"},"content":{"rendered":"\t\t<div data-elementor-type=\"wp-page\" data-elementor-id=\"453\" class=\"elementor elementor-453\">\n\t\t\t\t\t\t<section class=\"elementor-section elementor-top-section elementor-element elementor-element-18320ed elementor-section-boxed elementor-section-height-default elementor-section-height-default\" data-id=\"18320ed\" data-element_type=\"section\" data-e-type=\"section\" data-settings=\"{&quot;background_background&quot;:&quot;classic&quot;}\">\n\t\t\t\t\t\t<div class=\"elementor-container elementor-column-gap-default\">\n\t\t\t\t\t<div class=\"elementor-column elementor-col-50 elementor-top-column elementor-element elementor-element-462de41\" data-id=\"462de41\" data-element_type=\"column\" data-e-type=\"column\">\n\t\t\t<div class=\"elementor-widget-wrap elementor-element-populated\">\n\t\t\t\t\t\t<div class=\"elementor-element elementor-element-14ecc10 elementor-widget elementor-widget-heading\" data-id=\"14ecc10\" data-element_type=\"widget\" data-e-type=\"widget\" data-widget_type=\"heading.default\">\n\t\t\t\t<div class=\"elementor-widget-container\">\n\t\t\t\t\t<h2 class=\"elementor-heading-title elementor-size-default\">Sello Tower<\/h2>\t\t\t\t<\/div>\n\t\t\t\t<\/div>\n\t\t\t\t<div class=\"elementor-element elementor-element-545d7bf elementor-widget elementor-widget-text-editor\" data-id=\"545d7bf\" data-element_type=\"widget\" data-e-type=\"widget\" data-widget_type=\"text-editor.default\">\n\t\t\t\t<div class=\"elementor-widget-container\">\n\t\t\t\t\t\t\t\t\t<p>Sello Towerin lintujentorjuntatarve otettiin huomioon jo suunnittelu- ja rakennusvaiheessa. Sello Towerin edistyksellisen puhdistustekniikan kannalta on eritt\u00e4in t\u00e4rke\u00e4t\u00e4, etteiv\u00e4t linnut p\u00e4\u00e4se laskeutumaan puhdistukseen k\u00e4ytett\u00e4v\u00e4lle pesukelkalle, joka kulkee kiskojen varassa.<\/p><p>Katolla sijaitsevan helikopterikent\u00e4n takia on kriittisen t\u00e4rke\u00e4t\u00e4, ett\u00e4 linnut eiv\u00e4t oleskele kent\u00e4n l\u00e4heisyydess\u00e4. Lintuestekiskojen avulla turvataan alue ja varmistetaan, etteiv\u00e4t linnut p\u00e4\u00e4se aiheuttamaan vaaratilanteita.<\/p>\t\t\t\t\t\t\t\t<\/div>\n\t\t\t\t<\/div>\n\t\t\t\t\t<\/div>\n\t\t<\/div>\n\t\t\t\t<div class=\"elementor-column elementor-col-50 elementor-top-column elementor-element elementor-element-ec126f6\" data-id=\"ec126f6\" data-element_type=\"column\" data-e-type=\"column\">\n\t\t\t<div class=\"elementor-widget-wrap\">\n\t\t\t\t\t\t\t<\/div>\n\t\t<\/div>\n\t\t\t\t\t<\/div>\n\t\t<\/section>\n\t\t\t\t<section class=\"elementor-section elementor-top-section elementor-element elementor-element-90ec425 elementor-section-boxed elementor-section-height-default elementor-section-height-default\" data-id=\"90ec425\" data-element_type=\"section\" data-e-type=\"section\" data-settings=\"{&quot;background_background&quot;:&quot;classic&quot;}\">\n\t\t\t\t\t\t<div class=\"elementor-container elementor-column-gap-default\">\n\t\t\t\t\t<div class=\"elementor-column elementor-col-100 elementor-top-column elementor-element elementor-element-87fb088\" data-id=\"87fb088\" data-element_type=\"column\" data-e-type=\"column\">\n\t\t\t<div class=\"elementor-widget-wrap elementor-element-populated\">\n\t\t\t\t\t\t<div class=\"elementor-element elementor-element-4674a6a elementor-widget elementor-widget-image\" data-id=\"4674a6a\" data-element_type=\"widget\" data-e-type=\"widget\" data-widget_type=\"image.default\">\n\t\t\t\t<div class=\"elementor-widget-container\">\n\t\t\t\t\t\t\t\t\t\t\t\t\t\t\t<img fetchpriority=\"high\" decoding=\"async\" width=\"522\" height=\"347\" src=\"https:\/\/nobird.com\/wp-content\/uploads\/2020\/09\/kohde6_1a-522x-51f.jpg\" class=\"attachment-large size-large wp-image-455\" alt=\"\" srcset=\"https:\/\/nobird.com\/wp-content\/uploads\/2020\/09\/kohde6_1a-522x-51f.jpg 522w, https:\/\/nobird.com\/wp-content\/uploads\/2020\/09\/kohde6_1a-522x-51f-350x233.jpg 350w, https:\/\/nobird.com\/wp-content\/uploads\/2020\/09\/kohde6_1a-522x-51f-64x43.jpg 64w, https:\/\/nobird.com\/wp-content\/uploads\/2020\/09\/kohde6_1a-522x-51f-300x199.jpg 300w\" sizes=\"(max-width: 522px) 100vw, 522px\" \/>\t\t\t\t\t\t\t\t\t\t\t\t\t\t\t<\/div>\n\t\t\t\t<\/div>\n\t\t\t\t\t<\/div>\n\t\t<\/div>\n\t\t\t\t\t<\/div>\n\t\t<\/section>\n\t\t\t\t<section class=\"elementor-section elementor-top-section elementor-element elementor-element-79d517d elementor-section-boxed elementor-section-height-default elementor-section-height-default\" data-id=\"79d517d\" data-element_type=\"section\" data-e-type=\"section\" data-settings=\"{&quot;background_background&quot;:&quot;classic&quot;}\">\n\t\t\t\t\t\t<div class=\"elementor-container elementor-column-gap-default\">\n\t\t\t\t\t<div class=\"elementor-column elementor-col-100 elementor-top-column elementor-element elementor-element-8bc01c6\" data-id=\"8bc01c6\" data-element_type=\"column\" data-e-type=\"column\">\n\t\t\t<div class=\"elementor-widget-wrap elementor-element-populated\">\n\t\t\t\t\t\t<div class=\"elementor-element elementor-element-58288b5 elementor-widget elementor-widget-image\" data-id=\"58288b5\" data-element_type=\"widget\" data-e-type=\"widget\" data-widget_type=\"image.default\">\n\t\t\t\t<div class=\"elementor-widget-container\">\n\t\t\t\t\t\t\t\t\t\t\t\t\t\t\t<img decoding=\"async\" width=\"522\" height=\"430\" src=\"https:\/\/nobird.com\/wp-content\/uploads\/2020\/09\/kohde_6b-522x-58c.jpg\" class=\"attachment-large size-large wp-image-456\" alt=\"\" srcset=\"https:\/\/nobird.com\/wp-content\/uploads\/2020\/09\/kohde_6b-522x-58c.jpg 522w, https:\/\/nobird.com\/wp-content\/uploads\/2020\/09\/kohde_6b-522x-58c-350x288.jpg 350w, https:\/\/nobird.com\/wp-content\/uploads\/2020\/09\/kohde_6b-522x-58c-64x53.jpg 64w, https:\/\/nobird.com\/wp-content\/uploads\/2020\/09\/kohde_6b-522x-58c-300x247.jpg 300w\" sizes=\"(max-width: 522px) 100vw, 522px\" \/>\t\t\t\t\t\t\t\t\t\t\t\t\t\t\t<\/div>\n\t\t\t\t<\/div>\n\t\t\t\t\t<\/div>\n\t\t<\/div>\n\t\t\t\t\t<\/div>\n\t\t<\/section>\n\t\t\t\t<section class=\"elementor-section elementor-top-section elementor-element elementor-element-b724a58 elementor-section-boxed elementor-section-height-default elementor-section-height-default\" data-id=\"b724a58\" data-element_type=\"section\" data-e-type=\"section\" data-settings=\"{&quot;background_background&quot;:&quot;classic&quot;}\">\n\t\t\t\t\t\t<div class=\"elementor-container elementor-column-gap-default\">\n\t\t\t\t\t<div class=\"elementor-column elementor-col-100 elementor-top-column elementor-element elementor-element-59c264d\" data-id=\"59c264d\" data-element_type=\"column\" data-e-type=\"column\">\n\t\t\t<div class=\"elementor-widget-wrap elementor-element-populated\">\n\t\t\t\t\t\t<div class=\"elementor-element elementor-element-e7183d1 elementor-widget elementor-widget-image\" data-id=\"e7183d1\" data-element_type=\"widget\" data-e-type=\"widget\" data-widget_type=\"image.default\">\n\t\t\t\t<div class=\"elementor-widget-container\">\n\t\t\t\t\t\t\t\t\t\t\t\t\t\t\t<img decoding=\"async\" width=\"522\" height=\"326\" src=\"https:\/\/nobird.com\/wp-content\/uploads\/2020\/09\/kohde_6c-522x-58c.jpg\" class=\"attachment-large size-large wp-image-457\" alt=\"\" srcset=\"https:\/\/nobird.com\/wp-content\/uploads\/2020\/09\/kohde_6c-522x-58c.jpg 522w, https:\/\/nobird.com\/wp-content\/uploads\/2020\/09\/kohde_6c-522x-58c-350x219.jpg 350w, https:\/\/nobird.com\/wp-content\/uploads\/2020\/09\/kohde_6c-522x-58c-64x40.jpg 64w, https:\/\/nobird.com\/wp-content\/uploads\/2020\/09\/kohde_6c-522x-58c-300x187.jpg 300w\" sizes=\"(max-width: 522px) 100vw, 522px\" \/>\t\t\t\t\t\t\t\t\t\t\t\t\t\t\t<\/div>\n\t\t\t\t<\/div>\n\t\t\t\t\t<\/div>\n\t\t<\/div>\n\t\t\t\t\t<\/div>\n\t\t<\/section>\n\t\t\t\t<section class=\"elementor-section elementor-top-section elementor-element elementor-element-f34e0b8 elementor-section-boxed elementor-section-height-default elementor-section-height-default\" data-id=\"f34e0b8\" data-element_type=\"section\" data-e-type=\"section\" data-settings=\"{&quot;background_background&quot;:&quot;classic&quot;}\">\n\t\t\t\t\t\t<div class=\"elementor-container elementor-column-gap-default\">\n\t\t\t\t\t<div class=\"elementor-column elementor-col-100 elementor-top-column elementor-element elementor-element-9418d4b\" data-id=\"9418d4b\" data-element_type=\"column\" data-e-type=\"column\">\n\t\t\t<div class=\"elementor-widget-wrap elementor-element-populated\">\n\t\t\t\t\t\t<div class=\"elementor-element elementor-element-abeeb51 elementor-widget elementor-widget-image\" data-id=\"abeeb51\" data-element_type=\"widget\" data-e-type=\"widget\" data-widget_type=\"image.default\">\n\t\t\t\t<div class=\"elementor-widget-container\">\n\t\t\t\t\t\t\t\t\t\t\t\t\t\t\t<img loading=\"lazy\" decoding=\"async\" width=\"522\" height=\"391\" src=\"https:\/\/nobird.com\/wp-content\/uploads\/2020\/09\/kohde_6d-522x-58c.jpg\" class=\"attachment-large size-large wp-image-458\" alt=\"\" srcset=\"https:\/\/nobird.com\/wp-content\/uploads\/2020\/09\/kohde_6d-522x-58c.jpg 522w, https:\/\/nobird.com\/wp-content\/uploads\/2020\/09\/kohde_6d-522x-58c-350x262.jpg 350w, https:\/\/nobird.com\/wp-content\/uploads\/2020\/09\/kohde_6d-522x-58c-64x48.jpg 64w, https:\/\/nobird.com\/wp-content\/uploads\/2020\/09\/kohde_6d-522x-58c-300x225.jpg 300w\" sizes=\"(max-width: 522px) 100vw, 522px\" \/>\t\t\t\t\t\t\t\t\t\t\t\t\t\t\t<\/div>\n\t\t\t\t<\/div>\n\t\t\t\t\t<\/div>\n\t\t<\/div>\n\t\t\t\t\t<\/div>\n\t\t<\/section>\n\t\t\t\t<\/div>\n\t\t","protected":false},"excerpt":{"rendered":"<p>Sello Tower Sello Towerin lintujentorjuntatarve otettiin huomioon jo suunnittelu- ja rakennusvaiheessa. Sello Towerin edistyksellisen puhdistustekniikan kannalta on eritt\u00e4in t\u00e4rke\u00e4t\u00e4, etteiv\u00e4t linnut p\u00e4\u00e4se laskeutumaan puhdistukseen k\u00e4ytett\u00e4v\u00e4lle pesukelkalle, joka kulkee kiskojen varassa. Katolla sijaitsevan helikopterikent\u00e4n takia on kriittisen t\u00e4rke\u00e4t\u00e4, ett\u00e4 linnut eiv\u00e4t oleskele kent\u00e4n l\u00e4heisyydess\u00e4. Lintuestekiskojen avulla turvataan alue ja varmistetaan, etteiv\u00e4t linnut p\u00e4\u00e4se aiheuttamaan vaaratilanteita.<\/p>\n","protected":false},"author":2,"featured_media":0,"parent":0,"menu_order":0,"comment_status":"closed","ping_status":"closed","template":"","meta":{"footnotes":""},"class_list":["post-453","page","type-page","status-publish","hentry"],"yoast_head":"<!-- This site is optimized with the Yoast SEO plugin v27.5 - https:\/\/yoast.com\/product\/yoast-seo-wordpress\/ -->\n<title>Sello Tower - No Birds - Bird Control Products<\/title>\n<meta name=\"robots\" content=\"index, follow, max-snippet:-1, max-image-preview:large, max-video-preview:-1\" \/>\n<link rel=\"canonical\" href=\"https:\/\/nobird.com\/?page_id=453\" \/>\n<meta property=\"og:locale\" content=\"fi_FI\" \/>\n<meta property=\"og:type\" content=\"article\" \/>\n<meta property=\"og:title\" content=\"Sello Tower - No Birds - Bird Control Products\" \/>\n<meta property=\"og:description\" content=\"Sello Tower Sello Towerin lintujentorjuntatarve otettiin huomioon jo suunnittelu- ja rakennusvaiheessa. Sello Towerin edistyksellisen puhdistustekniikan kannalta on eritt\u00e4in t\u00e4rke\u00e4t\u00e4, etteiv\u00e4t linnut p\u00e4\u00e4se laskeutumaan puhdistukseen k\u00e4ytett\u00e4v\u00e4lle pesukelkalle, joka kulkee kiskojen varassa. Katolla sijaitsevan helikopterikent\u00e4n takia on kriittisen t\u00e4rke\u00e4t\u00e4, ett\u00e4 linnut eiv\u00e4t oleskele kent\u00e4n l\u00e4heisyydess\u00e4. Lintuestekiskojen avulla turvataan alue ja varmistetaan, etteiv\u00e4t linnut p\u00e4\u00e4se aiheuttamaan vaaratilanteita.\" \/>\n<meta property=\"og:url\" content=\"https:\/\/nobird.com\/?page_id=453\" \/>\n<meta property=\"og:site_name\" content=\"No Birds - Bird Control Products\" \/>\n<meta property=\"article:modified_time\" content=\"2024-07-21T06:33:17+00:00\" \/>\n<meta property=\"og:image\" content=\"https:\/\/nobird.com\/wp-content\/uploads\/2020\/09\/kohde6_1a-522x-51f.jpg\" \/>\n<meta name=\"twitter:card\" content=\"summary_large_image\" \/>\n<meta name=\"twitter:label1\" content=\"Arvioitu lukuaika\" \/>\n\t<meta name=\"twitter:data1\" content=\"2 minuuttia\" \/>\n<script type=\"application\/ld+json\" class=\"yoast-schema-graph\">{\"@context\":\"https:\\\/\\\/schema.org\",\"@graph\":[{\"@type\":\"WebPage\",\"@id\":\"https:\\\/\\\/nobird.com\\\/?page_id=453\",\"url\":\"https:\\\/\\\/nobird.com\\\/?page_id=453\",\"name\":\"Sello Tower - No Birds - Bird Control Products\",\"isPartOf\":{\"@id\":\"https:\\\/\\\/nobird.com\\\/#website\"},\"primaryImageOfPage\":{\"@id\":\"https:\\\/\\\/nobird.com\\\/?page_id=453#primaryimage\"},\"image\":{\"@id\":\"https:\\\/\\\/nobird.com\\\/?page_id=453#primaryimage\"},\"thumbnailUrl\":\"https:\\\/\\\/nobird.com\\\/wp-content\\\/uploads\\\/2020\\\/09\\\/kohde6_1a-522x-51f.jpg\",\"datePublished\":\"2020-09-22T12:46:59+00:00\",\"dateModified\":\"2024-07-21T06:33:17+00:00\",\"breadcrumb\":{\"@id\":\"https:\\\/\\\/nobird.com\\\/?page_id=453#breadcrumb\"},\"inLanguage\":\"fi\",\"potentialAction\":[{\"@type\":\"ReadAction\",\"target\":[\"https:\\\/\\\/nobird.com\\\/?page_id=453\"]}]},{\"@type\":\"ImageObject\",\"inLanguage\":\"fi\",\"@id\":\"https:\\\/\\\/nobird.com\\\/?page_id=453#primaryimage\",\"url\":\"https:\\\/\\\/nobird.com\\\/wp-content\\\/uploads\\\/2020\\\/09\\\/kohde6_1a-522x-51f.jpg\",\"contentUrl\":\"https:\\\/\\\/nobird.com\\\/wp-content\\\/uploads\\\/2020\\\/09\\\/kohde6_1a-522x-51f.jpg\",\"width\":522,\"height\":347},{\"@type\":\"BreadcrumbList\",\"@id\":\"https:\\\/\\\/nobird.com\\\/?page_id=453#breadcrumb\",\"itemListElement\":[{\"@type\":\"ListItem\",\"position\":1,\"name\":\"Home\",\"item\":\"https:\\\/\\\/nobird.com\\\/\"},{\"@type\":\"ListItem\",\"position\":2,\"name\":\"Sello Tower\"}]},{\"@type\":\"WebSite\",\"@id\":\"https:\\\/\\\/nobird.com\\\/#website\",\"url\":\"https:\\\/\\\/nobird.com\\\/\",\"name\":\"No Birds - Bird Control Products\",\"description\":\"\",\"publisher\":{\"@id\":\"https:\\\/\\\/nobird.com\\\/#organization\"},\"potentialAction\":[{\"@type\":\"SearchAction\",\"target\":{\"@type\":\"EntryPoint\",\"urlTemplate\":\"https:\\\/\\\/nobird.com\\\/?s={search_term_string}\"},\"query-input\":{\"@type\":\"PropertyValueSpecification\",\"valueRequired\":true,\"valueName\":\"search_term_string\"}}],\"inLanguage\":\"fi\"},{\"@type\":\"Organization\",\"@id\":\"https:\\\/\\\/nobird.com\\\/#organization\",\"name\":\"No Birds - Bird Control Products\",\"url\":\"https:\\\/\\\/nobird.com\\\/\",\"logo\":{\"@type\":\"ImageObject\",\"inLanguage\":\"fi\",\"@id\":\"https:\\\/\\\/nobird.com\\\/#\\\/schema\\\/logo\\\/image\\\/\",\"url\":\"https:\\\/\\\/nobird.com\\\/wp-content\\\/uploads\\\/2020\\\/09\\\/cropped-logo-2.png\",\"contentUrl\":\"https:\\\/\\\/nobird.com\\\/wp-content\\\/uploads\\\/2020\\\/09\\\/cropped-logo-2.png\",\"width\":282,\"height\":75,\"caption\":\"No Birds - Bird Control Products\"},\"image\":{\"@id\":\"https:\\\/\\\/nobird.com\\\/#\\\/schema\\\/logo\\\/image\\\/\"}}]}<\/script>\n<!-- \/ Yoast SEO plugin. -->","yoast_head_json":{"title":"Sello Tower - No Birds - Bird Control Products","robots":{"index":"index","follow":"follow","max-snippet":"max-snippet:-1","max-image-preview":"max-image-preview:large","max-video-preview":"max-video-preview:-1"},"canonical":"https:\/\/nobird.com\/?page_id=453","og_locale":"fi_FI","og_type":"article","og_title":"Sello Tower - No Birds - Bird Control Products","og_description":"Sello Tower Sello Towerin lintujentorjuntatarve otettiin huomioon jo suunnittelu- ja rakennusvaiheessa. Sello Towerin edistyksellisen puhdistustekniikan kannalta on eritt\u00e4in t\u00e4rke\u00e4t\u00e4, etteiv\u00e4t linnut p\u00e4\u00e4se laskeutumaan puhdistukseen k\u00e4ytett\u00e4v\u00e4lle pesukelkalle, joka kulkee kiskojen varassa. Katolla sijaitsevan helikopterikent\u00e4n takia on kriittisen t\u00e4rke\u00e4t\u00e4, ett\u00e4 linnut eiv\u00e4t oleskele kent\u00e4n l\u00e4heisyydess\u00e4. Lintuestekiskojen avulla turvataan alue ja varmistetaan, etteiv\u00e4t linnut p\u00e4\u00e4se aiheuttamaan vaaratilanteita.","og_url":"https:\/\/nobird.com\/?page_id=453","og_site_name":"No Birds - Bird Control Products","article_modified_time":"2024-07-21T06:33:17+00:00","og_image":[{"url":"https:\/\/nobird.com\/wp-content\/uploads\/2020\/09\/kohde6_1a-522x-51f.jpg","type":"","width":"","height":""}],"twitter_card":"summary_large_image","twitter_misc":{"Arvioitu lukuaika":"2 minuuttia"},"schema":{"@context":"https:\/\/schema.org","@graph":[{"@type":"WebPage","@id":"https:\/\/nobird.com\/?page_id=453","url":"https:\/\/nobird.com\/?page_id=453","name":"Sello Tower - No Birds - Bird Control Products","isPartOf":{"@id":"https:\/\/nobird.com\/#website"},"primaryImageOfPage":{"@id":"https:\/\/nobird.com\/?page_id=453#primaryimage"},"image":{"@id":"https:\/\/nobird.com\/?page_id=453#primaryimage"},"thumbnailUrl":"https:\/\/nobird.com\/wp-content\/uploads\/2020\/09\/kohde6_1a-522x-51f.jpg","datePublished":"2020-09-22T12:46:59+00:00","dateModified":"2024-07-21T06:33:17+00:00","breadcrumb":{"@id":"https:\/\/nobird.com\/?page_id=453#breadcrumb"},"inLanguage":"fi","potentialAction":[{"@type":"ReadAction","target":["https:\/\/nobird.com\/?page_id=453"]}]},{"@type":"ImageObject","inLanguage":"fi","@id":"https:\/\/nobird.com\/?page_id=453#primaryimage","url":"https:\/\/nobird.com\/wp-content\/uploads\/2020\/09\/kohde6_1a-522x-51f.jpg","contentUrl":"https:\/\/nobird.com\/wp-content\/uploads\/2020\/09\/kohde6_1a-522x-51f.jpg","width":522,"height":347},{"@type":"BreadcrumbList","@id":"https:\/\/nobird.com\/?page_id=453#breadcrumb","itemListElement":[{"@type":"ListItem","position":1,"name":"Home","item":"https:\/\/nobird.com\/"},{"@type":"ListItem","position":2,"name":"Sello Tower"}]},{"@type":"WebSite","@id":"https:\/\/nobird.com\/#website","url":"https:\/\/nobird.com\/","name":"No Birds - Bird Control Products","description":"","publisher":{"@id":"https:\/\/nobird.com\/#organization"},"potentialAction":[{"@type":"SearchAction","target":{"@type":"EntryPoint","urlTemplate":"https:\/\/nobird.com\/?s={search_term_string}"},"query-input":{"@type":"PropertyValueSpecification","valueRequired":true,"valueName":"search_term_string"}}],"inLanguage":"fi"},{"@type":"Organization","@id":"https:\/\/nobird.com\/#organization","name":"No Birds - Bird Control Products","url":"https:\/\/nobird.com\/","logo":{"@type":"ImageObject","inLanguage":"fi","@id":"https:\/\/nobird.com\/#\/schema\/logo\/image\/","url":"https:\/\/nobird.com\/wp-content\/uploads\/2020\/09\/cropped-logo-2.png","contentUrl":"https:\/\/nobird.com\/wp-content\/uploads\/2020\/09\/cropped-logo-2.png","width":282,"height":75,"caption":"No Birds - Bird Control Products"},"image":{"@id":"https:\/\/nobird.com\/#\/schema\/logo\/image\/"}}]}},"_links":{"self":[{"href":"https:\/\/nobird.com\/index.php?rest_route=\/wp\/v2\/pages\/453","targetHints":{"allow":["GET"]}}],"collection":[{"href":"https:\/\/nobird.com\/index.php?rest_route=\/wp\/v2\/pages"}],"about":[{"href":"https:\/\/nobird.com\/index.php?rest_route=\/wp\/v2\/types\/page"}],"author":[{"embeddable":true,"href":"https:\/\/nobird.com\/index.php?rest_route=\/wp\/v2\/users\/2"}],"replies":[{"embeddable":true,"href":"https:\/\/nobird.com\/index.php?rest_route=%2Fwp%2Fv2%2Fcomments&post=453"}],"version-history":[{"count":8,"href":"https:\/\/nobird.com\/index.php?rest_route=\/wp\/v2\/pages\/453\/revisions"}],"predecessor-version":[{"id":909,"href":"https:\/\/nobird.com\/index.php?rest_route=\/wp\/v2\/pages\/453\/revisions\/909"}],"wp:attachment":[{"href":"https:\/\/nobird.com\/index.php?rest_route=%2Fwp%2Fv2%2Fmedia&parent=453"}],"curies":[{"name":"wp","href":"https:\/\/api.w.org\/{rel}","templated":true}]}}