{"id":435,"date":"2020-09-22T12:13:02","date_gmt":"2020-09-22T12:13:02","guid":{"rendered":"https:\/\/nobird.com\/?page_id=435"},"modified":"2024-07-21T06:39:42","modified_gmt":"2024-07-21T06:39:42","slug":"juna-asema","status":"publish","type":"page","link":"https:\/\/nobird.com\/?page_id=435","title":{"rendered":"Juna-Asema"},"content":{"rendered":"\t\t<div data-elementor-type=\"wp-page\" data-elementor-id=\"435\" class=\"elementor elementor-435\">\n\t\t\t\t\t\t<section class=\"elementor-section elementor-top-section elementor-element elementor-element-47b09e9 elementor-section-boxed elementor-section-height-default elementor-section-height-default\" data-id=\"47b09e9\" data-element_type=\"section\" data-e-type=\"section\" data-settings=\"{&quot;background_background&quot;:&quot;classic&quot;}\">\n\t\t\t\t\t\t<div class=\"elementor-container elementor-column-gap-default\">\n\t\t\t\t\t<div class=\"elementor-column elementor-col-50 elementor-top-column elementor-element elementor-element-ff6b860\" data-id=\"ff6b860\" data-element_type=\"column\" data-e-type=\"column\">\n\t\t\t<div class=\"elementor-widget-wrap elementor-element-populated\">\n\t\t\t\t\t\t<div class=\"elementor-element elementor-element-358f448 elementor-widget elementor-widget-spacer\" data-id=\"358f448\" data-element_type=\"widget\" data-e-type=\"widget\" data-widget_type=\"spacer.default\">\n\t\t\t\t<div class=\"elementor-widget-container\">\n\t\t\t\t\t\t\t<div class=\"elementor-spacer\">\n\t\t\t<div class=\"elementor-spacer-inner\"><\/div>\n\t\t<\/div>\n\t\t\t\t\t\t<\/div>\n\t\t\t\t<\/div>\n\t\t\t\t<div class=\"elementor-element elementor-element-db48359 elementor-widget elementor-widget-heading\" data-id=\"db48359\" data-element_type=\"widget\" data-e-type=\"widget\" data-widget_type=\"heading.default\">\n\t\t\t\t<div class=\"elementor-widget-container\">\n\t\t\t\t\t<h2 class=\"elementor-heading-title elementor-size-default\">Juna-Asema<\/h2>\t\t\t\t<\/div>\n\t\t\t\t<\/div>\n\t\t\t\t<div class=\"elementor-element elementor-element-fba500d elementor-widget elementor-widget-text-editor\" data-id=\"fba500d\" data-element_type=\"widget\" data-e-type=\"widget\" data-widget_type=\"text-editor.default\">\n\t\t\t\t<div class=\"elementor-widget-container\">\n\t\t\t\t\t\t\t\t\t<div class=\"wrapper\"><p>Lintujen ulosteet aiheuttavat vikoja ja h\u00e4iri\u00f6it\u00e4 teknisiin laitteisiin ja niiden puhdistustarve lis\u00e4\u00e4ntyy. Laitteiden luotettavuuden ja liikenteen sujumisen kannalta on t\u00e4rke\u00e4t\u00e4 suojata laitteet ja varmistaa, ettei h\u00e4iri\u00f6it\u00e4 ja vikoja p\u00e4\u00e4se syntym\u00e4\u00e4n.<\/p><p>Lis\u00e4ksi joukkoliikenteen hygieniatason kannalta on ensiarvoisen t\u00e4rke\u00e4t\u00e4, ettei lintujen ulosteet kulkeudu julkisiin tiloihin.<\/p><p>Lintuestekiskon avulla varmistetaan teknisten laitteiden h\u00e4iri\u00f6tt\u00f6myys, aseman siisteys ja viihtyisyys, sek\u00e4 pidet\u00e4\u00e4n hygieniataso korkealla ja estet\u00e4\u00e4n tautien ja epidemioiden levi\u00e4minen.<\/p><\/div><aside><\/aside>\t\t\t\t\t\t\t\t<\/div>\n\t\t\t\t<\/div>\n\t\t\t\t\t<\/div>\n\t\t<\/div>\n\t\t\t\t<div class=\"elementor-column elementor-col-50 elementor-top-column elementor-element elementor-element-6fec5ba\" data-id=\"6fec5ba\" data-element_type=\"column\" data-e-type=\"column\">\n\t\t\t<div class=\"elementor-widget-wrap\">\n\t\t\t\t\t\t\t<\/div>\n\t\t<\/div>\n\t\t\t\t\t<\/div>\n\t\t<\/section>\n\t\t\t\t<section class=\"elementor-section elementor-top-section elementor-element elementor-element-427923a elementor-section-boxed elementor-section-height-default elementor-section-height-default\" data-id=\"427923a\" data-element_type=\"section\" data-e-type=\"section\" data-settings=\"{&quot;background_background&quot;:&quot;classic&quot;}\">\n\t\t\t\t\t\t<div class=\"elementor-container elementor-column-gap-default\">\n\t\t\t\t\t<div class=\"elementor-column elementor-col-100 elementor-top-column elementor-element elementor-element-24b35d3\" data-id=\"24b35d3\" data-element_type=\"column\" data-e-type=\"column\">\n\t\t\t<div class=\"elementor-widget-wrap elementor-element-populated\">\n\t\t\t\t\t\t<div class=\"elementor-element elementor-element-2684c88 elementor-widget elementor-widget-image\" data-id=\"2684c88\" data-element_type=\"widget\" data-e-type=\"widget\" data-widget_type=\"image.default\">\n\t\t\t\t<div class=\"elementor-widget-container\">\n\t\t\t\t\t\t\t\t\t\t\t\t\t\t\t<img fetchpriority=\"high\" decoding=\"async\" width=\"522\" height=\"347\" src=\"https:\/\/nobird.com\/wp-content\/uploads\/2020\/09\/kohde5_1a-522x-778.jpg\" class=\"attachment-large size-large wp-image-323\" alt=\"\" srcset=\"https:\/\/nobird.com\/wp-content\/uploads\/2020\/09\/kohde5_1a-522x-778.jpg 522w, https:\/\/nobird.com\/wp-content\/uploads\/2020\/09\/kohde5_1a-522x-778-350x233.jpg 350w, https:\/\/nobird.com\/wp-content\/uploads\/2020\/09\/kohde5_1a-522x-778-64x43.jpg 64w, https:\/\/nobird.com\/wp-content\/uploads\/2020\/09\/kohde5_1a-522x-778-300x199.jpg 300w\" sizes=\"(max-width: 522px) 100vw, 522px\" \/>\t\t\t\t\t\t\t\t\t\t\t\t\t\t\t<\/div>\n\t\t\t\t<\/div>\n\t\t\t\t<div class=\"elementor-element elementor-element-c36c238 elementor-widget elementor-widget-image\" data-id=\"c36c238\" data-element_type=\"widget\" data-e-type=\"widget\" data-widget_type=\"image.default\">\n\t\t\t\t<div class=\"elementor-widget-container\">\n\t\t\t\t\t\t\t\t\t\t\t\t\t\t\t<img decoding=\"async\" width=\"522\" height=\"346\" src=\"https:\/\/nobird.com\/wp-content\/uploads\/2020\/09\/kohde_5b-522x-67b.jpg\" class=\"attachment-large size-large wp-image-324\" alt=\"\" srcset=\"https:\/\/nobird.com\/wp-content\/uploads\/2020\/09\/kohde_5b-522x-67b.jpg 522w, https:\/\/nobird.com\/wp-content\/uploads\/2020\/09\/kohde_5b-522x-67b-350x232.jpg 350w, https:\/\/nobird.com\/wp-content\/uploads\/2020\/09\/kohde_5b-522x-67b-64x42.jpg 64w, https:\/\/nobird.com\/wp-content\/uploads\/2020\/09\/kohde_5b-522x-67b-300x199.jpg 300w\" sizes=\"(max-width: 522px) 100vw, 522px\" \/>\t\t\t\t\t\t\t\t\t\t\t\t\t\t\t<\/div>\n\t\t\t\t<\/div>\n\t\t\t\t<div class=\"elementor-element elementor-element-5323620 elementor-widget elementor-widget-image\" data-id=\"5323620\" data-element_type=\"widget\" data-e-type=\"widget\" data-widget_type=\"image.default\">\n\t\t\t\t<div class=\"elementor-widget-container\">\n\t\t\t\t\t\t\t\t\t\t\t\t\t\t\t<img decoding=\"async\" width=\"522\" height=\"347\" src=\"https:\/\/nobird.com\/wp-content\/uploads\/2020\/09\/kohde_5c-522x-67b.jpg\" class=\"attachment-large size-large wp-image-321\" alt=\"\" srcset=\"https:\/\/nobird.com\/wp-content\/uploads\/2020\/09\/kohde_5c-522x-67b.jpg 522w, https:\/\/nobird.com\/wp-content\/uploads\/2020\/09\/kohde_5c-522x-67b-350x233.jpg 350w, https:\/\/nobird.com\/wp-content\/uploads\/2020\/09\/kohde_5c-522x-67b-64x43.jpg 64w, https:\/\/nobird.com\/wp-content\/uploads\/2020\/09\/kohde_5c-522x-67b-300x199.jpg 300w\" sizes=\"(max-width: 522px) 100vw, 522px\" \/>\t\t\t\t\t\t\t\t\t\t\t\t\t\t\t<\/div>\n\t\t\t\t<\/div>\n\t\t\t\t<div class=\"elementor-element elementor-element-540e6c0 elementor-widget elementor-widget-image\" data-id=\"540e6c0\" data-element_type=\"widget\" data-e-type=\"widget\" data-widget_type=\"image.default\">\n\t\t\t\t<div class=\"elementor-widget-container\">\n\t\t\t\t\t\t\t\t\t\t\t\t\t\t\t<img loading=\"lazy\" decoding=\"async\" width=\"522\" height=\"376\" src=\"https:\/\/nobird.com\/wp-content\/uploads\/2020\/09\/kohde_5d-522x-67b.jpg\" class=\"attachment-large size-large wp-image-322\" alt=\"\" srcset=\"https:\/\/nobird.com\/wp-content\/uploads\/2020\/09\/kohde_5d-522x-67b.jpg 522w, https:\/\/nobird.com\/wp-content\/uploads\/2020\/09\/kohde_5d-522x-67b-350x252.jpg 350w, https:\/\/nobird.com\/wp-content\/uploads\/2020\/09\/kohde_5d-522x-67b-64x46.jpg 64w, https:\/\/nobird.com\/wp-content\/uploads\/2020\/09\/kohde_5d-522x-67b-300x216.jpg 300w\" sizes=\"(max-width: 522px) 100vw, 522px\" \/>\t\t\t\t\t\t\t\t\t\t\t\t\t\t\t<\/div>\n\t\t\t\t<\/div>\n\t\t\t\t\t<\/div>\n\t\t<\/div>\n\t\t\t\t\t<\/div>\n\t\t<\/section>\n\t\t\t\t<section class=\"elementor-section elementor-top-section elementor-element elementor-element-3bfeda5 elementor-section-boxed elementor-section-height-default elementor-section-height-default\" data-id=\"3bfeda5\" data-element_type=\"section\" data-e-type=\"section\">\n\t\t\t\t\t\t<div class=\"elementor-container elementor-column-gap-default\">\n\t\t\t\t\t<div class=\"elementor-column elementor-col-100 elementor-top-column elementor-element elementor-element-3b7061c\" data-id=\"3b7061c\" data-element_type=\"column\" data-e-type=\"column\">\n\t\t\t<div class=\"elementor-widget-wrap\">\n\t\t\t\t\t\t\t<\/div>\n\t\t<\/div>\n\t\t\t\t\t<\/div>\n\t\t<\/section>\n\t\t\t\t<section class=\"elementor-section elementor-top-section elementor-element elementor-element-592a2ac elementor-section-boxed elementor-section-height-default elementor-section-height-default\" data-id=\"592a2ac\" data-element_type=\"section\" data-e-type=\"section\">\n\t\t\t\t\t\t<div class=\"elementor-container elementor-column-gap-default\">\n\t\t\t\t\t<div class=\"elementor-column elementor-col-100 elementor-top-column elementor-element elementor-element-0a70597\" data-id=\"0a70597\" data-element_type=\"column\" data-e-type=\"column\">\n\t\t\t<div class=\"elementor-widget-wrap\">\n\t\t\t\t\t\t\t<\/div>\n\t\t<\/div>\n\t\t\t\t\t<\/div>\n\t\t<\/section>\n\t\t\t\t<\/div>\n\t\t","protected":false},"excerpt":{"rendered":"<p>Juna-Asema Lintujen ulosteet aiheuttavat vikoja ja h\u00e4iri\u00f6it\u00e4 teknisiin laitteisiin ja niiden puhdistustarve lis\u00e4\u00e4ntyy. Laitteiden luotettavuuden ja liikenteen sujumisen kannalta on t\u00e4rke\u00e4t\u00e4 suojata laitteet ja varmistaa, ettei h\u00e4iri\u00f6it\u00e4 ja vikoja p\u00e4\u00e4se syntym\u00e4\u00e4n. Lis\u00e4ksi joukkoliikenteen hygieniatason kannalta on ensiarvoisen t\u00e4rke\u00e4t\u00e4, ettei lintujen ulosteet kulkeudu julkisiin tiloihin. Lintuestekiskon avulla varmistetaan teknisten laitteiden h\u00e4iri\u00f6tt\u00f6myys, aseman siisteys ja viihtyisyys, sek\u00e4 [&hellip;]<\/p>\n","protected":false},"author":2,"featured_media":0,"parent":0,"menu_order":0,"comment_status":"closed","ping_status":"closed","template":"","meta":{"footnotes":""},"class_list":["post-435","page","type-page","status-publish","hentry"],"yoast_head":"<!-- This site is optimized with the Yoast SEO plugin v27.5 - https:\/\/yoast.com\/product\/yoast-seo-wordpress\/ -->\n<title>Juna-Asema - No Birds - Bird Control Products<\/title>\n<meta name=\"robots\" content=\"index, follow, max-snippet:-1, max-image-preview:large, max-video-preview:-1\" \/>\n<link rel=\"canonical\" href=\"https:\/\/nobird.com\/?page_id=435\" \/>\n<meta property=\"og:locale\" content=\"fi_FI\" \/>\n<meta property=\"og:type\" content=\"article\" \/>\n<meta property=\"og:title\" content=\"Juna-Asema - No Birds - Bird Control Products\" \/>\n<meta property=\"og:description\" content=\"Juna-Asema Lintujen ulosteet aiheuttavat vikoja ja h\u00e4iri\u00f6it\u00e4 teknisiin laitteisiin ja niiden puhdistustarve lis\u00e4\u00e4ntyy. Laitteiden luotettavuuden ja liikenteen sujumisen kannalta on t\u00e4rke\u00e4t\u00e4 suojata laitteet ja varmistaa, ettei h\u00e4iri\u00f6it\u00e4 ja vikoja p\u00e4\u00e4se syntym\u00e4\u00e4n. Lis\u00e4ksi joukkoliikenteen hygieniatason kannalta on ensiarvoisen t\u00e4rke\u00e4t\u00e4, ettei lintujen ulosteet kulkeudu julkisiin tiloihin. Lintuestekiskon avulla varmistetaan teknisten laitteiden h\u00e4iri\u00f6tt\u00f6myys, aseman siisteys ja viihtyisyys, sek\u00e4 [&hellip;]\" \/>\n<meta property=\"og:url\" content=\"https:\/\/nobird.com\/?page_id=435\" \/>\n<meta property=\"og:site_name\" content=\"No Birds - Bird Control Products\" \/>\n<meta property=\"article:modified_time\" content=\"2024-07-21T06:39:42+00:00\" \/>\n<meta property=\"og:image\" content=\"https:\/\/nobird.com\/wp-content\/uploads\/2020\/09\/kohde5_1a-522x-778.jpg\" \/>\n<meta name=\"twitter:card\" content=\"summary_large_image\" \/>\n<meta name=\"twitter:label1\" content=\"Arvioitu lukuaika\" \/>\n\t<meta name=\"twitter:data1\" content=\"2 minuuttia\" \/>\n<script type=\"application\/ld+json\" class=\"yoast-schema-graph\">{\"@context\":\"https:\\\/\\\/schema.org\",\"@graph\":[{\"@type\":\"WebPage\",\"@id\":\"https:\\\/\\\/nobird.com\\\/?page_id=435\",\"url\":\"https:\\\/\\\/nobird.com\\\/?page_id=435\",\"name\":\"Juna-Asema - No Birds - Bird Control Products\",\"isPartOf\":{\"@id\":\"https:\\\/\\\/nobird.com\\\/#website\"},\"primaryImageOfPage\":{\"@id\":\"https:\\\/\\\/nobird.com\\\/?page_id=435#primaryimage\"},\"image\":{\"@id\":\"https:\\\/\\\/nobird.com\\\/?page_id=435#primaryimage\"},\"thumbnailUrl\":\"https:\\\/\\\/nobird.com\\\/wp-content\\\/uploads\\\/2020\\\/09\\\/kohde5_1a-522x-778.jpg\",\"datePublished\":\"2020-09-22T12:13:02+00:00\",\"dateModified\":\"2024-07-21T06:39:42+00:00\",\"breadcrumb\":{\"@id\":\"https:\\\/\\\/nobird.com\\\/?page_id=435#breadcrumb\"},\"inLanguage\":\"fi\",\"potentialAction\":[{\"@type\":\"ReadAction\",\"target\":[\"https:\\\/\\\/nobird.com\\\/?page_id=435\"]}]},{\"@type\":\"ImageObject\",\"inLanguage\":\"fi\",\"@id\":\"https:\\\/\\\/nobird.com\\\/?page_id=435#primaryimage\",\"url\":\"https:\\\/\\\/nobird.com\\\/wp-content\\\/uploads\\\/2020\\\/09\\\/kohde5_1a-522x-778.jpg\",\"contentUrl\":\"https:\\\/\\\/nobird.com\\\/wp-content\\\/uploads\\\/2020\\\/09\\\/kohde5_1a-522x-778.jpg\",\"width\":522,\"height\":347},{\"@type\":\"BreadcrumbList\",\"@id\":\"https:\\\/\\\/nobird.com\\\/?page_id=435#breadcrumb\",\"itemListElement\":[{\"@type\":\"ListItem\",\"position\":1,\"name\":\"Home\",\"item\":\"https:\\\/\\\/nobird.com\\\/\"},{\"@type\":\"ListItem\",\"position\":2,\"name\":\"Juna-Asema\"}]},{\"@type\":\"WebSite\",\"@id\":\"https:\\\/\\\/nobird.com\\\/#website\",\"url\":\"https:\\\/\\\/nobird.com\\\/\",\"name\":\"No Birds - Bird Control Products\",\"description\":\"\",\"publisher\":{\"@id\":\"https:\\\/\\\/nobird.com\\\/#organization\"},\"potentialAction\":[{\"@type\":\"SearchAction\",\"target\":{\"@type\":\"EntryPoint\",\"urlTemplate\":\"https:\\\/\\\/nobird.com\\\/?s={search_term_string}\"},\"query-input\":{\"@type\":\"PropertyValueSpecification\",\"valueRequired\":true,\"valueName\":\"search_term_string\"}}],\"inLanguage\":\"fi\"},{\"@type\":\"Organization\",\"@id\":\"https:\\\/\\\/nobird.com\\\/#organization\",\"name\":\"No Birds - Bird Control Products\",\"url\":\"https:\\\/\\\/nobird.com\\\/\",\"logo\":{\"@type\":\"ImageObject\",\"inLanguage\":\"fi\",\"@id\":\"https:\\\/\\\/nobird.com\\\/#\\\/schema\\\/logo\\\/image\\\/\",\"url\":\"https:\\\/\\\/nobird.com\\\/wp-content\\\/uploads\\\/2020\\\/09\\\/cropped-logo-2.png\",\"contentUrl\":\"https:\\\/\\\/nobird.com\\\/wp-content\\\/uploads\\\/2020\\\/09\\\/cropped-logo-2.png\",\"width\":282,\"height\":75,\"caption\":\"No Birds - Bird Control Products\"},\"image\":{\"@id\":\"https:\\\/\\\/nobird.com\\\/#\\\/schema\\\/logo\\\/image\\\/\"}}]}<\/script>\n<!-- \/ Yoast SEO plugin. -->","yoast_head_json":{"title":"Juna-Asema - No Birds - Bird Control Products","robots":{"index":"index","follow":"follow","max-snippet":"max-snippet:-1","max-image-preview":"max-image-preview:large","max-video-preview":"max-video-preview:-1"},"canonical":"https:\/\/nobird.com\/?page_id=435","og_locale":"fi_FI","og_type":"article","og_title":"Juna-Asema - No Birds - Bird Control Products","og_description":"Juna-Asema Lintujen ulosteet aiheuttavat vikoja ja h\u00e4iri\u00f6it\u00e4 teknisiin laitteisiin ja niiden puhdistustarve lis\u00e4\u00e4ntyy. Laitteiden luotettavuuden ja liikenteen sujumisen kannalta on t\u00e4rke\u00e4t\u00e4 suojata laitteet ja varmistaa, ettei h\u00e4iri\u00f6it\u00e4 ja vikoja p\u00e4\u00e4se syntym\u00e4\u00e4n. Lis\u00e4ksi joukkoliikenteen hygieniatason kannalta on ensiarvoisen t\u00e4rke\u00e4t\u00e4, ettei lintujen ulosteet kulkeudu julkisiin tiloihin. Lintuestekiskon avulla varmistetaan teknisten laitteiden h\u00e4iri\u00f6tt\u00f6myys, aseman siisteys ja viihtyisyys, sek\u00e4 [&hellip;]","og_url":"https:\/\/nobird.com\/?page_id=435","og_site_name":"No Birds - Bird Control Products","article_modified_time":"2024-07-21T06:39:42+00:00","og_image":[{"url":"https:\/\/nobird.com\/wp-content\/uploads\/2020\/09\/kohde5_1a-522x-778.jpg","type":"","width":"","height":""}],"twitter_card":"summary_large_image","twitter_misc":{"Arvioitu lukuaika":"2 minuuttia"},"schema":{"@context":"https:\/\/schema.org","@graph":[{"@type":"WebPage","@id":"https:\/\/nobird.com\/?page_id=435","url":"https:\/\/nobird.com\/?page_id=435","name":"Juna-Asema - No Birds - Bird Control Products","isPartOf":{"@id":"https:\/\/nobird.com\/#website"},"primaryImageOfPage":{"@id":"https:\/\/nobird.com\/?page_id=435#primaryimage"},"image":{"@id":"https:\/\/nobird.com\/?page_id=435#primaryimage"},"thumbnailUrl":"https:\/\/nobird.com\/wp-content\/uploads\/2020\/09\/kohde5_1a-522x-778.jpg","datePublished":"2020-09-22T12:13:02+00:00","dateModified":"2024-07-21T06:39:42+00:00","breadcrumb":{"@id":"https:\/\/nobird.com\/?page_id=435#breadcrumb"},"inLanguage":"fi","potentialAction":[{"@type":"ReadAction","target":["https:\/\/nobird.com\/?page_id=435"]}]},{"@type":"ImageObject","inLanguage":"fi","@id":"https:\/\/nobird.com\/?page_id=435#primaryimage","url":"https:\/\/nobird.com\/wp-content\/uploads\/2020\/09\/kohde5_1a-522x-778.jpg","contentUrl":"https:\/\/nobird.com\/wp-content\/uploads\/2020\/09\/kohde5_1a-522x-778.jpg","width":522,"height":347},{"@type":"BreadcrumbList","@id":"https:\/\/nobird.com\/?page_id=435#breadcrumb","itemListElement":[{"@type":"ListItem","position":1,"name":"Home","item":"https:\/\/nobird.com\/"},{"@type":"ListItem","position":2,"name":"Juna-Asema"}]},{"@type":"WebSite","@id":"https:\/\/nobird.com\/#website","url":"https:\/\/nobird.com\/","name":"No Birds - Bird Control Products","description":"","publisher":{"@id":"https:\/\/nobird.com\/#organization"},"potentialAction":[{"@type":"SearchAction","target":{"@type":"EntryPoint","urlTemplate":"https:\/\/nobird.com\/?s={search_term_string}"},"query-input":{"@type":"PropertyValueSpecification","valueRequired":true,"valueName":"search_term_string"}}],"inLanguage":"fi"},{"@type":"Organization","@id":"https:\/\/nobird.com\/#organization","name":"No Birds - Bird Control Products","url":"https:\/\/nobird.com\/","logo":{"@type":"ImageObject","inLanguage":"fi","@id":"https:\/\/nobird.com\/#\/schema\/logo\/image\/","url":"https:\/\/nobird.com\/wp-content\/uploads\/2020\/09\/cropped-logo-2.png","contentUrl":"https:\/\/nobird.com\/wp-content\/uploads\/2020\/09\/cropped-logo-2.png","width":282,"height":75,"caption":"No Birds - Bird Control Products"},"image":{"@id":"https:\/\/nobird.com\/#\/schema\/logo\/image\/"}}]}},"_links":{"self":[{"href":"https:\/\/nobird.com\/index.php?rest_route=\/wp\/v2\/pages\/435","targetHints":{"allow":["GET"]}}],"collection":[{"href":"https:\/\/nobird.com\/index.php?rest_route=\/wp\/v2\/pages"}],"about":[{"href":"https:\/\/nobird.com\/index.php?rest_route=\/wp\/v2\/types\/page"}],"author":[{"embeddable":true,"href":"https:\/\/nobird.com\/index.php?rest_route=\/wp\/v2\/users\/2"}],"replies":[{"embeddable":true,"href":"https:\/\/nobird.com\/index.php?rest_route=%2Fwp%2Fv2%2Fcomments&post=435"}],"version-history":[{"count":5,"href":"https:\/\/nobird.com\/index.php?rest_route=\/wp\/v2\/pages\/435\/revisions"}],"predecessor-version":[{"id":918,"href":"https:\/\/nobird.com\/index.php?rest_route=\/wp\/v2\/pages\/435\/revisions\/918"}],"wp:attachment":[{"href":"https:\/\/nobird.com\/index.php?rest_route=%2Fwp%2Fv2%2Fmedia&parent=435"}],"curies":[{"name":"wp","href":"https:\/\/api.w.org\/{rel}","templated":true}]}}