{"id":426,"date":"2020-09-22T12:07:41","date_gmt":"2020-09-22T12:07:41","guid":{"rendered":"https:\/\/nobird.com\/?page_id=426"},"modified":"2024-07-21T06:36:36","modified_gmt":"2024-07-21T06:36:36","slug":"toimistorakennus","status":"publish","type":"page","link":"https:\/\/nobird.com\/?page_id=426","title":{"rendered":"Toimistorakennus"},"content":{"rendered":"\t\t<div data-elementor-type=\"wp-page\" data-elementor-id=\"426\" class=\"elementor elementor-426\">\n\t\t\t\t\t\t<section class=\"elementor-section elementor-top-section elementor-element elementor-element-cfa8283 elementor-section-boxed elementor-section-height-default elementor-section-height-default\" data-id=\"cfa8283\" data-element_type=\"section\" data-e-type=\"section\" data-settings=\"{&quot;background_background&quot;:&quot;classic&quot;}\">\n\t\t\t\t\t\t<div class=\"elementor-container elementor-column-gap-default\">\n\t\t\t\t\t<div class=\"elementor-column elementor-col-50 elementor-top-column elementor-element elementor-element-0005522\" data-id=\"0005522\" data-element_type=\"column\" data-e-type=\"column\">\n\t\t\t<div class=\"elementor-widget-wrap elementor-element-populated\">\n\t\t\t\t\t\t<div class=\"elementor-element elementor-element-78eecae elementor-widget elementor-widget-spacer\" data-id=\"78eecae\" data-element_type=\"widget\" data-e-type=\"widget\" data-widget_type=\"spacer.default\">\n\t\t\t\t<div class=\"elementor-widget-container\">\n\t\t\t\t\t\t\t<div class=\"elementor-spacer\">\n\t\t\t<div class=\"elementor-spacer-inner\"><\/div>\n\t\t<\/div>\n\t\t\t\t\t\t<\/div>\n\t\t\t\t<\/div>\n\t\t\t\t<div class=\"elementor-element elementor-element-7c63591 elementor-widget elementor-widget-heading\" data-id=\"7c63591\" data-element_type=\"widget\" data-e-type=\"widget\" data-widget_type=\"heading.default\">\n\t\t\t\t<div class=\"elementor-widget-container\">\n\t\t\t\t\t<h2 class=\"elementor-heading-title elementor-size-default\">Toimistorakennus<\/h2>\t\t\t\t<\/div>\n\t\t\t\t<\/div>\n\t\t\t\t<div class=\"elementor-element elementor-element-37b817d elementor-widget elementor-widget-text-editor\" data-id=\"37b817d\" data-element_type=\"widget\" data-e-type=\"widget\" data-widget_type=\"text-editor.default\">\n\t\t\t\t<div class=\"elementor-widget-container\">\n\t\t\t\t\t\t\t\t\t<p>Lintuestekiskolla estet\u00e4\u00e4n julkisivun ja ikkunoiden likaantuminen. Rakennuksen puhdistuksen tarve v\u00e4henee ja imago pysyy edustavana ja kirkkaana. Samalla turvallisuus ja hygieniataso saadaan korkeimmalle mahdolliselle tasolle.<\/p>\t\t\t\t\t\t\t\t<\/div>\n\t\t\t\t<\/div>\n\t\t\t\t\t<\/div>\n\t\t<\/div>\n\t\t\t\t<div class=\"elementor-column elementor-col-50 elementor-top-column elementor-element elementor-element-d8855e2\" data-id=\"d8855e2\" data-element_type=\"column\" data-e-type=\"column\">\n\t\t\t<div class=\"elementor-widget-wrap\">\n\t\t\t\t\t\t\t<\/div>\n\t\t<\/div>\n\t\t\t\t\t<\/div>\n\t\t<\/section>\n\t\t\t\t<section class=\"elementor-section elementor-top-section elementor-element elementor-element-ecf8100 elementor-section-boxed elementor-section-height-default elementor-section-height-default\" data-id=\"ecf8100\" data-element_type=\"section\" data-e-type=\"section\" data-settings=\"{&quot;background_background&quot;:&quot;classic&quot;}\">\n\t\t\t\t\t\t<div class=\"elementor-container elementor-column-gap-default\">\n\t\t\t\t\t<div class=\"elementor-column elementor-col-100 elementor-top-column elementor-element elementor-element-411da13\" data-id=\"411da13\" data-element_type=\"column\" data-e-type=\"column\">\n\t\t\t<div class=\"elementor-widget-wrap elementor-element-populated\">\n\t\t\t\t\t\t<div class=\"elementor-element elementor-element-ef8d028 elementor-widget elementor-widget-image\" data-id=\"ef8d028\" data-element_type=\"widget\" data-e-type=\"widget\" data-widget_type=\"image.default\">\n\t\t\t\t<div class=\"elementor-widget-container\">\n\t\t\t\t\t\t\t\t\t\t\t\t\t\t\t<img fetchpriority=\"high\" decoding=\"async\" width=\"522\" height=\"392\" src=\"https:\/\/nobird.com\/wp-content\/uploads\/2020\/09\/kohde8_1a-522x-152.jpg\" class=\"attachment-large size-large wp-image-471\" alt=\"\" srcset=\"https:\/\/nobird.com\/wp-content\/uploads\/2020\/09\/kohde8_1a-522x-152.jpg 522w, https:\/\/nobird.com\/wp-content\/uploads\/2020\/09\/kohde8_1a-522x-152-350x263.jpg 350w, https:\/\/nobird.com\/wp-content\/uploads\/2020\/09\/kohde8_1a-522x-152-64x48.jpg 64w, https:\/\/nobird.com\/wp-content\/uploads\/2020\/09\/kohde8_1a-522x-152-300x225.jpg 300w\" sizes=\"(max-width: 522px) 100vw, 522px\" \/>\t\t\t\t\t\t\t\t\t\t\t\t\t\t\t<\/div>\n\t\t\t\t<\/div>\n\t\t\t\t\t<\/div>\n\t\t<\/div>\n\t\t\t\t\t<\/div>\n\t\t<\/section>\n\t\t\t\t<section class=\"elementor-section elementor-top-section elementor-element elementor-element-d7f0b8e elementor-section-boxed elementor-section-height-default elementor-section-height-default\" data-id=\"d7f0b8e\" data-element_type=\"section\" data-e-type=\"section\" data-settings=\"{&quot;background_background&quot;:&quot;classic&quot;}\">\n\t\t\t\t\t\t<div class=\"elementor-container elementor-column-gap-default\">\n\t\t\t\t\t<div class=\"elementor-column elementor-col-100 elementor-top-column elementor-element elementor-element-ee30e32\" data-id=\"ee30e32\" data-element_type=\"column\" data-e-type=\"column\">\n\t\t\t<div class=\"elementor-widget-wrap elementor-element-populated\">\n\t\t\t\t\t\t<div class=\"elementor-element elementor-element-d3a847d elementor-widget elementor-widget-image\" data-id=\"d3a847d\" data-element_type=\"widget\" data-e-type=\"widget\" data-widget_type=\"image.default\">\n\t\t\t\t<div class=\"elementor-widget-container\">\n\t\t\t\t\t\t\t\t\t\t\t\t\t\t\t<img decoding=\"async\" width=\"522\" height=\"251\" src=\"https:\/\/nobird.com\/wp-content\/uploads\/2020\/09\/kohde_8c-522x-13d.jpg\" class=\"attachment-large size-large wp-image-430\" alt=\"\" srcset=\"https:\/\/nobird.com\/wp-content\/uploads\/2020\/09\/kohde_8c-522x-13d.jpg 522w, https:\/\/nobird.com\/wp-content\/uploads\/2020\/09\/kohde_8c-522x-13d-350x168.jpg 350w, https:\/\/nobird.com\/wp-content\/uploads\/2020\/09\/kohde_8c-522x-13d-64x31.jpg 64w, https:\/\/nobird.com\/wp-content\/uploads\/2020\/09\/kohde_8c-522x-13d-300x144.jpg 300w\" sizes=\"(max-width: 522px) 100vw, 522px\" \/>\t\t\t\t\t\t\t\t\t\t\t\t\t\t\t<\/div>\n\t\t\t\t<\/div>\n\t\t\t\t\t<\/div>\n\t\t<\/div>\n\t\t\t\t\t<\/div>\n\t\t<\/section>\n\t\t\t\t<section class=\"elementor-section elementor-top-section elementor-element elementor-element-7c557e8 elementor-section-boxed elementor-section-height-default elementor-section-height-default\" data-id=\"7c557e8\" data-element_type=\"section\" data-e-type=\"section\" data-settings=\"{&quot;background_background&quot;:&quot;classic&quot;}\">\n\t\t\t\t\t\t<div class=\"elementor-container elementor-column-gap-default\">\n\t\t\t\t\t<div class=\"elementor-column elementor-col-100 elementor-top-column elementor-element elementor-element-c73e6d6\" data-id=\"c73e6d6\" data-element_type=\"column\" data-e-type=\"column\">\n\t\t\t<div class=\"elementor-widget-wrap elementor-element-populated\">\n\t\t\t\t\t\t<div class=\"elementor-element elementor-element-3a164d0 elementor-widget elementor-widget-image\" data-id=\"3a164d0\" data-element_type=\"widget\" data-e-type=\"widget\" data-widget_type=\"image.default\">\n\t\t\t\t<div class=\"elementor-widget-container\">\n\t\t\t\t\t\t\t\t\t\t\t\t\t\t\t<img decoding=\"async\" width=\"522\" height=\"340\" src=\"https:\/\/nobird.com\/wp-content\/uploads\/2020\/09\/kohde_8d-522x-13d.jpg\" class=\"attachment-large size-large wp-image-428\" alt=\"\" srcset=\"https:\/\/nobird.com\/wp-content\/uploads\/2020\/09\/kohde_8d-522x-13d.jpg 522w, https:\/\/nobird.com\/wp-content\/uploads\/2020\/09\/kohde_8d-522x-13d-350x228.jpg 350w, https:\/\/nobird.com\/wp-content\/uploads\/2020\/09\/kohde_8d-522x-13d-64x42.jpg 64w, https:\/\/nobird.com\/wp-content\/uploads\/2020\/09\/kohde_8d-522x-13d-300x195.jpg 300w\" sizes=\"(max-width: 522px) 100vw, 522px\" \/>\t\t\t\t\t\t\t\t\t\t\t\t\t\t\t<\/div>\n\t\t\t\t<\/div>\n\t\t\t\t\t<\/div>\n\t\t<\/div>\n\t\t\t\t\t<\/div>\n\t\t<\/section>\n\t\t\t\t<section class=\"elementor-section elementor-top-section elementor-element elementor-element-9e1d13f elementor-section-boxed elementor-section-height-default elementor-section-height-default\" data-id=\"9e1d13f\" data-element_type=\"section\" data-e-type=\"section\" data-settings=\"{&quot;background_background&quot;:&quot;classic&quot;}\">\n\t\t\t\t\t\t<div class=\"elementor-container elementor-column-gap-default\">\n\t\t\t\t\t<div class=\"elementor-column elementor-col-100 elementor-top-column elementor-element elementor-element-ffcb2da\" data-id=\"ffcb2da\" data-element_type=\"column\" data-e-type=\"column\">\n\t\t\t<div class=\"elementor-widget-wrap elementor-element-populated\">\n\t\t\t\t\t\t<div class=\"elementor-element elementor-element-66684a0 elementor-widget elementor-widget-image\" data-id=\"66684a0\" data-element_type=\"widget\" data-e-type=\"widget\" data-widget_type=\"image.default\">\n\t\t\t\t<div class=\"elementor-widget-container\">\n\t\t\t\t\t\t\t\t\t\t\t\t\t\t\t<img loading=\"lazy\" decoding=\"async\" width=\"768\" height=\"876\" src=\"https:\/\/nobird.com\/wp-content\/uploads\/2020\/10\/tstorakennus-768x876.png\" class=\"attachment-medium_large size-medium_large wp-image-505\" alt=\"\" srcset=\"https:\/\/nobird.com\/wp-content\/uploads\/2020\/10\/tstorakennus-768x876.png 768w, https:\/\/nobird.com\/wp-content\/uploads\/2020\/10\/tstorakennus-600x684.png 600w, https:\/\/nobird.com\/wp-content\/uploads\/2020\/10\/tstorakennus-64x73.png 64w, https:\/\/nobird.com\/wp-content\/uploads\/2020\/10\/tstorakennus-263x300.png 263w, https:\/\/nobird.com\/wp-content\/uploads\/2020\/10\/tstorakennus-898x1024.png 898w, https:\/\/nobird.com\/wp-content\/uploads\/2020\/10\/tstorakennus-1347x1536.png 1347w, https:\/\/nobird.com\/wp-content\/uploads\/2020\/10\/tstorakennus.png 1400w\" sizes=\"(max-width: 768px) 100vw, 768px\" \/>\t\t\t\t\t\t\t\t\t\t\t\t\t\t\t<\/div>\n\t\t\t\t<\/div>\n\t\t\t\t\t<\/div>\n\t\t<\/div>\n\t\t\t\t\t<\/div>\n\t\t<\/section>\n\t\t\t\t<\/div>\n\t\t","protected":false},"excerpt":{"rendered":"<p>Toimistorakennus Lintuestekiskolla estet\u00e4\u00e4n julkisivun ja ikkunoiden likaantuminen. Rakennuksen puhdistuksen tarve v\u00e4henee ja imago pysyy edustavana ja kirkkaana. Samalla turvallisuus ja hygieniataso saadaan korkeimmalle mahdolliselle tasolle.<\/p>\n","protected":false},"author":2,"featured_media":0,"parent":0,"menu_order":0,"comment_status":"closed","ping_status":"closed","template":"","meta":{"footnotes":""},"class_list":["post-426","page","type-page","status-publish","hentry"],"yoast_head":"<!-- This site is optimized with the Yoast SEO plugin v27.4 - https:\/\/yoast.com\/product\/yoast-seo-wordpress\/ -->\n<title>Toimistorakennus - No Birds - Bird Control Products<\/title>\n<meta name=\"robots\" content=\"index, follow, max-snippet:-1, max-image-preview:large, max-video-preview:-1\" \/>\n<link rel=\"canonical\" href=\"https:\/\/nobird.com\/?page_id=426\" \/>\n<meta property=\"og:locale\" content=\"fi_FI\" \/>\n<meta property=\"og:type\" content=\"article\" \/>\n<meta property=\"og:title\" content=\"Toimistorakennus - No Birds - Bird Control Products\" \/>\n<meta property=\"og:description\" content=\"Toimistorakennus Lintuestekiskolla estet\u00e4\u00e4n julkisivun ja ikkunoiden likaantuminen. Rakennuksen puhdistuksen tarve v\u00e4henee ja imago pysyy edustavana ja kirkkaana. Samalla turvallisuus ja hygieniataso saadaan korkeimmalle mahdolliselle tasolle.\" \/>\n<meta property=\"og:url\" content=\"https:\/\/nobird.com\/?page_id=426\" \/>\n<meta property=\"og:site_name\" content=\"No Birds - Bird Control Products\" \/>\n<meta property=\"article:modified_time\" content=\"2024-07-21T06:36:36+00:00\" \/>\n<meta property=\"og:image\" content=\"https:\/\/nobird.com\/wp-content\/uploads\/2020\/09\/kohde8_1a-522x-152.jpg\" \/>\n<meta name=\"twitter:card\" content=\"summary_large_image\" \/>\n<meta name=\"twitter:label1\" content=\"Arvioitu lukuaika\" \/>\n\t<meta name=\"twitter:data1\" content=\"1 minuutti\" \/>\n<script type=\"application\/ld+json\" class=\"yoast-schema-graph\">{\"@context\":\"https:\\\/\\\/schema.org\",\"@graph\":[{\"@type\":\"WebPage\",\"@id\":\"https:\\\/\\\/nobird.com\\\/?page_id=426\",\"url\":\"https:\\\/\\\/nobird.com\\\/?page_id=426\",\"name\":\"Toimistorakennus - No Birds - Bird Control Products\",\"isPartOf\":{\"@id\":\"https:\\\/\\\/nobird.com\\\/#website\"},\"primaryImageOfPage\":{\"@id\":\"https:\\\/\\\/nobird.com\\\/?page_id=426#primaryimage\"},\"image\":{\"@id\":\"https:\\\/\\\/nobird.com\\\/?page_id=426#primaryimage\"},\"thumbnailUrl\":\"https:\\\/\\\/nobird.com\\\/wp-content\\\/uploads\\\/2020\\\/09\\\/kohde8_1a-522x-152.jpg\",\"datePublished\":\"2020-09-22T12:07:41+00:00\",\"dateModified\":\"2024-07-21T06:36:36+00:00\",\"breadcrumb\":{\"@id\":\"https:\\\/\\\/nobird.com\\\/?page_id=426#breadcrumb\"},\"inLanguage\":\"fi\",\"potentialAction\":[{\"@type\":\"ReadAction\",\"target\":[\"https:\\\/\\\/nobird.com\\\/?page_id=426\"]}]},{\"@type\":\"ImageObject\",\"inLanguage\":\"fi\",\"@id\":\"https:\\\/\\\/nobird.com\\\/?page_id=426#primaryimage\",\"url\":\"https:\\\/\\\/nobird.com\\\/wp-content\\\/uploads\\\/2020\\\/09\\\/kohde8_1a-522x-152.jpg\",\"contentUrl\":\"https:\\\/\\\/nobird.com\\\/wp-content\\\/uploads\\\/2020\\\/09\\\/kohde8_1a-522x-152.jpg\",\"width\":522,\"height\":392},{\"@type\":\"BreadcrumbList\",\"@id\":\"https:\\\/\\\/nobird.com\\\/?page_id=426#breadcrumb\",\"itemListElement\":[{\"@type\":\"ListItem\",\"position\":1,\"name\":\"Home\",\"item\":\"https:\\\/\\\/nobird.com\\\/\"},{\"@type\":\"ListItem\",\"position\":2,\"name\":\"Toimistorakennus\"}]},{\"@type\":\"WebSite\",\"@id\":\"https:\\\/\\\/nobird.com\\\/#website\",\"url\":\"https:\\\/\\\/nobird.com\\\/\",\"name\":\"No Birds - Bird Control Products\",\"description\":\"\",\"publisher\":{\"@id\":\"https:\\\/\\\/nobird.com\\\/#organization\"},\"potentialAction\":[{\"@type\":\"SearchAction\",\"target\":{\"@type\":\"EntryPoint\",\"urlTemplate\":\"https:\\\/\\\/nobird.com\\\/?s={search_term_string}\"},\"query-input\":{\"@type\":\"PropertyValueSpecification\",\"valueRequired\":true,\"valueName\":\"search_term_string\"}}],\"inLanguage\":\"fi\"},{\"@type\":\"Organization\",\"@id\":\"https:\\\/\\\/nobird.com\\\/#organization\",\"name\":\"No Birds - Bird Control Products\",\"url\":\"https:\\\/\\\/nobird.com\\\/\",\"logo\":{\"@type\":\"ImageObject\",\"inLanguage\":\"fi\",\"@id\":\"https:\\\/\\\/nobird.com\\\/#\\\/schema\\\/logo\\\/image\\\/\",\"url\":\"https:\\\/\\\/nobird.com\\\/wp-content\\\/uploads\\\/2020\\\/09\\\/cropped-logo-2.png\",\"contentUrl\":\"https:\\\/\\\/nobird.com\\\/wp-content\\\/uploads\\\/2020\\\/09\\\/cropped-logo-2.png\",\"width\":282,\"height\":75,\"caption\":\"No Birds - Bird Control Products\"},\"image\":{\"@id\":\"https:\\\/\\\/nobird.com\\\/#\\\/schema\\\/logo\\\/image\\\/\"}}]}<\/script>\n<!-- \/ Yoast SEO plugin. -->","yoast_head_json":{"title":"Toimistorakennus - No Birds - Bird Control Products","robots":{"index":"index","follow":"follow","max-snippet":"max-snippet:-1","max-image-preview":"max-image-preview:large","max-video-preview":"max-video-preview:-1"},"canonical":"https:\/\/nobird.com\/?page_id=426","og_locale":"fi_FI","og_type":"article","og_title":"Toimistorakennus - No Birds - Bird Control Products","og_description":"Toimistorakennus Lintuestekiskolla estet\u00e4\u00e4n julkisivun ja ikkunoiden likaantuminen. Rakennuksen puhdistuksen tarve v\u00e4henee ja imago pysyy edustavana ja kirkkaana. Samalla turvallisuus ja hygieniataso saadaan korkeimmalle mahdolliselle tasolle.","og_url":"https:\/\/nobird.com\/?page_id=426","og_site_name":"No Birds - Bird Control Products","article_modified_time":"2024-07-21T06:36:36+00:00","og_image":[{"url":"https:\/\/nobird.com\/wp-content\/uploads\/2020\/09\/kohde8_1a-522x-152.jpg","type":"","width":"","height":""}],"twitter_card":"summary_large_image","twitter_misc":{"Arvioitu lukuaika":"1 minuutti"},"schema":{"@context":"https:\/\/schema.org","@graph":[{"@type":"WebPage","@id":"https:\/\/nobird.com\/?page_id=426","url":"https:\/\/nobird.com\/?page_id=426","name":"Toimistorakennus - No Birds - Bird Control Products","isPartOf":{"@id":"https:\/\/nobird.com\/#website"},"primaryImageOfPage":{"@id":"https:\/\/nobird.com\/?page_id=426#primaryimage"},"image":{"@id":"https:\/\/nobird.com\/?page_id=426#primaryimage"},"thumbnailUrl":"https:\/\/nobird.com\/wp-content\/uploads\/2020\/09\/kohde8_1a-522x-152.jpg","datePublished":"2020-09-22T12:07:41+00:00","dateModified":"2024-07-21T06:36:36+00:00","breadcrumb":{"@id":"https:\/\/nobird.com\/?page_id=426#breadcrumb"},"inLanguage":"fi","potentialAction":[{"@type":"ReadAction","target":["https:\/\/nobird.com\/?page_id=426"]}]},{"@type":"ImageObject","inLanguage":"fi","@id":"https:\/\/nobird.com\/?page_id=426#primaryimage","url":"https:\/\/nobird.com\/wp-content\/uploads\/2020\/09\/kohde8_1a-522x-152.jpg","contentUrl":"https:\/\/nobird.com\/wp-content\/uploads\/2020\/09\/kohde8_1a-522x-152.jpg","width":522,"height":392},{"@type":"BreadcrumbList","@id":"https:\/\/nobird.com\/?page_id=426#breadcrumb","itemListElement":[{"@type":"ListItem","position":1,"name":"Home","item":"https:\/\/nobird.com\/"},{"@type":"ListItem","position":2,"name":"Toimistorakennus"}]},{"@type":"WebSite","@id":"https:\/\/nobird.com\/#website","url":"https:\/\/nobird.com\/","name":"No Birds - Bird Control Products","description":"","publisher":{"@id":"https:\/\/nobird.com\/#organization"},"potentialAction":[{"@type":"SearchAction","target":{"@type":"EntryPoint","urlTemplate":"https:\/\/nobird.com\/?s={search_term_string}"},"query-input":{"@type":"PropertyValueSpecification","valueRequired":true,"valueName":"search_term_string"}}],"inLanguage":"fi"},{"@type":"Organization","@id":"https:\/\/nobird.com\/#organization","name":"No Birds - Bird Control Products","url":"https:\/\/nobird.com\/","logo":{"@type":"ImageObject","inLanguage":"fi","@id":"https:\/\/nobird.com\/#\/schema\/logo\/image\/","url":"https:\/\/nobird.com\/wp-content\/uploads\/2020\/09\/cropped-logo-2.png","contentUrl":"https:\/\/nobird.com\/wp-content\/uploads\/2020\/09\/cropped-logo-2.png","width":282,"height":75,"caption":"No Birds - Bird Control Products"},"image":{"@id":"https:\/\/nobird.com\/#\/schema\/logo\/image\/"}}]}},"_links":{"self":[{"href":"https:\/\/nobird.com\/index.php?rest_route=\/wp\/v2\/pages\/426","targetHints":{"allow":["GET"]}}],"collection":[{"href":"https:\/\/nobird.com\/index.php?rest_route=\/wp\/v2\/pages"}],"about":[{"href":"https:\/\/nobird.com\/index.php?rest_route=\/wp\/v2\/types\/page"}],"author":[{"embeddable":true,"href":"https:\/\/nobird.com\/index.php?rest_route=\/wp\/v2\/users\/2"}],"replies":[{"embeddable":true,"href":"https:\/\/nobird.com\/index.php?rest_route=%2Fwp%2Fv2%2Fcomments&post=426"}],"version-history":[{"count":10,"href":"https:\/\/nobird.com\/index.php?rest_route=\/wp\/v2\/pages\/426\/revisions"}],"predecessor-version":[{"id":1052,"href":"https:\/\/nobird.com\/index.php?rest_route=\/wp\/v2\/pages\/426\/revisions\/1052"}],"wp:attachment":[{"href":"https:\/\/nobird.com\/index.php?rest_route=%2Fwp%2Fv2%2Fmedia&parent=426"}],"curies":[{"name":"wp","href":"https:\/\/api.w.org\/{rel}","templated":true}]}}