{"id":422,"date":"2020-09-22T12:04:09","date_gmt":"2020-09-22T12:04:09","guid":{"rendered":"https:\/\/nobird.com\/?page_id=422"},"modified":"2024-07-21T06:44:02","modified_gmt":"2024-07-21T06:44:02","slug":"virastorakennus","status":"publish","type":"page","link":"https:\/\/nobird.com\/?page_id=422","title":{"rendered":"Virastorakennus"},"content":{"rendered":"\t\t<div data-elementor-type=\"wp-page\" data-elementor-id=\"422\" class=\"elementor elementor-422\">\n\t\t\t\t\t\t<section class=\"elementor-section elementor-top-section elementor-element elementor-element-51f19a3 elementor-section-boxed elementor-section-height-default elementor-section-height-default\" data-id=\"51f19a3\" data-element_type=\"section\" data-e-type=\"section\" data-settings=\"{&quot;background_background&quot;:&quot;classic&quot;}\">\n\t\t\t\t\t\t<div class=\"elementor-container elementor-column-gap-default\">\n\t\t\t\t\t<div class=\"elementor-column elementor-col-50 elementor-top-column elementor-element elementor-element-90fc002\" data-id=\"90fc002\" data-element_type=\"column\" data-e-type=\"column\">\n\t\t\t<div class=\"elementor-widget-wrap elementor-element-populated\">\n\t\t\t\t\t\t<div class=\"elementor-element elementor-element-bc945b5 elementor-widget elementor-widget-spacer\" data-id=\"bc945b5\" data-element_type=\"widget\" data-e-type=\"widget\" data-widget_type=\"spacer.default\">\n\t\t\t\t<div class=\"elementor-widget-container\">\n\t\t\t\t\t\t\t<div class=\"elementor-spacer\">\n\t\t\t<div class=\"elementor-spacer-inner\"><\/div>\n\t\t<\/div>\n\t\t\t\t\t\t<\/div>\n\t\t\t\t<\/div>\n\t\t\t\t<div class=\"elementor-element elementor-element-48ec4c7 elementor-widget elementor-widget-heading\" data-id=\"48ec4c7\" data-element_type=\"widget\" data-e-type=\"widget\" data-widget_type=\"heading.default\">\n\t\t\t\t<div class=\"elementor-widget-container\">\n\t\t\t\t\t<h2 class=\"elementor-heading-title elementor-size-default\">Virastorakennus<\/h2>\t\t\t\t<\/div>\n\t\t\t\t<\/div>\n\t\t\t\t<div class=\"elementor-element elementor-element-9c2564a elementor-widget elementor-widget-text-editor\" data-id=\"9c2564a\" data-element_type=\"widget\" data-e-type=\"widget\" data-widget_type=\"text-editor.default\">\n\t\t\t\t<div class=\"elementor-widget-container\">\n\t\t\t\t\t\t\t\t\t<p>Julkisen sektorin viraston julkisivu. Lintuestekiskojen avulla taataan julkisivun puhtaus ja varmistetaan, ettei lintujen levitt\u00e4m\u00e4t taudit ja epidemiat p\u00e4\u00e4se levi\u00e4m\u00e4\u00e4n ihmisten jalkineiden mukana rakennuksen sis\u00e4tiloihin.<\/p>\t\t\t\t\t\t\t\t<\/div>\n\t\t\t\t<\/div>\n\t\t\t\t\t<\/div>\n\t\t<\/div>\n\t\t\t\t<div class=\"elementor-column elementor-col-50 elementor-top-column elementor-element elementor-element-5a1bdd3\" data-id=\"5a1bdd3\" data-element_type=\"column\" data-e-type=\"column\">\n\t\t\t<div class=\"elementor-widget-wrap\">\n\t\t\t\t\t\t\t<\/div>\n\t\t<\/div>\n\t\t\t\t\t<\/div>\n\t\t<\/section>\n\t\t\t\t<section class=\"elementor-section elementor-top-section elementor-element elementor-element-93aa1b4 elementor-section-boxed elementor-section-height-default elementor-section-height-default\" data-id=\"93aa1b4\" data-element_type=\"section\" data-e-type=\"section\" data-settings=\"{&quot;background_background&quot;:&quot;classic&quot;}\">\n\t\t\t\t\t\t<div class=\"elementor-container elementor-column-gap-default\">\n\t\t\t\t\t<div class=\"elementor-column elementor-col-100 elementor-top-column elementor-element elementor-element-03ae578\" data-id=\"03ae578\" data-element_type=\"column\" data-e-type=\"column\">\n\t\t\t<div class=\"elementor-widget-wrap elementor-element-populated\">\n\t\t\t\t\t\t<div class=\"elementor-element elementor-element-e53822e elementor-widget elementor-widget-image\" data-id=\"e53822e\" data-element_type=\"widget\" data-e-type=\"widget\" data-widget_type=\"image.default\">\n\t\t\t\t<div class=\"elementor-widget-container\">\n\t\t\t\t\t\t\t\t\t\t\t\t\t\t\t<img fetchpriority=\"high\" decoding=\"async\" width=\"522\" height=\"347\" src=\"https:\/\/nobird.com\/wp-content\/uploads\/2020\/09\/kohde2_1a-522x-240.jpg\" class=\"attachment-large size-large wp-image-336\" alt=\"\" srcset=\"https:\/\/nobird.com\/wp-content\/uploads\/2020\/09\/kohde2_1a-522x-240.jpg 522w, https:\/\/nobird.com\/wp-content\/uploads\/2020\/09\/kohde2_1a-522x-240-350x233.jpg 350w, https:\/\/nobird.com\/wp-content\/uploads\/2020\/09\/kohde2_1a-522x-240-64x43.jpg 64w, https:\/\/nobird.com\/wp-content\/uploads\/2020\/09\/kohde2_1a-522x-240-300x199.jpg 300w\" sizes=\"(max-width: 522px) 100vw, 522px\" \/>\t\t\t\t\t\t\t\t\t\t\t\t\t\t\t<\/div>\n\t\t\t\t<\/div>\n\t\t\t\t\t<\/div>\n\t\t<\/div>\n\t\t\t\t\t<\/div>\n\t\t<\/section>\n\t\t\t\t<section class=\"elementor-section elementor-top-section elementor-element elementor-element-3ea66d8 elementor-section-boxed elementor-section-height-default elementor-section-height-default\" data-id=\"3ea66d8\" data-element_type=\"section\" data-e-type=\"section\" data-settings=\"{&quot;background_background&quot;:&quot;classic&quot;}\">\n\t\t\t\t\t\t<div class=\"elementor-container elementor-column-gap-default\">\n\t\t\t\t\t<div class=\"elementor-column elementor-col-100 elementor-top-column elementor-element elementor-element-43e9565\" data-id=\"43e9565\" data-element_type=\"column\" data-e-type=\"column\">\n\t\t\t<div class=\"elementor-widget-wrap elementor-element-populated\">\n\t\t\t\t\t\t<div class=\"elementor-element elementor-element-0f3cf4e elementor-widget elementor-widget-image\" data-id=\"0f3cf4e\" data-element_type=\"widget\" data-e-type=\"widget\" data-widget_type=\"image.default\">\n\t\t\t\t<div class=\"elementor-widget-container\">\n\t\t\t\t\t\t\t\t\t\t\t\t\t\t\t<img decoding=\"async\" width=\"522\" height=\"354\" src=\"https:\/\/nobird.com\/wp-content\/uploads\/2020\/09\/kohde_2d-522x-558.jpg\" class=\"attachment-large size-large wp-image-335\" alt=\"\" srcset=\"https:\/\/nobird.com\/wp-content\/uploads\/2020\/09\/kohde_2d-522x-558.jpg 522w, https:\/\/nobird.com\/wp-content\/uploads\/2020\/09\/kohde_2d-522x-558-350x237.jpg 350w, https:\/\/nobird.com\/wp-content\/uploads\/2020\/09\/kohde_2d-522x-558-64x43.jpg 64w, https:\/\/nobird.com\/wp-content\/uploads\/2020\/09\/kohde_2d-522x-558-300x203.jpg 300w\" sizes=\"(max-width: 522px) 100vw, 522px\" \/>\t\t\t\t\t\t\t\t\t\t\t\t\t\t\t<\/div>\n\t\t\t\t<\/div>\n\t\t\t\t\t<\/div>\n\t\t<\/div>\n\t\t\t\t\t<\/div>\n\t\t<\/section>\n\t\t\t\t<section class=\"elementor-section elementor-top-section elementor-element elementor-element-296a511 elementor-section-boxed elementor-section-height-default elementor-section-height-default\" data-id=\"296a511\" data-element_type=\"section\" data-e-type=\"section\" data-settings=\"{&quot;background_background&quot;:&quot;classic&quot;}\">\n\t\t\t\t\t\t<div class=\"elementor-container elementor-column-gap-default\">\n\t\t\t\t\t<div class=\"elementor-column elementor-col-100 elementor-top-column elementor-element elementor-element-7073183\" data-id=\"7073183\" data-element_type=\"column\" data-e-type=\"column\">\n\t\t\t<div class=\"elementor-widget-wrap elementor-element-populated\">\n\t\t\t\t\t\t<div class=\"elementor-element elementor-element-b6a965d elementor-widget elementor-widget-image\" data-id=\"b6a965d\" data-element_type=\"widget\" data-e-type=\"widget\" data-widget_type=\"image.default\">\n\t\t\t\t<div class=\"elementor-widget-container\">\n\t\t\t\t\t\t\t\t\t\t\t\t\t\t\t<img decoding=\"async\" width=\"522\" height=\"250\" src=\"https:\/\/nobird.com\/wp-content\/uploads\/2020\/09\/kohde_2b-522x-558.jpg\" class=\"attachment-large size-large wp-image-333\" alt=\"\" srcset=\"https:\/\/nobird.com\/wp-content\/uploads\/2020\/09\/kohde_2b-522x-558.jpg 522w, https:\/\/nobird.com\/wp-content\/uploads\/2020\/09\/kohde_2b-522x-558-350x168.jpg 350w, https:\/\/nobird.com\/wp-content\/uploads\/2020\/09\/kohde_2b-522x-558-64x31.jpg 64w, https:\/\/nobird.com\/wp-content\/uploads\/2020\/09\/kohde_2b-522x-558-300x144.jpg 300w\" sizes=\"(max-width: 522px) 100vw, 522px\" \/>\t\t\t\t\t\t\t\t\t\t\t\t\t\t\t<\/div>\n\t\t\t\t<\/div>\n\t\t\t\t\t<\/div>\n\t\t<\/div>\n\t\t\t\t\t<\/div>\n\t\t<\/section>\n\t\t\t\t<section class=\"elementor-section elementor-top-section elementor-element elementor-element-cbda634 elementor-section-boxed elementor-section-height-default elementor-section-height-default\" data-id=\"cbda634\" data-element_type=\"section\" data-e-type=\"section\" data-settings=\"{&quot;background_background&quot;:&quot;classic&quot;}\">\n\t\t\t\t\t\t<div class=\"elementor-container elementor-column-gap-default\">\n\t\t\t\t\t<div class=\"elementor-column elementor-col-100 elementor-top-column elementor-element elementor-element-652fcda\" data-id=\"652fcda\" data-element_type=\"column\" data-e-type=\"column\">\n\t\t\t<div class=\"elementor-widget-wrap elementor-element-populated\">\n\t\t\t\t\t\t<div class=\"elementor-element elementor-element-ba0bf62 elementor-widget elementor-widget-image\" data-id=\"ba0bf62\" data-element_type=\"widget\" data-e-type=\"widget\" data-widget_type=\"image.default\">\n\t\t\t\t<div class=\"elementor-widget-container\">\n\t\t\t\t\t\t\t\t\t\t\t\t\t\t\t<img loading=\"lazy\" decoding=\"async\" width=\"522\" height=\"229\" src=\"https:\/\/nobird.com\/wp-content\/uploads\/2020\/09\/kohde_2c-522x-558.jpg\" class=\"attachment-large size-large wp-image-334\" alt=\"\" srcset=\"https:\/\/nobird.com\/wp-content\/uploads\/2020\/09\/kohde_2c-522x-558.jpg 522w, https:\/\/nobird.com\/wp-content\/uploads\/2020\/09\/kohde_2c-522x-558-350x154.jpg 350w, https:\/\/nobird.com\/wp-content\/uploads\/2020\/09\/kohde_2c-522x-558-64x28.jpg 64w, https:\/\/nobird.com\/wp-content\/uploads\/2020\/09\/kohde_2c-522x-558-300x132.jpg 300w\" sizes=\"(max-width: 522px) 100vw, 522px\" \/>\t\t\t\t\t\t\t\t\t\t\t\t\t\t\t<\/div>\n\t\t\t\t<\/div>\n\t\t\t\t\t<\/div>\n\t\t<\/div>\n\t\t\t\t\t<\/div>\n\t\t<\/section>\n\t\t\t\t<\/div>\n\t\t","protected":false},"excerpt":{"rendered":"<p>Virastorakennus Julkisen sektorin viraston julkisivu. Lintuestekiskojen avulla taataan julkisivun puhtaus ja varmistetaan, ettei lintujen levitt\u00e4m\u00e4t taudit ja epidemiat p\u00e4\u00e4se levi\u00e4m\u00e4\u00e4n ihmisten jalkineiden mukana rakennuksen sis\u00e4tiloihin.<\/p>\n","protected":false},"author":2,"featured_media":0,"parent":0,"menu_order":0,"comment_status":"closed","ping_status":"closed","template":"","meta":{"footnotes":""},"class_list":["post-422","page","type-page","status-publish","hentry"],"yoast_head":"<!-- This site is optimized with the Yoast SEO plugin v27.4 - https:\/\/yoast.com\/product\/yoast-seo-wordpress\/ -->\n<title>Virastorakennus - No Birds - Bird Control Products<\/title>\n<meta name=\"robots\" content=\"index, follow, max-snippet:-1, max-image-preview:large, max-video-preview:-1\" \/>\n<link rel=\"canonical\" href=\"https:\/\/nobird.com\/?page_id=422\" \/>\n<meta property=\"og:locale\" content=\"fi_FI\" \/>\n<meta property=\"og:type\" content=\"article\" \/>\n<meta property=\"og:title\" content=\"Virastorakennus - No Birds - Bird Control Products\" \/>\n<meta property=\"og:description\" content=\"Virastorakennus Julkisen sektorin viraston julkisivu. Lintuestekiskojen avulla taataan julkisivun puhtaus ja varmistetaan, ettei lintujen levitt\u00e4m\u00e4t taudit ja epidemiat p\u00e4\u00e4se levi\u00e4m\u00e4\u00e4n ihmisten jalkineiden mukana rakennuksen sis\u00e4tiloihin.\" \/>\n<meta property=\"og:url\" content=\"https:\/\/nobird.com\/?page_id=422\" \/>\n<meta property=\"og:site_name\" content=\"No Birds - Bird Control Products\" \/>\n<meta property=\"article:modified_time\" content=\"2024-07-21T06:44:02+00:00\" \/>\n<meta property=\"og:image\" content=\"https:\/\/nobird.com\/wp-content\/uploads\/2020\/09\/kohde2_1a-522x-240.jpg\" \/>\n<meta name=\"twitter:card\" content=\"summary_large_image\" \/>\n<meta name=\"twitter:label1\" content=\"Arvioitu lukuaika\" \/>\n\t<meta name=\"twitter:data1\" content=\"1 minuutti\" \/>\n<script type=\"application\/ld+json\" class=\"yoast-schema-graph\">{\"@context\":\"https:\\\/\\\/schema.org\",\"@graph\":[{\"@type\":\"WebPage\",\"@id\":\"https:\\\/\\\/nobird.com\\\/?page_id=422\",\"url\":\"https:\\\/\\\/nobird.com\\\/?page_id=422\",\"name\":\"Virastorakennus - No Birds - Bird Control Products\",\"isPartOf\":{\"@id\":\"https:\\\/\\\/nobird.com\\\/#website\"},\"primaryImageOfPage\":{\"@id\":\"https:\\\/\\\/nobird.com\\\/?page_id=422#primaryimage\"},\"image\":{\"@id\":\"https:\\\/\\\/nobird.com\\\/?page_id=422#primaryimage\"},\"thumbnailUrl\":\"https:\\\/\\\/nobird.com\\\/wp-content\\\/uploads\\\/2020\\\/09\\\/kohde2_1a-522x-240.jpg\",\"datePublished\":\"2020-09-22T12:04:09+00:00\",\"dateModified\":\"2024-07-21T06:44:02+00:00\",\"breadcrumb\":{\"@id\":\"https:\\\/\\\/nobird.com\\\/?page_id=422#breadcrumb\"},\"inLanguage\":\"fi\",\"potentialAction\":[{\"@type\":\"ReadAction\",\"target\":[\"https:\\\/\\\/nobird.com\\\/?page_id=422\"]}]},{\"@type\":\"ImageObject\",\"inLanguage\":\"fi\",\"@id\":\"https:\\\/\\\/nobird.com\\\/?page_id=422#primaryimage\",\"url\":\"https:\\\/\\\/nobird.com\\\/wp-content\\\/uploads\\\/2020\\\/09\\\/kohde2_1a-522x-240.jpg\",\"contentUrl\":\"https:\\\/\\\/nobird.com\\\/wp-content\\\/uploads\\\/2020\\\/09\\\/kohde2_1a-522x-240.jpg\",\"width\":522,\"height\":347},{\"@type\":\"BreadcrumbList\",\"@id\":\"https:\\\/\\\/nobird.com\\\/?page_id=422#breadcrumb\",\"itemListElement\":[{\"@type\":\"ListItem\",\"position\":1,\"name\":\"Home\",\"item\":\"https:\\\/\\\/nobird.com\\\/\"},{\"@type\":\"ListItem\",\"position\":2,\"name\":\"Virastorakennus\"}]},{\"@type\":\"WebSite\",\"@id\":\"https:\\\/\\\/nobird.com\\\/#website\",\"url\":\"https:\\\/\\\/nobird.com\\\/\",\"name\":\"No Birds - Bird Control Products\",\"description\":\"\",\"publisher\":{\"@id\":\"https:\\\/\\\/nobird.com\\\/#organization\"},\"potentialAction\":[{\"@type\":\"SearchAction\",\"target\":{\"@type\":\"EntryPoint\",\"urlTemplate\":\"https:\\\/\\\/nobird.com\\\/?s={search_term_string}\"},\"query-input\":{\"@type\":\"PropertyValueSpecification\",\"valueRequired\":true,\"valueName\":\"search_term_string\"}}],\"inLanguage\":\"fi\"},{\"@type\":\"Organization\",\"@id\":\"https:\\\/\\\/nobird.com\\\/#organization\",\"name\":\"No Birds - Bird Control Products\",\"url\":\"https:\\\/\\\/nobird.com\\\/\",\"logo\":{\"@type\":\"ImageObject\",\"inLanguage\":\"fi\",\"@id\":\"https:\\\/\\\/nobird.com\\\/#\\\/schema\\\/logo\\\/image\\\/\",\"url\":\"https:\\\/\\\/nobird.com\\\/wp-content\\\/uploads\\\/2020\\\/09\\\/cropped-logo-2.png\",\"contentUrl\":\"https:\\\/\\\/nobird.com\\\/wp-content\\\/uploads\\\/2020\\\/09\\\/cropped-logo-2.png\",\"width\":282,\"height\":75,\"caption\":\"No Birds - Bird Control Products\"},\"image\":{\"@id\":\"https:\\\/\\\/nobird.com\\\/#\\\/schema\\\/logo\\\/image\\\/\"}}]}<\/script>\n<!-- \/ Yoast SEO plugin. -->","yoast_head_json":{"title":"Virastorakennus - No Birds - Bird Control Products","robots":{"index":"index","follow":"follow","max-snippet":"max-snippet:-1","max-image-preview":"max-image-preview:large","max-video-preview":"max-video-preview:-1"},"canonical":"https:\/\/nobird.com\/?page_id=422","og_locale":"fi_FI","og_type":"article","og_title":"Virastorakennus - No Birds - Bird Control Products","og_description":"Virastorakennus Julkisen sektorin viraston julkisivu. Lintuestekiskojen avulla taataan julkisivun puhtaus ja varmistetaan, ettei lintujen levitt\u00e4m\u00e4t taudit ja epidemiat p\u00e4\u00e4se levi\u00e4m\u00e4\u00e4n ihmisten jalkineiden mukana rakennuksen sis\u00e4tiloihin.","og_url":"https:\/\/nobird.com\/?page_id=422","og_site_name":"No Birds - Bird Control Products","article_modified_time":"2024-07-21T06:44:02+00:00","og_image":[{"url":"https:\/\/nobird.com\/wp-content\/uploads\/2020\/09\/kohde2_1a-522x-240.jpg","type":"","width":"","height":""}],"twitter_card":"summary_large_image","twitter_misc":{"Arvioitu lukuaika":"1 minuutti"},"schema":{"@context":"https:\/\/schema.org","@graph":[{"@type":"WebPage","@id":"https:\/\/nobird.com\/?page_id=422","url":"https:\/\/nobird.com\/?page_id=422","name":"Virastorakennus - No Birds - Bird Control Products","isPartOf":{"@id":"https:\/\/nobird.com\/#website"},"primaryImageOfPage":{"@id":"https:\/\/nobird.com\/?page_id=422#primaryimage"},"image":{"@id":"https:\/\/nobird.com\/?page_id=422#primaryimage"},"thumbnailUrl":"https:\/\/nobird.com\/wp-content\/uploads\/2020\/09\/kohde2_1a-522x-240.jpg","datePublished":"2020-09-22T12:04:09+00:00","dateModified":"2024-07-21T06:44:02+00:00","breadcrumb":{"@id":"https:\/\/nobird.com\/?page_id=422#breadcrumb"},"inLanguage":"fi","potentialAction":[{"@type":"ReadAction","target":["https:\/\/nobird.com\/?page_id=422"]}]},{"@type":"ImageObject","inLanguage":"fi","@id":"https:\/\/nobird.com\/?page_id=422#primaryimage","url":"https:\/\/nobird.com\/wp-content\/uploads\/2020\/09\/kohde2_1a-522x-240.jpg","contentUrl":"https:\/\/nobird.com\/wp-content\/uploads\/2020\/09\/kohde2_1a-522x-240.jpg","width":522,"height":347},{"@type":"BreadcrumbList","@id":"https:\/\/nobird.com\/?page_id=422#breadcrumb","itemListElement":[{"@type":"ListItem","position":1,"name":"Home","item":"https:\/\/nobird.com\/"},{"@type":"ListItem","position":2,"name":"Virastorakennus"}]},{"@type":"WebSite","@id":"https:\/\/nobird.com\/#website","url":"https:\/\/nobird.com\/","name":"No Birds - Bird Control Products","description":"","publisher":{"@id":"https:\/\/nobird.com\/#organization"},"potentialAction":[{"@type":"SearchAction","target":{"@type":"EntryPoint","urlTemplate":"https:\/\/nobird.com\/?s={search_term_string}"},"query-input":{"@type":"PropertyValueSpecification","valueRequired":true,"valueName":"search_term_string"}}],"inLanguage":"fi"},{"@type":"Organization","@id":"https:\/\/nobird.com\/#organization","name":"No Birds - Bird Control Products","url":"https:\/\/nobird.com\/","logo":{"@type":"ImageObject","inLanguage":"fi","@id":"https:\/\/nobird.com\/#\/schema\/logo\/image\/","url":"https:\/\/nobird.com\/wp-content\/uploads\/2020\/09\/cropped-logo-2.png","contentUrl":"https:\/\/nobird.com\/wp-content\/uploads\/2020\/09\/cropped-logo-2.png","width":282,"height":75,"caption":"No Birds - Bird Control Products"},"image":{"@id":"https:\/\/nobird.com\/#\/schema\/logo\/image\/"}}]}},"_links":{"self":[{"href":"https:\/\/nobird.com\/index.php?rest_route=\/wp\/v2\/pages\/422","targetHints":{"allow":["GET"]}}],"collection":[{"href":"https:\/\/nobird.com\/index.php?rest_route=\/wp\/v2\/pages"}],"about":[{"href":"https:\/\/nobird.com\/index.php?rest_route=\/wp\/v2\/types\/page"}],"author":[{"embeddable":true,"href":"https:\/\/nobird.com\/index.php?rest_route=\/wp\/v2\/users\/2"}],"replies":[{"embeddable":true,"href":"https:\/\/nobird.com\/index.php?rest_route=%2Fwp%2Fv2%2Fcomments&post=422"}],"version-history":[{"count":6,"href":"https:\/\/nobird.com\/index.php?rest_route=\/wp\/v2\/pages\/422\/revisions"}],"predecessor-version":[{"id":927,"href":"https:\/\/nobird.com\/index.php?rest_route=\/wp\/v2\/pages\/422\/revisions\/927"}],"wp:attachment":[{"href":"https:\/\/nobird.com\/index.php?rest_route=%2Fwp%2Fv2%2Fmedia&parent=422"}],"curies":[{"name":"wp","href":"https:\/\/api.w.org\/{rel}","templated":true}]}}