{"id":153,"date":"2018-10-25T11:27:47","date_gmt":"2018-10-25T11:27:47","guid":{"rendered":"https:\/\/futuriodemos.com\/woocommerce-fashion\/?page_id=153"},"modified":"2025-09-12T11:22:31","modified_gmt":"2025-09-12T11:22:31","slug":"contact","status":"publish","type":"page","link":"https:\/\/nobird.com\/?page_id=153","title":{"rendered":"Yhteystiedot"},"content":{"rendered":"\t\t<div data-elementor-type=\"wp-post\" data-elementor-id=\"153\" class=\"elementor elementor-153\">\n\t\t\t\t\t\t<section class=\"elementor-section elementor-top-section elementor-element elementor-element-a60a60b elementor-section-boxed elementor-section-height-default elementor-section-height-default\" data-id=\"a60a60b\" data-element_type=\"section\" data-e-type=\"section\" data-settings=\"{&quot;background_background&quot;:&quot;classic&quot;}\">\n\t\t\t\t\t\t\t<div class=\"elementor-background-overlay\"><\/div>\n\t\t\t\t\t\t\t<div class=\"elementor-container elementor-column-gap-default\">\n\t\t\t\t\t<div class=\"elementor-column elementor-col-100 elementor-top-column elementor-element elementor-element-56348db\" data-id=\"56348db\" data-element_type=\"column\" data-e-type=\"column\">\n\t\t\t<div class=\"elementor-widget-wrap elementor-element-populated\">\n\t\t\t\t\t\t<div class=\"elementor-element elementor-element-526154b elementor-widget elementor-widget-spacer\" data-id=\"526154b\" data-element_type=\"widget\" data-e-type=\"widget\" data-widget_type=\"spacer.default\">\n\t\t\t\t<div class=\"elementor-widget-container\">\n\t\t\t\t\t\t\t<div class=\"elementor-spacer\">\n\t\t\t<div class=\"elementor-spacer-inner\"><\/div>\n\t\t<\/div>\n\t\t\t\t\t\t<\/div>\n\t\t\t\t<\/div>\n\t\t\t\t<div class=\"elementor-element elementor-element-5e425d9 elementor-widget elementor-widget-heading\" data-id=\"5e425d9\" data-element_type=\"widget\" data-e-type=\"widget\" data-widget_type=\"heading.default\">\n\t\t\t\t<div class=\"elementor-widget-container\">\n\t\t\t\t\t<h2 class=\"elementor-heading-title elementor-size-default\">Ota meihin yhteytt\u00e4!<\/h2>\t\t\t\t<\/div>\n\t\t\t\t<\/div>\n\t\t\t\t\t<\/div>\n\t\t<\/div>\n\t\t\t\t\t<\/div>\n\t\t<\/section>\n\t\t\t\t<section class=\"elementor-section elementor-top-section elementor-element elementor-element-494fe39 elementor-section-boxed elementor-section-height-default elementor-section-height-default\" data-id=\"494fe39\" data-element_type=\"section\" data-e-type=\"section\" data-settings=\"{&quot;background_background&quot;:&quot;classic&quot;}\">\n\t\t\t\t\t\t\t<div class=\"elementor-background-overlay\"><\/div>\n\t\t\t\t\t\t\t<div class=\"elementor-container elementor-column-gap-default\">\n\t\t\t\t\t<div class=\"elementor-column elementor-col-50 elementor-top-column elementor-element elementor-element-cabccc4\" data-id=\"cabccc4\" data-element_type=\"column\" data-e-type=\"column\">\n\t\t\t<div class=\"elementor-widget-wrap elementor-element-populated\">\n\t\t\t\t\t\t<section class=\"elementor-section elementor-inner-section elementor-element elementor-element-cdc322a elementor-section-boxed elementor-section-height-default elementor-section-height-default\" data-id=\"cdc322a\" data-element_type=\"section\" data-e-type=\"section\">\n\t\t\t\t\t\t<div class=\"elementor-container elementor-column-gap-default\">\n\t\t\t\t\t<div class=\"elementor-column elementor-col-50 elementor-inner-column elementor-element elementor-element-7455b18\" data-id=\"7455b18\" data-element_type=\"column\" data-e-type=\"column\">\n\t\t\t<div class=\"elementor-widget-wrap elementor-element-populated\">\n\t\t\t\t\t\t<div class=\"elementor-element elementor-element-2dd857b elementor-widget elementor-widget-image\" data-id=\"2dd857b\" data-element_type=\"widget\" data-e-type=\"widget\" data-widget_type=\"image.default\">\n\t\t\t\t<div class=\"elementor-widget-container\">\n\t\t\t\t\t\t\t\t\t\t\t\t\t\t\t<img fetchpriority=\"high\" decoding=\"async\" width=\"225\" height=\"225\" src=\"https:\/\/nobird.com\/wp-content\/uploads\/2021\/04\/janne3.png\" class=\"attachment-large size-large wp-image-538\" alt=\"\" srcset=\"https:\/\/nobird.com\/wp-content\/uploads\/2021\/04\/janne3.png 225w, https:\/\/nobird.com\/wp-content\/uploads\/2021\/04\/janne3-100x100.png 100w, https:\/\/nobird.com\/wp-content\/uploads\/2021\/04\/janne3-64x64.png 64w, https:\/\/nobird.com\/wp-content\/uploads\/2021\/04\/janne3-150x150.png 150w\" sizes=\"(max-width: 225px) 100vw, 225px\" \/>\t\t\t\t\t\t\t\t\t\t\t\t\t\t\t<\/div>\n\t\t\t\t<\/div>\n\t\t\t\t\t<\/div>\n\t\t<\/div>\n\t\t\t\t<div class=\"elementor-column elementor-col-50 elementor-inner-column elementor-element elementor-element-efbc939\" data-id=\"efbc939\" data-element_type=\"column\" data-e-type=\"column\">\n\t\t\t<div class=\"elementor-widget-wrap elementor-element-populated\">\n\t\t\t\t\t\t<div class=\"elementor-element elementor-element-06c4be1 elementor-widget elementor-widget-heading\" data-id=\"06c4be1\" data-element_type=\"widget\" data-e-type=\"widget\" data-widget_type=\"heading.default\">\n\t\t\t\t<div class=\"elementor-widget-container\">\n\t\t\t\t\t<h2 class=\"elementor-heading-title elementor-size-default\">No Birds Myynti\u200b<\/h2>\t\t\t\t<\/div>\n\t\t\t\t<\/div>\n\t\t\t\t<div class=\"elementor-element elementor-element-cf4c48c elementor-widget elementor-widget-text-editor\" data-id=\"cf4c48c\" data-element_type=\"widget\" data-e-type=\"widget\" data-widget_type=\"text-editor.default\">\n\t\t\t\t<div class=\"elementor-widget-container\">\n\t\t\t\t\t\t\t\t\t<p><span style=\"font-weight: 700;\">Janne Heikkinen<\/span><br>0400-647 062<\/p>\n<p><a href=\"mailto:myynti@nobird.com\" target=\"_blank\" rel=\"noopener\" data-saferedirecturl=\"https:\/\/www.google.com\/url?q=https:\/\/webmail2.easylinehost.net\/imp\/dynamic.php?page%3Dmessage%26buid%3D1%26mailbox%3DSU5CT1guU2VudA%26token%3DQ106Uky9x7YgAEAU6dKEQvf%26uniq%3D1618301584843%23&amp;source=gmail&amp;ust=1618393434706000&amp;usg=AFQjCNGyWq6vuUMyeLEcxUpV9XrSLf3SLQ\">myynti@nobird.com<\/a><br><a href=\"http:\/\/www.nobird.com\/\" target=\"_blank\" rel=\"noopener\" data-saferedirecturl=\"https:\/\/www.google.com\/url?q=http:\/\/www.nobird.com\/&amp;source=gmail&amp;ust=1618393434706000&amp;usg=AFQjCNEgBSYyGp04hufaKaeAW3bZUkuw1Q\">www.nobird.com<\/a><\/p>\t\t\t\t\t\t\t\t<\/div>\n\t\t\t\t<\/div>\n\t\t\t\t\t<\/div>\n\t\t<\/div>\n\t\t\t\t\t<\/div>\n\t\t<\/section>\n\t\t\t\t\t<\/div>\n\t\t<\/div>\n\t\t\t\t<div class=\"elementor-column elementor-col-50 elementor-top-column elementor-element elementor-element-2128046\" data-id=\"2128046\" data-element_type=\"column\" data-e-type=\"column\">\n\t\t\t<div class=\"elementor-widget-wrap\">\n\t\t\t\t\t\t\t<\/div>\n\t\t<\/div>\n\t\t\t\t\t<\/div>\n\t\t<\/section>\n\t\t\t\t<section class=\"elementor-section elementor-top-section elementor-element elementor-element-903e516 elementor-section-boxed elementor-section-height-default elementor-section-height-default\" data-id=\"903e516\" data-element_type=\"section\" data-e-type=\"section\" data-settings=\"{&quot;background_background&quot;:&quot;classic&quot;}\">\n\t\t\t\t\t\t\t<div class=\"elementor-background-overlay\"><\/div>\n\t\t\t\t\t\t\t<div class=\"elementor-container elementor-column-gap-default\">\n\t\t\t\t\t<div class=\"elementor-column elementor-col-100 elementor-top-column elementor-element elementor-element-29719f8\" data-id=\"29719f8\" data-element_type=\"column\" data-e-type=\"column\">\n\t\t\t<div class=\"elementor-widget-wrap elementor-element-populated\">\n\t\t\t\t\t\t<div class=\"elementor-element elementor-element-d8ecd62 elementor-widget elementor-widget-text-editor\" data-id=\"d8ecd62\" data-element_type=\"widget\" data-e-type=\"widget\" data-widget_type=\"text-editor.default\">\n\t\t\t\t<div class=\"elementor-widget-container\">\n\t\t\t\t\t\t\t\t\t<p>Kysytt\u00e4v\u00e4\u00e4 tuotteista? Haluatko tarjouspyynn\u00f6n?<\/p><p>Ota yhteytt\u00e4 alla olevalla lomakkeella!<\/p>\t\t\t\t\t\t\t\t<\/div>\n\t\t\t\t<\/div>\n\t\t\t\t<div class=\"elementor-element elementor-element-4b0ddd6 elementor-widget elementor-widget-wpforms\" data-id=\"4b0ddd6\" data-element_type=\"widget\" data-e-type=\"widget\" data-widget_type=\"wpforms.default\">\n\t\t\t\t<div class=\"elementor-widget-container\">\n\t\t\t\t\t<div class=\"wpforms-container wpforms-container-full wpforms-render-modern\" id=\"wpforms-637\"><form id=\"wpforms-form-637\" class=\"wpforms-validate wpforms-form wpforms-ajax-form\" data-formid=\"637\" method=\"post\" enctype=\"multipart\/form-data\" action=\"\/index.php?rest_route=%2Fwp%2Fv2%2Fpages%2F153\" data-token=\"0ef56f208fa41945d5380dcfd30f69b2\" data-token-time=\"1777730900\"><noscript class=\"wpforms-error-noscript\">Please enable JavaScript in your browser to complete this form.<\/noscript><div id=\"wpforms-error-noscript\" style=\"display: none;\">Please enable JavaScript in your browser to complete this form.<\/div><div class=\"wpforms-field-container\"><div id=\"wpforms-637-field_0-container\" class=\"wpforms-field wpforms-field-name\" data-field-id=\"0\"><label class=\"wpforms-field-label\" for=\"wpforms-637-field_0\">Nimesi <span class=\"wpforms-required-label\" aria-hidden=\"true\">*<\/span><\/label><input type=\"text\" id=\"wpforms-637-field_0\" class=\"wpforms-field-medium wpforms-field-required\" name=\"wpforms[fields][0]\" aria-errormessage=\"wpforms-637-field_0-error\" required><\/div><div id=\"wpforms-637-field_1-container\" class=\"wpforms-field wpforms-field-email\" data-field-id=\"1\"><label class=\"wpforms-field-label\" for=\"wpforms-637-field_1\">Email osoitteesi <span class=\"wpforms-required-label\" aria-hidden=\"true\">*<\/span><\/label><input type=\"email\" id=\"wpforms-637-field_1\" class=\"wpforms-field-medium wpforms-field-required\" name=\"wpforms[fields][1]\" spellcheck=\"false\" aria-errormessage=\"wpforms-637-field_1-error\" required><\/div><div id=\"wpforms-637-field_3-container\" class=\"wpforms-field wpforms-field-number\" data-field-id=\"3\"><label class=\"wpforms-field-label\" for=\"wpforms-637-field_3\">Puhelinnumero<\/label><input type=\"number\" id=\"wpforms-637-field_3\" class=\"wpforms-field-small\" name=\"wpforms[fields][3]\" placeholder=\"ei pakollinen kentt\u00e4\" step=\"any\" aria-errormessage=\"wpforms-637-field_3-error\" ><\/div><div id=\"wpforms-637-field_2-container\" class=\"wpforms-field wpforms-field-textarea\" data-field-id=\"2\"><label class=\"wpforms-field-label\" for=\"wpforms-637-field_2\">Viestisi<\/label><textarea id=\"wpforms-637-field_2\" class=\"wpforms-field-medium\" name=\"wpforms[fields][2]\" aria-errormessage=\"wpforms-637-field_2-error\" ><\/textarea><\/div><\/div><!-- .wpforms-field-container --><div class=\"wpforms-submit-container\" ><input type=\"hidden\" name=\"wpforms[id]\" value=\"637\"><input type=\"hidden\" name=\"page_title\" value=\"\"><input type=\"hidden\" name=\"page_url\" value=\"https:\/\/nobird.com\/index.php?rest_route=\/wp\/v2\/pages\/153\"><input type=\"hidden\" name=\"url_referer\" value=\"\"><button type=\"submit\" name=\"wpforms[submit]\" id=\"wpforms-submit-637\" class=\"wpforms-submit\" data-alt-text=\"L\u00e4hetet\u00e4\u00e4n..\" data-submit-text=\"L\u00e4het\u00e4\" aria-live=\"assertive\" value=\"wpforms-submit\">L\u00e4het\u00e4<\/button><img decoding=\"async\" src=\"https:\/\/nobird.com\/wp-content\/plugins\/wpforms-lite\/assets\/images\/submit-spin.svg\" class=\"wpforms-submit-spinner\" style=\"display: none;\" width=\"26\" height=\"26\" alt=\"Loading\"><\/div><\/form><\/div>  <!-- .wpforms-container -->\t\t\t\t<\/div>\n\t\t\t\t<\/div>\n\t\t\t\t\t<\/div>\n\t\t<\/div>\n\t\t\t\t\t<\/div>\n\t\t<\/section>\n\t\t\t\t<section class=\"elementor-section elementor-top-section elementor-element elementor-element-ed935a3 elementor-section-boxed elementor-section-height-default elementor-section-height-default\" data-id=\"ed935a3\" data-element_type=\"section\" data-e-type=\"section\" data-settings=\"{&quot;background_background&quot;:&quot;classic&quot;}\">\n\t\t\t\t\t\t\t<div class=\"elementor-background-overlay\"><\/div>\n\t\t\t\t\t\t\t<div class=\"elementor-container elementor-column-gap-default\">\n\t\t\t\t\t<div class=\"elementor-column elementor-col-50 elementor-top-column elementor-element elementor-element-17ce592\" data-id=\"17ce592\" data-element_type=\"column\" data-e-type=\"column\">\n\t\t\t<div class=\"elementor-widget-wrap elementor-element-populated\">\n\t\t\t\t\t\t<div class=\"elementor-element elementor-element-8b9fecb elementor-widget elementor-widget-heading\" data-id=\"8b9fecb\" data-element_type=\"widget\" data-e-type=\"widget\" data-widget_type=\"heading.default\">\n\t\t\t\t<div class=\"elementor-widget-container\">\n\t\t\t\t\t<h3 class=\"elementor-heading-title elementor-size-default\">Sijainti<\/h3>\t\t\t\t<\/div>\n\t\t\t\t<\/div>\n\t\t\t\t<div class=\"elementor-element elementor-element-efa97af elementor-widget elementor-widget-text-editor\" data-id=\"efa97af\" data-element_type=\"widget\" data-e-type=\"widget\" data-widget_type=\"text-editor.default\">\n\t\t\t\t<div class=\"elementor-widget-container\">\n\t\t\t\t\t\t\t\t\t<p>Kotimets\u00e4ntie 16<br \/>04620 M\u00e4nts\u00e4l\u00e4\u00a0<\/p>\t\t\t\t\t\t\t\t<\/div>\n\t\t\t\t<\/div>\n\t\t\t\t<div class=\"elementor-element elementor-element-535137e elementor-widget elementor-widget-heading\" data-id=\"535137e\" data-element_type=\"widget\" data-e-type=\"widget\" data-widget_type=\"heading.default\">\n\t\t\t\t<div class=\"elementor-widget-container\">\n\t\t\t\t\t<h3 class=\"elementor-heading-title elementor-size-default\">Ota yhteytt\u00e4<\/h3>\t\t\t\t<\/div>\n\t\t\t\t<\/div>\n\t\t\t\t<div class=\"elementor-element elementor-element-f889a34 elementor-widget elementor-widget-text-editor\" data-id=\"f889a34\" data-element_type=\"widget\" data-e-type=\"widget\" data-widget_type=\"text-editor.default\">\n\t\t\t\t<div class=\"elementor-widget-container\">\n\t\t\t\t\t\t\t\t\t<p>myynti@nobird.com<br \/>0400 264 240<\/p>\t\t\t\t\t\t\t\t<\/div>\n\t\t\t\t<\/div>\n\t\t\t\t\t<\/div>\n\t\t<\/div>\n\t\t\t\t<div class=\"elementor-column elementor-col-50 elementor-top-column elementor-element elementor-element-b301212\" data-id=\"b301212\" data-element_type=\"column\" data-e-type=\"column\">\n\t\t\t<div class=\"elementor-widget-wrap elementor-element-populated\">\n\t\t\t\t\t\t<div class=\"elementor-element elementor-element-9db4abb elementor-widget elementor-widget-google_maps\" data-id=\"9db4abb\" data-element_type=\"widget\" data-e-type=\"widget\" data-widget_type=\"google_maps.default\">\n\t\t\t\t<div class=\"elementor-widget-container\">\n\t\t\t\t\t\t\t<div class=\"elementor-custom-embed\">\n\t\t\t<iframe loading=\"lazy\"\n\t\t\t\t\tsrc=\"https:\/\/maps.google.com\/maps?q=Kotimets%C3%A4ntie%2016%2C%20m%C3%A4nts%C3%A4l%C3%A4&#038;t=m&#038;z=11&#038;output=embed&#038;iwloc=near\"\n\t\t\t\t\ttitle=\"Kotimets\u00e4ntie 16, m\u00e4nts\u00e4l\u00e4\"\n\t\t\t\t\taria-label=\"Kotimets\u00e4ntie 16, m\u00e4nts\u00e4l\u00e4\"\n\t\t\t><\/iframe>\n\t\t<\/div>\n\t\t\t\t\t\t<\/div>\n\t\t\t\t<\/div>\n\t\t\t\t<div class=\"elementor-element elementor-element-1e0b5ad elementor-align-center elementor-widget elementor-widget-button\" data-id=\"1e0b5ad\" data-element_type=\"widget\" data-e-type=\"widget\" data-widget_type=\"button.default\">\n\t\t\t\t<div class=\"elementor-widget-container\">\n\t\t\t\t\t\t\t\t\t<div class=\"elementor-button-wrapper\">\n\t\t\t\t\t<a class=\"elementor-button elementor-button-link elementor-size-md elementor-animation-float\" href=\"#envato-kit-99-map\">\n\t\t\t\t\t\t<span class=\"elementor-button-content-wrapper\">\n\t\t\t\t\t\t\t\t\t<span class=\"elementor-button-text\">View Larger Map<\/span>\n\t\t\t\t\t<\/span>\n\t\t\t\t\t<\/a>\n\t\t\t\t<\/div>\n\t\t\t\t\t\t\t\t<\/div>\n\t\t\t\t<\/div>\n\t\t\t\t\t<\/div>\n\t\t<\/div>\n\t\t\t\t\t<\/div>\n\t\t<\/section>\n\t\t\t\t<\/div>\n\t\t","protected":false},"excerpt":{"rendered":"<p>Ota meihin yhteytt\u00e4! No Birds Myynti\u200b Janne Heikkinen0400-647 062 myynti@nobird.comwww.nobird.com Kysytt\u00e4v\u00e4\u00e4 tuotteista? Haluatko tarjouspyynn\u00f6n? Ota yhteytt\u00e4 alla olevalla lomakkeella! Please enable JavaScript in your browser to complete this form.Please enable JavaScript in your browser to complete this form.Nimesi *Email osoitteesi *PuhelinnumeroViestisi L\u00e4het\u00e4 Sijainti Kotimets\u00e4ntie 1604620 M\u00e4nts\u00e4l\u00e4\u00a0 Ota yhteytt\u00e4 myynti@nobird.com0400 264 240 View Larger Map<\/p>\n","protected":false},"author":2,"featured_media":0,"parent":0,"menu_order":0,"comment_status":"closed","ping_status":"closed","template":"","meta":{"footnotes":""},"class_list":["post-153","page","type-page","status-publish","hentry"],"yoast_head":"<!-- This site is optimized with the Yoast SEO plugin v27.4 - https:\/\/yoast.com\/product\/yoast-seo-wordpress\/ -->\n<title>Yhteystiedot - No Birds - Bird Control Products<\/title>\n<meta name=\"robots\" content=\"index, follow, max-snippet:-1, max-image-preview:large, max-video-preview:-1\" \/>\n<link rel=\"canonical\" href=\"https:\/\/nobird.com\/?page_id=153\" \/>\n<meta property=\"og:locale\" content=\"fi_FI\" \/>\n<meta property=\"og:type\" content=\"article\" \/>\n<meta property=\"og:title\" content=\"Yhteystiedot - No Birds - Bird Control Products\" \/>\n<meta property=\"og:description\" content=\"Ota meihin yhteytt\u00e4! No Birds Myynti\u200b Janne Heikkinen0400-647 062 myynti@nobird.comwww.nobird.com Kysytt\u00e4v\u00e4\u00e4 tuotteista? Haluatko tarjouspyynn\u00f6n? Ota yhteytt\u00e4 alla olevalla lomakkeella! Please enable JavaScript in your browser to complete this form.Please enable JavaScript in your browser to complete this form.Nimesi *Email osoitteesi *PuhelinnumeroViestisi L\u00e4het\u00e4 Sijainti Kotimets\u00e4ntie 1604620 M\u00e4nts\u00e4l\u00e4\u00a0 Ota yhteytt\u00e4 myynti@nobird.com0400 264 240 View Larger Map\" \/>\n<meta property=\"og:url\" content=\"https:\/\/nobird.com\/?page_id=153\" \/>\n<meta property=\"og:site_name\" content=\"No Birds - Bird Control Products\" \/>\n<meta property=\"article:modified_time\" content=\"2025-09-12T11:22:31+00:00\" \/>\n<meta property=\"og:image\" content=\"https:\/\/nobird.com\/wp-content\/uploads\/2021\/04\/janne3.png\" \/>\n<meta name=\"twitter:card\" content=\"summary_large_image\" \/>\n<meta name=\"twitter:label1\" content=\"Arvioitu lukuaika\" \/>\n\t<meta name=\"twitter:data1\" content=\"1 minuutti\" \/>\n<script type=\"application\/ld+json\" class=\"yoast-schema-graph\">{\"@context\":\"https:\\\/\\\/schema.org\",\"@graph\":[{\"@type\":\"WebPage\",\"@id\":\"https:\\\/\\\/nobird.com\\\/?page_id=153\",\"url\":\"https:\\\/\\\/nobird.com\\\/?page_id=153\",\"name\":\"Yhteystiedot - No Birds - Bird Control Products\",\"isPartOf\":{\"@id\":\"https:\\\/\\\/nobird.com\\\/#website\"},\"primaryImageOfPage\":{\"@id\":\"https:\\\/\\\/nobird.com\\\/?page_id=153#primaryimage\"},\"image\":{\"@id\":\"https:\\\/\\\/nobird.com\\\/?page_id=153#primaryimage\"},\"thumbnailUrl\":\"https:\\\/\\\/nobird.com\\\/wp-content\\\/uploads\\\/2021\\\/04\\\/janne3.png\",\"datePublished\":\"2018-10-25T11:27:47+00:00\",\"dateModified\":\"2025-09-12T11:22:31+00:00\",\"breadcrumb\":{\"@id\":\"https:\\\/\\\/nobird.com\\\/?page_id=153#breadcrumb\"},\"inLanguage\":\"fi\",\"potentialAction\":[{\"@type\":\"ReadAction\",\"target\":[\"https:\\\/\\\/nobird.com\\\/?page_id=153\"]}]},{\"@type\":\"ImageObject\",\"inLanguage\":\"fi\",\"@id\":\"https:\\\/\\\/nobird.com\\\/?page_id=153#primaryimage\",\"url\":\"https:\\\/\\\/nobird.com\\\/wp-content\\\/uploads\\\/2021\\\/04\\\/janne3.png\",\"contentUrl\":\"https:\\\/\\\/nobird.com\\\/wp-content\\\/uploads\\\/2021\\\/04\\\/janne3.png\",\"width\":225,\"height\":225},{\"@type\":\"BreadcrumbList\",\"@id\":\"https:\\\/\\\/nobird.com\\\/?page_id=153#breadcrumb\",\"itemListElement\":[{\"@type\":\"ListItem\",\"position\":1,\"name\":\"Home\",\"item\":\"https:\\\/\\\/nobird.com\\\/\"},{\"@type\":\"ListItem\",\"position\":2,\"name\":\"Yhteystiedot\"}]},{\"@type\":\"WebSite\",\"@id\":\"https:\\\/\\\/nobird.com\\\/#website\",\"url\":\"https:\\\/\\\/nobird.com\\\/\",\"name\":\"No Birds - Bird Control Products\",\"description\":\"\",\"publisher\":{\"@id\":\"https:\\\/\\\/nobird.com\\\/#organization\"},\"potentialAction\":[{\"@type\":\"SearchAction\",\"target\":{\"@type\":\"EntryPoint\",\"urlTemplate\":\"https:\\\/\\\/nobird.com\\\/?s={search_term_string}\"},\"query-input\":{\"@type\":\"PropertyValueSpecification\",\"valueRequired\":true,\"valueName\":\"search_term_string\"}}],\"inLanguage\":\"fi\"},{\"@type\":\"Organization\",\"@id\":\"https:\\\/\\\/nobird.com\\\/#organization\",\"name\":\"No Birds - Bird Control Products\",\"url\":\"https:\\\/\\\/nobird.com\\\/\",\"logo\":{\"@type\":\"ImageObject\",\"inLanguage\":\"fi\",\"@id\":\"https:\\\/\\\/nobird.com\\\/#\\\/schema\\\/logo\\\/image\\\/\",\"url\":\"https:\\\/\\\/nobird.com\\\/wp-content\\\/uploads\\\/2020\\\/09\\\/cropped-logo-2.png\",\"contentUrl\":\"https:\\\/\\\/nobird.com\\\/wp-content\\\/uploads\\\/2020\\\/09\\\/cropped-logo-2.png\",\"width\":282,\"height\":75,\"caption\":\"No Birds - Bird Control Products\"},\"image\":{\"@id\":\"https:\\\/\\\/nobird.com\\\/#\\\/schema\\\/logo\\\/image\\\/\"}}]}<\/script>\n<!-- \/ Yoast SEO plugin. -->","yoast_head_json":{"title":"Yhteystiedot - No Birds - Bird Control Products","robots":{"index":"index","follow":"follow","max-snippet":"max-snippet:-1","max-image-preview":"max-image-preview:large","max-video-preview":"max-video-preview:-1"},"canonical":"https:\/\/nobird.com\/?page_id=153","og_locale":"fi_FI","og_type":"article","og_title":"Yhteystiedot - No Birds - Bird Control Products","og_description":"Ota meihin yhteytt\u00e4! No Birds Myynti\u200b Janne Heikkinen0400-647 062 myynti@nobird.comwww.nobird.com Kysytt\u00e4v\u00e4\u00e4 tuotteista? Haluatko tarjouspyynn\u00f6n? Ota yhteytt\u00e4 alla olevalla lomakkeella! Please enable JavaScript in your browser to complete this form.Please enable JavaScript in your browser to complete this form.Nimesi *Email osoitteesi *PuhelinnumeroViestisi L\u00e4het\u00e4 Sijainti Kotimets\u00e4ntie 1604620 M\u00e4nts\u00e4l\u00e4\u00a0 Ota yhteytt\u00e4 myynti@nobird.com0400 264 240 View Larger Map","og_url":"https:\/\/nobird.com\/?page_id=153","og_site_name":"No Birds - Bird Control Products","article_modified_time":"2025-09-12T11:22:31+00:00","og_image":[{"url":"https:\/\/nobird.com\/wp-content\/uploads\/2021\/04\/janne3.png","type":"","width":"","height":""}],"twitter_card":"summary_large_image","twitter_misc":{"Arvioitu lukuaika":"1 minuutti"},"schema":{"@context":"https:\/\/schema.org","@graph":[{"@type":"WebPage","@id":"https:\/\/nobird.com\/?page_id=153","url":"https:\/\/nobird.com\/?page_id=153","name":"Yhteystiedot - No Birds - Bird Control Products","isPartOf":{"@id":"https:\/\/nobird.com\/#website"},"primaryImageOfPage":{"@id":"https:\/\/nobird.com\/?page_id=153#primaryimage"},"image":{"@id":"https:\/\/nobird.com\/?page_id=153#primaryimage"},"thumbnailUrl":"https:\/\/nobird.com\/wp-content\/uploads\/2021\/04\/janne3.png","datePublished":"2018-10-25T11:27:47+00:00","dateModified":"2025-09-12T11:22:31+00:00","breadcrumb":{"@id":"https:\/\/nobird.com\/?page_id=153#breadcrumb"},"inLanguage":"fi","potentialAction":[{"@type":"ReadAction","target":["https:\/\/nobird.com\/?page_id=153"]}]},{"@type":"ImageObject","inLanguage":"fi","@id":"https:\/\/nobird.com\/?page_id=153#primaryimage","url":"https:\/\/nobird.com\/wp-content\/uploads\/2021\/04\/janne3.png","contentUrl":"https:\/\/nobird.com\/wp-content\/uploads\/2021\/04\/janne3.png","width":225,"height":225},{"@type":"BreadcrumbList","@id":"https:\/\/nobird.com\/?page_id=153#breadcrumb","itemListElement":[{"@type":"ListItem","position":1,"name":"Home","item":"https:\/\/nobird.com\/"},{"@type":"ListItem","position":2,"name":"Yhteystiedot"}]},{"@type":"WebSite","@id":"https:\/\/nobird.com\/#website","url":"https:\/\/nobird.com\/","name":"No Birds - Bird Control Products","description":"","publisher":{"@id":"https:\/\/nobird.com\/#organization"},"potentialAction":[{"@type":"SearchAction","target":{"@type":"EntryPoint","urlTemplate":"https:\/\/nobird.com\/?s={search_term_string}"},"query-input":{"@type":"PropertyValueSpecification","valueRequired":true,"valueName":"search_term_string"}}],"inLanguage":"fi"},{"@type":"Organization","@id":"https:\/\/nobird.com\/#organization","name":"No Birds - Bird Control Products","url":"https:\/\/nobird.com\/","logo":{"@type":"ImageObject","inLanguage":"fi","@id":"https:\/\/nobird.com\/#\/schema\/logo\/image\/","url":"https:\/\/nobird.com\/wp-content\/uploads\/2020\/09\/cropped-logo-2.png","contentUrl":"https:\/\/nobird.com\/wp-content\/uploads\/2020\/09\/cropped-logo-2.png","width":282,"height":75,"caption":"No Birds - Bird Control Products"},"image":{"@id":"https:\/\/nobird.com\/#\/schema\/logo\/image\/"}}]}},"_links":{"self":[{"href":"https:\/\/nobird.com\/index.php?rest_route=\/wp\/v2\/pages\/153","targetHints":{"allow":["GET"]}}],"collection":[{"href":"https:\/\/nobird.com\/index.php?rest_route=\/wp\/v2\/pages"}],"about":[{"href":"https:\/\/nobird.com\/index.php?rest_route=\/wp\/v2\/types\/page"}],"author":[{"embeddable":true,"href":"https:\/\/nobird.com\/index.php?rest_route=\/wp\/v2\/users\/2"}],"replies":[{"embeddable":true,"href":"https:\/\/nobird.com\/index.php?rest_route=%2Fwp%2Fv2%2Fcomments&post=153"}],"version-history":[{"count":59,"href":"https:\/\/nobird.com\/index.php?rest_route=\/wp\/v2\/pages\/153\/revisions"}],"predecessor-version":[{"id":1152,"href":"https:\/\/nobird.com\/index.php?rest_route=\/wp\/v2\/pages\/153\/revisions\/1152"}],"wp:attachment":[{"href":"https:\/\/nobird.com\/index.php?rest_route=%2Fwp%2Fv2%2Fmedia&parent=153"}],"curies":[{"name":"wp","href":"https:\/\/api.w.org\/{rel}","templated":true}]}}